{"id":755,"date":"2014-12-22T22:42:43","date_gmt":"2014-12-22T21:42:43","guid":{"rendered":"http:\/\/neu.kredit-vergleich24.com\/?page_id=755"},"modified":"2017-09-11T18:24:13","modified_gmt":"2017-09-11T17:24:13","slug":"adac","status":"publish","type":"page","link":"http:\/\/www.das-elena-verfahren.de\/kreditvergleich\/adac\/","title":{"rendered":"ADAC Kredit"},"content":{"rendered":"<p>&nbsp;<\/p>\n<p><img loading=\"lazy\" decoding=\"async\" class=\"logogross aligncenter wp-image-838 size-full\" src=\"http:\/\/www.das-elena-verfahren.de\/kreditvergleich\/wp-content\/uploads\/adac-e1464684104113.jpg\" alt=\"adac\" width=\"1170\" height=\"391\" srcset=\"http:\/\/www.das-elena-verfahren.de\/kreditvergleich\/wp-content\/uploads\/adac-e1464684104113.jpg 1170w, http:\/\/www.das-elena-verfahren.de\/kreditvergleich\/wp-content\/uploads\/adac-e1464684104113-300x100.jpg 300w, http:\/\/www.das-elena-verfahren.de\/kreditvergleich\/wp-content\/uploads\/adac-e1464684104113-1024x342.jpg 1024w, http:\/\/www.das-elena-verfahren.de\/kreditvergleich\/wp-content\/uploads\/adac-e1464684104113-768x257.jpg 768w\" sizes=\"auto, (max-width: 1170px) 100vw, 1170px\" \/><\/p>\n<h2>Kredite des ADAC<\/h2>\n<p>Der ADAC ist nicht nur als gr\u00f6\u00dfter Automobilclub Europas, sondern auch als Finanzierungsinstitut bekannt, das sich auf die Bereitstellung von Darlehen f\u00fcr den Autokauf spezialisiert. Der ADAC <a title=\"Autokredit\" href=\"http:\/\/www.das-elena-verfahren.de\/kreditvergleich\/autokredit\/\">Autokredit<\/a> bietet exzellente Konditionen und flexible Kreditsummen. So erhalten Kreditnehmer sehr g\u00fcnstige effektive Zinss\u00e4tze. Voraussetzung f\u00fcr diese Zinskondition ist die Beantragung eines Autokredits mit einer Laufzeit zwischen 12 und 84 Monaten. Die Beantragung eines Autokredits erfolgt bequem \u00fcber unseren <a title=\"Kreditvergleich\" href=\"http:\/\/www.das-elena-verfahren.de\/kreditvergleich\/\">Kreditvergleich<\/a> und ist in wenigen Minuten erledigt.<\/p>\n<p>Zudem stellt der ADAC Kreditkarten bereit, die mit einigen Vorteilen verbunden sind. Es gibt drei Arten von Kreditkarten \u2013 Gold, Silber und Clubmobil. Die Kreditkarten k\u00f6nnen als Einzel- oder Doppelkarten von VISA und MasterCard bestellt werden. Neben einem weltweit g\u00fcltigen, dreiprozentigen Tankrabatt zeichnen sich diese Zahlungsmittel u. a. durch einen geringen Jahrespreis und Rabatte f\u00fcr Versicherungen bzw. Sitzplatzreservierungen f\u00fcr Fl\u00fcge, Bahntickets und Bustickets aus.<\/p>\n<p>Die Kreditkarten und der Autokredit von ADAC k\u00f6nnen in der Regel direkt online beantragt werden. Anschlie\u00dfend erfolgt die direkte Zusendung der Kreditkarten oder des Kreditvertrags, der anschlie\u00dfend via Postident-Verfahren an den ADAC zur\u00fcckgeschickt werden muss. Alternativ zum Online-Antrag des Autokredits vom ADAC bieten auch einige Filialen von Kreditvermittlern und direkt vom Automobilclub im Rahmen eines Beratungstermins die M\u00f6glichkeit, ein Darlehen f\u00fcr den Autokauf zu beantragen.<\/p>\n<div class=\"vornach\">\n<div class=\"vorteil\">\n<div class=\"vplus\">+<\/div>\n<ul>\n<li>Exzellente Zinss\u00e4tze<\/li>\n<li>Transparenz im h\u00f6chsten Ma\u00dfe<\/li>\n<li>Faire Konditionen<\/li>\n<li>Drei verschiedene Kreditkarten<\/li>\n<li>Tankrabatt und weitere Rabatte<\/li>\n<li>Toller Kundenservice<\/li>\n<li>\u00dcbersichtlich gestaltet Website<\/li>\n<li>Kombination mit Versicherung<\/li>\n<li>Verbraucherschutz<\/li>\n<\/ul>\n<\/div>\n<div class=\"nachteil\">\n<div class=\"vminus\">&#8211;<\/div>\n<ul>\n<li>Nur wenige Finanzprodukte<\/li>\n<li>Teils komplizierte Beantragung<\/li>\n<li>Mitgliedschaft teils vorausgesetzt<\/li>\n<\/ul>\n<\/div>\n<\/div>\n<div style=\"clear: both;\"><\/div>\n<h3>Allgemeine Informationen zum ADAC<\/h3>\n<p>Der ADAC ist ein im Jahre 1903 in Stuttgart gegr\u00fcndeter Automobilclub, der im deutschen Vereinsregister unter dem Namen Allgemeine Deutsche Automobil-Club e. V. eingetragen ist. Der heutige Sitz des ADAC befindet sich in M\u00fcnchen. Mit rund 8.600 Mitarbeitern betreut der Automobilclub mehrere Einsatzfahrzeuge und Hubschrauber, die im Notfall zum Einsatz kommen. Die Mitgliederzahl bel\u00e4uft sich auf rund 19 Millionen. Es handelt sich beim ADAC um den ersten Automobilclub in Deutschland, der auch Kreditprodukte und Versicherungen bereitstellt.<\/p>\n","protected":false},"excerpt":{"rendered":"<p>&nbsp; Kredite des ADAC Der ADAC ist nicht nur als gr\u00f6\u00dfter Automobilclub Europas, sondern auch als Finanzierungsinstitut bekannt, das sich auf die Bereitstellung von Darlehen f\u00fcr den Autokauf spezialisiert. Der ADAC Autokredit bietet exzellente Konditionen und flexible Kreditsummen. So erhalten Kreditnehmer sehr g\u00fcnstige effektive Zinss\u00e4tze. Voraussetzung f\u00fcr diese Zinskondition ist die Beantragung eines Autokredits mit [&hellip;]<\/p>\n","protected":false},"author":2,"featured_media":0,"parent":0,"menu_order":0,"comment_status":"open","ping_status":"closed","template":"","meta":{"_acf_changed":false,"footnotes":""},"class_list":["post-755","page","type-page","status-publish","hentry"],"acf":[],"yoast_head":"<!-- This site is optimized with the Yoast SEO plugin v24.6 - https:\/\/yoast.com\/wordpress\/plugins\/seo\/ -->\n<title>Kredite des ADAC \u25b7 G\u00fcnstige Zinsen vom Automobil-Club<\/title>\n<meta name=\"robots\" content=\"index, follow, max-snippet:-1, max-image-preview:large, max-video-preview:-1\" \/>\n<link rel=\"canonical\" href=\"https:\/\/www.kredit-vergleich24.com\/adac\/\" \/>\n<meta name=\"twitter:label1\" content=\"Gesch\u00e4tzte Lesezeit\" \/>\n\t<meta name=\"twitter:data1\" content=\"2\u00a0Minuten\" \/>\n<script type=\"application\/ld+json\" class=\"yoast-schema-graph\">{\"@context\":\"https:\/\/schema.org\",\"@graph\":[{\"@type\":\"WebPage\",\"@id\":\"http:\/\/www.das-elena-verfahren.de\/kreditvergleich\/adac\/\",\"url\":\"https:\/\/www.kredit-vergleich24.com\/adac\/\",\"name\":\"Kredite des ADAC \u25b7 G\u00fcnstige Zinsen vom Automobil-Club\",\"isPartOf\":{\"@id\":\"http:\/\/www.das-elena-verfahren.de\/kreditvergleich\/#website\"},\"primaryImageOfPage\":{\"@id\":\"https:\/\/www.kredit-vergleich24.com\/adac\/#primaryimage\"},\"image\":{\"@id\":\"https:\/\/www.kredit-vergleich24.com\/adac\/#primaryimage\"},\"thumbnailUrl\":\"http:\/\/www.das-elena-verfahren.de\/kreditvergleich\/wp-content\/uploads\/adac-e1464684104113.jpg\",\"datePublished\":\"2014-12-22T21:42:43+00:00\",\"dateModified\":\"2017-09-11T17:24:13+00:00\",\"breadcrumb\":{\"@id\":\"https:\/\/www.kredit-vergleich24.com\/adac\/#breadcrumb\"},\"inLanguage\":\"de\",\"potentialAction\":[{\"@type\":\"ReadAction\",\"target\":[\"https:\/\/www.kredit-vergleich24.com\/adac\/\"]}]},{\"@type\":\"ImageObject\",\"inLanguage\":\"de\",\"@id\":\"https:\/\/www.kredit-vergleich24.com\/adac\/#primaryimage\",\"url\":\"http:\/\/www.das-elena-verfahren.de\/kreditvergleich\/wp-content\/uploads\/adac-e1464684104113.jpg\",\"contentUrl\":\"http:\/\/www.das-elena-verfahren.de\/kreditvergleich\/wp-content\/uploads\/adac-e1464684104113.jpg\",\"width\":1170,\"height\":391},{\"@type\":\"BreadcrumbList\",\"@id\":\"https:\/\/www.kredit-vergleich24.com\/adac\/#breadcrumb\",\"itemListElement\":[{\"@type\":\"ListItem\",\"position\":1,\"name\":\"Startseite\",\"item\":\"http:\/\/www.das-elena-verfahren.de\/kreditvergleich\/\"},{\"@type\":\"ListItem\",\"position\":2,\"name\":\"ADAC Kredit\"}]},{\"@type\":\"WebSite\",\"@id\":\"http:\/\/www.das-elena-verfahren.de\/kreditvergleich\/#website\",\"url\":\"http:\/\/www.das-elena-verfahren.de\/kreditvergleich\/\",\"name\":\"Kredit-Vergleich24.com\",\"description\":\"Kreditvergleich kostenlos\",\"potentialAction\":[{\"@type\":\"SearchAction\",\"target\":{\"@type\":\"EntryPoint\",\"urlTemplate\":\"http:\/\/www.das-elena-verfahren.de\/kreditvergleich\/?s={search_term_string}\"},\"query-input\":{\"@type\":\"PropertyValueSpecification\",\"valueRequired\":true,\"valueName\":\"search_term_string\"}}],\"inLanguage\":\"de\"}]}<\/script>\n<!-- \/ Yoast SEO plugin. -->","yoast_head_json":{"title":"Kredite des ADAC \u25b7 G\u00fcnstige Zinsen vom Automobil-Club","robots":{"index":"index","follow":"follow","max-snippet":"max-snippet:-1","max-image-preview":"max-image-preview:large","max-video-preview":"max-video-preview:-1"},"canonical":"https:\/\/www.kredit-vergleich24.com\/adac\/","twitter_misc":{"Gesch\u00e4tzte Lesezeit":"2\u00a0Minuten"},"schema":{"@context":"https:\/\/schema.org","@graph":[{"@type":"WebPage","@id":"http:\/\/www.das-elena-verfahren.de\/kreditvergleich\/adac\/","url":"https:\/\/www.kredit-vergleich24.com\/adac\/","name":"Kredite des ADAC \u25b7 G\u00fcnstige Zinsen vom Automobil-Club","isPartOf":{"@id":"http:\/\/www.das-elena-verfahren.de\/kreditvergleich\/#website"},"primaryImageOfPage":{"@id":"https:\/\/www.kredit-vergleich24.com\/adac\/#primaryimage"},"image":{"@id":"https:\/\/www.kredit-vergleich24.com\/adac\/#primaryimage"},"thumbnailUrl":"http:\/\/www.das-elena-verfahren.de\/kreditvergleich\/wp-content\/uploads\/adac-e1464684104113.jpg","datePublished":"2014-12-22T21:42:43+00:00","dateModified":"2017-09-11T17:24:13+00:00","breadcrumb":{"@id":"https:\/\/www.kredit-vergleich24.com\/adac\/#breadcrumb"},"inLanguage":"de","potentialAction":[{"@type":"ReadAction","target":["https:\/\/www.kredit-vergleich24.com\/adac\/"]}]},{"@type":"ImageObject","inLanguage":"de","@id":"https:\/\/www.kredit-vergleich24.com\/adac\/#primaryimage","url":"http:\/\/www.das-elena-verfahren.de\/kreditvergleich\/wp-content\/uploads\/adac-e1464684104113.jpg","contentUrl":"http:\/\/www.das-elena-verfahren.de\/kreditvergleich\/wp-content\/uploads\/adac-e1464684104113.jpg","width":1170,"height":391},{"@type":"BreadcrumbList","@id":"https:\/\/www.kredit-vergleich24.com\/adac\/#breadcrumb","itemListElement":[{"@type":"ListItem","position":1,"name":"Startseite","item":"http:\/\/www.das-elena-verfahren.de\/kreditvergleich\/"},{"@type":"ListItem","position":2,"name":"ADAC Kredit"}]},{"@type":"WebSite","@id":"http:\/\/www.das-elena-verfahren.de\/kreditvergleich\/#website","url":"http:\/\/www.das-elena-verfahren.de\/kreditvergleich\/","name":"Kredit-Vergleich24.com","description":"Kreditvergleich kostenlos","potentialAction":[{"@type":"SearchAction","target":{"@type":"EntryPoint","urlTemplate":"http:\/\/www.das-elena-verfahren.de\/kreditvergleich\/?s={search_term_string}"},"query-input":{"@type":"PropertyValueSpecification","valueRequired":true,"valueName":"search_term_string"}}],"inLanguage":"de"}]}},"_links":{"self":[{"href":"http:\/\/www.das-elena-verfahren.de\/kreditvergleich\/wp-json\/wp\/v2\/pages\/755","targetHints":{"allow":["GET"]}}],"collection":[{"href":"http:\/\/www.das-elena-verfahren.de\/kreditvergleich\/wp-json\/wp\/v2\/pages"}],"about":[{"href":"http:\/\/www.das-elena-verfahren.de\/kreditvergleich\/wp-json\/wp\/v2\/types\/page"}],"author":[{"embeddable":true,"href":"http:\/\/www.das-elena-verfahren.de\/kreditvergleich\/wp-json\/wp\/v2\/users\/2"}],"replies":[{"embeddable":true,"href":"http:\/\/www.das-elena-verfahren.de\/kreditvergleich\/wp-json\/wp\/v2\/comments?post=755"}],"version-history":[{"count":0,"href":"http:\/\/www.das-elena-verfahren.de\/kreditvergleich\/wp-json\/wp\/v2\/pages\/755\/revisions"}],"wp:attachment":[{"href":"http:\/\/www.das-elena-verfahren.de\/kreditvergleich\/wp-json\/wp\/v2\/media?parent=755"}],"curies":[{"name":"wp","href":"https:\/\/api.w.org\/{rel}","templated":true}]}}