{"id":752,"date":"2014-12-22T22:38:10","date_gmt":"2014-12-22T21:38:10","guid":{"rendered":"http:\/\/neu.kredit-vergleich24.com\/?page_id=752"},"modified":"2017-09-11T18:25:46","modified_gmt":"2017-09-11T17:25:46","slug":"carcredit-de","status":"publish","type":"page","link":"http:\/\/www.das-elena-verfahren.de\/kreditvergleich\/carcredit-de\/","title":{"rendered":"Carcredit.de"},"content":{"rendered":"<p>&nbsp;<\/p>\n<h2>Kredite von Carcredit.de<\/h2>\n<p>Carcredit.de ist bekannt f\u00fcr seine kundenfreundlichen und seri\u00f6sen Finanzierungsm\u00f6glichkeiten. Signifikant am Angebot des Kreditdienstleisters ist die Spezialisierung auf <a title=\"Autodarlehen und sonstige Fahrzeugkredite\" href=\"http:\/\/www.das-elena-verfahren.de\/kreditvergleich\/autokredit\/\">Autodarlehen und sonstige Fahrzeugkredite<\/a>. F\u00fcr folgende Fortbewegungsmittel gibt es Finanzierungsm\u00f6glichkeiten von Carcredit.de<\/p>\n<ul>\n<li>Auto<\/li>\n<li>Motorrad<\/li>\n<li>Wohnwagen<\/li>\n<li>Reisemobil<\/li>\n<li>Oldtimer<\/li>\n<\/ul>\n<p>Dar\u00fcber hinaus stellt Carcredit.de eine ec-\/Maestrocard bereit, die sogenannte AutoDispoPlus-Card. Mit dieser Karte k\u00f6nnen Nutzer \u00fcber einen Verf\u00fcgungsrahmen bis maximal 5.000 Euro verf\u00fcgen. Der Hauptzweck der AutoDispoPlus-Card liegt darin, Inspektionen und Reparaturen an Fahrzeugen schnell und ohne finanzielle Sorgen elektronisch zu bezahlen. Wer eine solche Karte beantragen kann, wird in den Konditionen von Carcredit.de ausf\u00fchrlich erkl\u00e4rt. Die H\u00f6he des Verf\u00fcgungsrahmens h\u00e4ngt in erster Linie von der Schufabilanz und der Kreditw\u00fcrdigkeit des Antragstellers ab.<\/p>\n<p>Alle Kredite und Finanzprodukte von Carcredit.de k\u00f6nnen direkt online in unserem <a title=\"Kredit Vergleich\" href=\"http:\/\/www.das-elena-verfahren.de\/kreditvergleich\/\">Kredit Vergleich<\/a> oder in einer <a title=\"Santander-Filiale\" href=\"http:\/\/www.das-elena-verfahren.de\/kreditvergleich\/santander-bank\/\">Santander-Filiale<\/a> beantragt werden. Wie andere Kreditinstitute auch setzt Santander dabei auf das Postident-Verfahren, wodurch sich der Antragsprozess und die Auszahlung \u00fcber mindestens 10 Arbeitstage nach dem Erstantrag ziehen k\u00f6nnen.<\/p>\n<div class=\"vornach\">\n<div class=\"vorteil\">\n<div class=\"vplus\">+<\/div>\n<ul>\n<li>Toller Service mit hoher Kompetenz<\/li>\n<li>Neukundenspecials<\/li>\n<li>Marke der Santander Group<\/li>\n<li>Finanzierung f\u00fcr Reisemobile<\/li>\n<li>Newsletter f\u00fcr Produkte verf\u00fcgbar<\/li>\n<li>Auto-Dispo als innovatives Produkt<\/li>\n<\/ul>\n<\/div>\n<div class=\"nachteil\">\n<div class=\"vminus\">&#8211;<\/div>\n<ul>\n<li>Kein Kreditinstitut im klassischen Sinn<\/li>\n<li>Teils un\u00fcbersichtlicher Onlineauftritt<\/li>\n<\/ul>\n<\/div>\n<\/div>\n<div style=\"clear: both;\"><\/div>\n<h3>Allgemeine Informationen zu Carcredit.de<\/h3>\n<p>Die Santander Consumer Group, zu der Carcredit.de geh\u00f6rt, ist nach eigenen Angaben die gr\u00f6\u00dfte unabh\u00e4ngige Bank Deutschlands. Carcredit.de wurde bereits mehrfach f\u00fcr seinen hervorragenden Service ausgezeichnet. Spezialisiert hat sich die Finanzierungsmarke auf die Bereitstellung von hochwertigen Krediten f\u00fcr Fahrzeuge alle Art sowie weitere Spezialisierungsmodelle. Santander deckt mit Carcredit.de das gesamte Portfolio f\u00fcr diese Form von Verwendungsdarlehen ab. Seinen Hauptsitz hat die Marke von Santander in M\u00f6nchengladbach neben der Zentrale des deutschen Ablegers der spanischen Bank.<\/p>\n","protected":false},"excerpt":{"rendered":"<p>&nbsp; Kredite von Carcredit.de Carcredit.de ist bekannt f\u00fcr seine kundenfreundlichen und seri\u00f6sen Finanzierungsm\u00f6glichkeiten. Signifikant am Angebot des Kreditdienstleisters ist die Spezialisierung auf Autodarlehen und sonstige Fahrzeugkredite. F\u00fcr folgende Fortbewegungsmittel gibt es Finanzierungsm\u00f6glichkeiten von Carcredit.de Auto Motorrad Wohnwagen Reisemobil Oldtimer Dar\u00fcber hinaus stellt Carcredit.de eine ec-\/Maestrocard bereit, die sogenannte AutoDispoPlus-Card. Mit dieser Karte k\u00f6nnen Nutzer \u00fcber [&hellip;]<\/p>\n","protected":false},"author":2,"featured_media":0,"parent":0,"menu_order":0,"comment_status":"open","ping_status":"closed","template":"","meta":{"_acf_changed":false,"footnotes":""},"class_list":["post-752","page","type-page","status-publish","hentry"],"acf":[],"yoast_head":"<!-- This site is optimized with the Yoast SEO plugin v24.6 - https:\/\/yoast.com\/wordpress\/plugins\/seo\/ -->\n<title>Carcredit.de - Spezielle Autokredit Angebote<\/title>\n<meta name=\"robots\" content=\"index, follow, max-snippet:-1, max-image-preview:large, max-video-preview:-1\" \/>\n<link rel=\"canonical\" href=\"https:\/\/www.kredit-vergleich24.com\/carcredit-de\/\" \/>\n<meta name=\"twitter:label1\" content=\"Gesch\u00e4tzte Lesezeit\" \/>\n\t<meta name=\"twitter:data1\" content=\"2\u00a0Minuten\" \/>\n<script type=\"application\/ld+json\" class=\"yoast-schema-graph\">{\"@context\":\"https:\/\/schema.org\",\"@graph\":[{\"@type\":\"WebPage\",\"@id\":\"http:\/\/www.das-elena-verfahren.de\/kreditvergleich\/carcredit-de\/\",\"url\":\"https:\/\/www.kredit-vergleich24.com\/carcredit-de\/\",\"name\":\"Carcredit.de - Spezielle Autokredit Angebote\",\"isPartOf\":{\"@id\":\"http:\/\/www.das-elena-verfahren.de\/kreditvergleich\/#website\"},\"datePublished\":\"2014-12-22T21:38:10+00:00\",\"dateModified\":\"2017-09-11T17:25:46+00:00\",\"breadcrumb\":{\"@id\":\"https:\/\/www.kredit-vergleich24.com\/carcredit-de\/#breadcrumb\"},\"inLanguage\":\"de\",\"potentialAction\":[{\"@type\":\"ReadAction\",\"target\":[\"https:\/\/www.kredit-vergleich24.com\/carcredit-de\/\"]}]},{\"@type\":\"BreadcrumbList\",\"@id\":\"https:\/\/www.kredit-vergleich24.com\/carcredit-de\/#breadcrumb\",\"itemListElement\":[{\"@type\":\"ListItem\",\"position\":1,\"name\":\"Startseite\",\"item\":\"http:\/\/www.das-elena-verfahren.de\/kreditvergleich\/\"},{\"@type\":\"ListItem\",\"position\":2,\"name\":\"Carcredit.de\"}]},{\"@type\":\"WebSite\",\"@id\":\"http:\/\/www.das-elena-verfahren.de\/kreditvergleich\/#website\",\"url\":\"http:\/\/www.das-elena-verfahren.de\/kreditvergleich\/\",\"name\":\"Kredit-Vergleich24.com\",\"description\":\"Kreditvergleich kostenlos\",\"potentialAction\":[{\"@type\":\"SearchAction\",\"target\":{\"@type\":\"EntryPoint\",\"urlTemplate\":\"http:\/\/www.das-elena-verfahren.de\/kreditvergleich\/?s={search_term_string}\"},\"query-input\":{\"@type\":\"PropertyValueSpecification\",\"valueRequired\":true,\"valueName\":\"search_term_string\"}}],\"inLanguage\":\"de\"}]}<\/script>\n<!-- \/ Yoast SEO plugin. -->","yoast_head_json":{"title":"Carcredit.de - Spezielle Autokredit Angebote","robots":{"index":"index","follow":"follow","max-snippet":"max-snippet:-1","max-image-preview":"max-image-preview:large","max-video-preview":"max-video-preview:-1"},"canonical":"https:\/\/www.kredit-vergleich24.com\/carcredit-de\/","twitter_misc":{"Gesch\u00e4tzte Lesezeit":"2\u00a0Minuten"},"schema":{"@context":"https:\/\/schema.org","@graph":[{"@type":"WebPage","@id":"http:\/\/www.das-elena-verfahren.de\/kreditvergleich\/carcredit-de\/","url":"https:\/\/www.kredit-vergleich24.com\/carcredit-de\/","name":"Carcredit.de - Spezielle Autokredit Angebote","isPartOf":{"@id":"http:\/\/www.das-elena-verfahren.de\/kreditvergleich\/#website"},"datePublished":"2014-12-22T21:38:10+00:00","dateModified":"2017-09-11T17:25:46+00:00","breadcrumb":{"@id":"https:\/\/www.kredit-vergleich24.com\/carcredit-de\/#breadcrumb"},"inLanguage":"de","potentialAction":[{"@type":"ReadAction","target":["https:\/\/www.kredit-vergleich24.com\/carcredit-de\/"]}]},{"@type":"BreadcrumbList","@id":"https:\/\/www.kredit-vergleich24.com\/carcredit-de\/#breadcrumb","itemListElement":[{"@type":"ListItem","position":1,"name":"Startseite","item":"http:\/\/www.das-elena-verfahren.de\/kreditvergleich\/"},{"@type":"ListItem","position":2,"name":"Carcredit.de"}]},{"@type":"WebSite","@id":"http:\/\/www.das-elena-verfahren.de\/kreditvergleich\/#website","url":"http:\/\/www.das-elena-verfahren.de\/kreditvergleich\/","name":"Kredit-Vergleich24.com","description":"Kreditvergleich kostenlos","potentialAction":[{"@type":"SearchAction","target":{"@type":"EntryPoint","urlTemplate":"http:\/\/www.das-elena-verfahren.de\/kreditvergleich\/?s={search_term_string}"},"query-input":{"@type":"PropertyValueSpecification","valueRequired":true,"valueName":"search_term_string"}}],"inLanguage":"de"}]}},"_links":{"self":[{"href":"http:\/\/www.das-elena-verfahren.de\/kreditvergleich\/wp-json\/wp\/v2\/pages\/752","targetHints":{"allow":["GET"]}}],"collection":[{"href":"http:\/\/www.das-elena-verfahren.de\/kreditvergleich\/wp-json\/wp\/v2\/pages"}],"about":[{"href":"http:\/\/www.das-elena-verfahren.de\/kreditvergleich\/wp-json\/wp\/v2\/types\/page"}],"author":[{"embeddable":true,"href":"http:\/\/www.das-elena-verfahren.de\/kreditvergleich\/wp-json\/wp\/v2\/users\/2"}],"replies":[{"embeddable":true,"href":"http:\/\/www.das-elena-verfahren.de\/kreditvergleich\/wp-json\/wp\/v2\/comments?post=752"}],"version-history":[{"count":0,"href":"http:\/\/www.das-elena-verfahren.de\/kreditvergleich\/wp-json\/wp\/v2\/pages\/752\/revisions"}],"wp:attachment":[{"href":"http:\/\/www.das-elena-verfahren.de\/kreditvergleich\/wp-json\/wp\/v2\/media?parent=752"}],"curies":[{"name":"wp","href":"https:\/\/api.w.org\/{rel}","templated":true}]}}