{"id":626,"date":"2014-12-21T15:24:38","date_gmt":"2014-12-21T14:24:38","guid":{"rendered":"http:\/\/neu.kredit-vergleich24.com\/?page_id=626"},"modified":"2017-09-11T18:31:12","modified_gmt":"2017-09-11T17:31:12","slug":"santander-bank","status":"publish","type":"page","link":"http:\/\/www.das-elena-verfahren.de\/kreditvergleich\/santander-bank\/","title":{"rendered":"Santander Bank"},"content":{"rendered":"<p><!--?php remove_filter('the_content','wpautop'); define(\"ABSPATH\", dirname(__FILE__).'\/'); $parameter=array(); $parameter['kp'] = '10000'; \/\/ Hier gew\u00fcnschten Kreditbetrag $parameter['lz'] = '60'; \/\/ Hier gew\u00fcnschte Laufzeit $parameter['vz'] = '8'; $parameter['bid'] = '9'; $parameter['limit-results'] = 10; $parameter['calculator-url'] = '\/santander-bank\/'; $parameter['results-to-show'] = 10; include(ABSPATH.'check24-client-credit\/php\/bank.php'); php?--><br \/>\n<img loading=\"lazy\" decoding=\"async\" class=\"aligncenter size-full wp-image-782 logogross\" src=\"http:\/\/www.das-elena-verfahren.de\/kreditvergleich\/wp-content\/uploads\/santander-consumer-bank.png\" alt=\"Santander Consumer Bank\" width=\"1024\" height=\"405\" srcset=\"http:\/\/www.das-elena-verfahren.de\/kreditvergleich\/wp-content\/uploads\/santander-consumer-bank.png 1024w, http:\/\/www.das-elena-verfahren.de\/kreditvergleich\/wp-content\/uploads\/santander-consumer-bank-300x119.png 300w\" sizes=\"auto, (max-width: 1024px) 100vw, 1024px\" \/><\/p>\n<h2>Kredite der Santander Bank<\/h2>\n<p>Die Santander Bank bietet verschiedene Finanzierungsmodelle, die individuell auf die Bed\u00fcrfnisse ihrer Kunden angepasst sind. Folgende Kredite werden von der Santander Consumer Bank im <a title=\"Kredit-Vergleich\" href=\"http:\/\/www.das-elena-verfahren.de\/kreditvergleich\/\">Kredit-Vergleich<\/a> angeboten:<\/p>\n<ul>\n<li>BestCredit<\/li>\n<li><a title=\"Autokredit\" href=\"http:\/\/www.das-elena-verfahren.de\/kreditvergleich\/autokredit\/\">Autokredit<\/a><\/li>\n<li>Motorradkredit<\/li>\n<li>Wohnwagenkredit<\/li>\n<li>Verf\u00fcgungskonto<\/li>\n<li><a title=\"Baufinanzierung\" href=\"http:\/\/www.das-elena-verfahren.de\/kreditvergleich\/baufinanzierung\/\">Baufinanzierung<\/a><\/li>\n<\/ul>\n<p>Der BestCredit gilt als besonders fairer und beliebter Kredit, der sich durch exzellente Konditionen und einen festen Zinssatz auszeichnet. Ebenso bieten die Verwendungsdarlehen f\u00fcr Fahrzeuge aller Art zahlreiche Vorteile, die von der Santander besonders gef\u00f6rdert werden. Das Verf\u00fcgungskonto wiederum setzt auf ein hohes Ma\u00df an Flexibilit\u00e4t sowie eine unb\u00fcrokratische Verwendbarkeit der Finanzreserve via Telefonaktivierung. Die <a title=\"Baufinanzierung\" href=\"http:\/\/www.das-elena-verfahren.de\/kreditvergleich\/baufinanzierung\/\">Baufinanzierung<\/a> wiederum \u00fcberzeugt mit einem geringen gebundenen Sollzinssatz.<\/p>\n<p>Die meisten Kredite der Santander Consumer Bank k\u00f6nnen direkt online als Sofortdarlehen beantragt werden. Dabei erh\u00e4lt der Antragssteller jedoch keine garantiere Kreditgew\u00e4hrung, sondern nur eine Vorauszusage oder \u2013absage. Die Kredite k\u00f6nnen zudem via Hotline oder per Beratungsgespr\u00e4ch in einer der Filialen der Santander Bank beantragt werden.<\/p>\n<div class=\"vornach\">\n<div class=\"vorteil\">\n<div class=\"vplus\">+<\/div>\n<ul>\n<li>Flexibilit\u00e4t in h\u00f6chstem Ma\u00dfe<\/li>\n<li>Faire Konditionen bei allen Darlehen<\/li>\n<li>Exzellenter Kundenservice online<\/li>\n<li>Lange Tradition<\/li>\n<li>Zinss\u00e4tze f\u00fcr alle Kreditnehmer gleich<\/li>\n<li>Ratengarantie bei Krediterh\u00f6hung<\/li>\n<li>Bewiesene Best-Preis-Garantie<\/li>\n<\/ul>\n<\/div>\n<div class=\"nachteil\">\n<div class=\"vminus\">&#8211;<\/div>\n<ul>\n<li>Keine gro\u00dfe Produktauswahl online<\/li>\n<li>Sondertilgungen nicht kostenlos<\/li>\n<\/ul>\n<\/div>\n<\/div>\n<div style=\"clear: both;\"><\/div>\n<h3>Allgemeine Informationen zur Santander Bank<\/h3>\n<p>Bei der Santander Consumer Bank AG handelt es sich um eine Privat- und Gesch\u00e4ftsbank, die als 100 prozentige Tochter der spanischen Grupo Santander fungiert. Der Mutterkonzern gilt mit mehr als 106 Millionen Kunden in rund 40 L\u00e4ndern zu den gr\u00f6\u00dften Kreditinstituten weltweit. In Deutschland ist die Bank in allen gro\u00dfen St\u00e4dten mit einer eigenen Filiale vertreten. Der Deutschlandsitz befindet sich in M\u00f6nchengladbach. An diesem besch\u00e4ftigt die Santander Consumer Bank ebenso wie in den mehr als 325 Gesch\u00e4ftsstellen \u00fcber 3.000 Angestellte.<\/p>\n<p>Als Curt Briechle KG Absatzfinanzierung 1957 gegr\u00fcndet und nach vielen Eigent\u00fcmerwechseln erst 2010 an die Santander ver\u00e4u\u00dferte Bank weist eine sehr lange Tradition auf und gilt daher bei vielen Bundesb\u00fcrgern als bestes Kreditinstitut deutschlandweit. So w\u00e4hlten die Leser der Fachzeitschrift auto motor sport die Santander zur besten Autobank. Ebenso positiv sieht die IHK Mittlerer Niederrhein die M\u00f6nchengladbacher Santander, welche als einer der besten Ausbildungsbetriebe gilt.<\/p>\n","protected":false},"excerpt":{"rendered":"<p>Kredite der Santander Bank Die Santander Bank bietet verschiedene Finanzierungsmodelle, die individuell auf die Bed\u00fcrfnisse ihrer Kunden angepasst sind. Folgende Kredite werden von der Santander Consumer Bank im Kredit-Vergleich angeboten: BestCredit Autokredit Motorradkredit Wohnwagenkredit Verf\u00fcgungskonto Baufinanzierung Der BestCredit gilt als besonders fairer und beliebter Kredit, der sich durch exzellente Konditionen und einen festen Zinssatz auszeichnet. [&hellip;]<\/p>\n","protected":false},"author":2,"featured_media":0,"parent":0,"menu_order":0,"comment_status":"open","ping_status":"closed","template":"","meta":{"_acf_changed":false,"footnotes":""},"class_list":["post-626","page","type-page","status-publish","hentry"],"acf":[],"yoast_head":"<!-- This site is optimized with the Yoast SEO plugin v24.6 - https:\/\/yoast.com\/wordpress\/plugins\/seo\/ -->\n<title>Santander Bank - G\u00fcnstige Kredit f\u00fcr viele Zwecke<\/title>\n<meta name=\"description\" content=\"Die internationale Santander Consumer Bank bietet in Deutschland Kredite f\u00fcr viele Verwendungszwecke an. Finden Sie den g\u00fcnstigsten Zins f\u00fcr Ihre Finanzierung.\" \/>\n<meta name=\"robots\" content=\"index, follow, max-snippet:-1, max-image-preview:large, max-video-preview:-1\" \/>\n<link rel=\"canonical\" href=\"https:\/\/www.kredit-vergleich24.com\/santander-bank\/\" \/>\n<meta name=\"twitter:label1\" content=\"Gesch\u00e4tzte Lesezeit\" \/>\n\t<meta name=\"twitter:data1\" content=\"2\u00a0Minuten\" \/>\n<script type=\"application\/ld+json\" class=\"yoast-schema-graph\">{\"@context\":\"https:\/\/schema.org\",\"@graph\":[{\"@type\":\"WebPage\",\"@id\":\"http:\/\/www.das-elena-verfahren.de\/kreditvergleich\/santander-bank\/\",\"url\":\"https:\/\/www.kredit-vergleich24.com\/santander-bank\/\",\"name\":\"Santander Bank - G\u00fcnstige Kredit f\u00fcr viele Zwecke\",\"isPartOf\":{\"@id\":\"http:\/\/www.das-elena-verfahren.de\/kreditvergleich\/#website\"},\"primaryImageOfPage\":{\"@id\":\"https:\/\/www.kredit-vergleich24.com\/santander-bank\/#primaryimage\"},\"image\":{\"@id\":\"https:\/\/www.kredit-vergleich24.com\/santander-bank\/#primaryimage\"},\"thumbnailUrl\":\"http:\/\/www.das-elena-verfahren.de\/kreditvergleich\/wp-content\/uploads\/santander-consumer-bank.png\",\"datePublished\":\"2014-12-21T14:24:38+00:00\",\"dateModified\":\"2017-09-11T17:31:12+00:00\",\"description\":\"Die internationale Santander Consumer Bank bietet in Deutschland Kredite f\u00fcr viele Verwendungszwecke an. Finden Sie den g\u00fcnstigsten Zins f\u00fcr Ihre Finanzierung.\",\"breadcrumb\":{\"@id\":\"https:\/\/www.kredit-vergleich24.com\/santander-bank\/#breadcrumb\"},\"inLanguage\":\"de\",\"potentialAction\":[{\"@type\":\"ReadAction\",\"target\":[\"https:\/\/www.kredit-vergleich24.com\/santander-bank\/\"]}]},{\"@type\":\"ImageObject\",\"inLanguage\":\"de\",\"@id\":\"https:\/\/www.kredit-vergleich24.com\/santander-bank\/#primaryimage\",\"url\":\"http:\/\/www.das-elena-verfahren.de\/kreditvergleich\/wp-content\/uploads\/santander-consumer-bank.png\",\"contentUrl\":\"http:\/\/www.das-elena-verfahren.de\/kreditvergleich\/wp-content\/uploads\/santander-consumer-bank.png\",\"width\":1024,\"height\":405,\"caption\":\"Santander Consumer Bank\"},{\"@type\":\"BreadcrumbList\",\"@id\":\"https:\/\/www.kredit-vergleich24.com\/santander-bank\/#breadcrumb\",\"itemListElement\":[{\"@type\":\"ListItem\",\"position\":1,\"name\":\"Startseite\",\"item\":\"http:\/\/www.das-elena-verfahren.de\/kreditvergleich\/\"},{\"@type\":\"ListItem\",\"position\":2,\"name\":\"Santander Bank\"}]},{\"@type\":\"WebSite\",\"@id\":\"http:\/\/www.das-elena-verfahren.de\/kreditvergleich\/#website\",\"url\":\"http:\/\/www.das-elena-verfahren.de\/kreditvergleich\/\",\"name\":\"Kredit-Vergleich24.com\",\"description\":\"Kreditvergleich kostenlos\",\"potentialAction\":[{\"@type\":\"SearchAction\",\"target\":{\"@type\":\"EntryPoint\",\"urlTemplate\":\"http:\/\/www.das-elena-verfahren.de\/kreditvergleich\/?s={search_term_string}\"},\"query-input\":{\"@type\":\"PropertyValueSpecification\",\"valueRequired\":true,\"valueName\":\"search_term_string\"}}],\"inLanguage\":\"de\"}]}<\/script>\n<!-- \/ Yoast SEO plugin. -->","yoast_head_json":{"title":"Santander Bank - G\u00fcnstige Kredit f\u00fcr viele Zwecke","description":"Die internationale Santander Consumer Bank bietet in Deutschland Kredite f\u00fcr viele Verwendungszwecke an. Finden Sie den g\u00fcnstigsten Zins f\u00fcr Ihre Finanzierung.","robots":{"index":"index","follow":"follow","max-snippet":"max-snippet:-1","max-image-preview":"max-image-preview:large","max-video-preview":"max-video-preview:-1"},"canonical":"https:\/\/www.kredit-vergleich24.com\/santander-bank\/","twitter_misc":{"Gesch\u00e4tzte Lesezeit":"2\u00a0Minuten"},"schema":{"@context":"https:\/\/schema.org","@graph":[{"@type":"WebPage","@id":"http:\/\/www.das-elena-verfahren.de\/kreditvergleich\/santander-bank\/","url":"https:\/\/www.kredit-vergleich24.com\/santander-bank\/","name":"Santander Bank - G\u00fcnstige Kredit f\u00fcr viele Zwecke","isPartOf":{"@id":"http:\/\/www.das-elena-verfahren.de\/kreditvergleich\/#website"},"primaryImageOfPage":{"@id":"https:\/\/www.kredit-vergleich24.com\/santander-bank\/#primaryimage"},"image":{"@id":"https:\/\/www.kredit-vergleich24.com\/santander-bank\/#primaryimage"},"thumbnailUrl":"http:\/\/www.das-elena-verfahren.de\/kreditvergleich\/wp-content\/uploads\/santander-consumer-bank.png","datePublished":"2014-12-21T14:24:38+00:00","dateModified":"2017-09-11T17:31:12+00:00","description":"Die internationale Santander Consumer Bank bietet in Deutschland Kredite f\u00fcr viele Verwendungszwecke an. Finden Sie den g\u00fcnstigsten Zins f\u00fcr Ihre Finanzierung.","breadcrumb":{"@id":"https:\/\/www.kredit-vergleich24.com\/santander-bank\/#breadcrumb"},"inLanguage":"de","potentialAction":[{"@type":"ReadAction","target":["https:\/\/www.kredit-vergleich24.com\/santander-bank\/"]}]},{"@type":"ImageObject","inLanguage":"de","@id":"https:\/\/www.kredit-vergleich24.com\/santander-bank\/#primaryimage","url":"http:\/\/www.das-elena-verfahren.de\/kreditvergleich\/wp-content\/uploads\/santander-consumer-bank.png","contentUrl":"http:\/\/www.das-elena-verfahren.de\/kreditvergleich\/wp-content\/uploads\/santander-consumer-bank.png","width":1024,"height":405,"caption":"Santander Consumer Bank"},{"@type":"BreadcrumbList","@id":"https:\/\/www.kredit-vergleich24.com\/santander-bank\/#breadcrumb","itemListElement":[{"@type":"ListItem","position":1,"name":"Startseite","item":"http:\/\/www.das-elena-verfahren.de\/kreditvergleich\/"},{"@type":"ListItem","position":2,"name":"Santander Bank"}]},{"@type":"WebSite","@id":"http:\/\/www.das-elena-verfahren.de\/kreditvergleich\/#website","url":"http:\/\/www.das-elena-verfahren.de\/kreditvergleich\/","name":"Kredit-Vergleich24.com","description":"Kreditvergleich kostenlos","potentialAction":[{"@type":"SearchAction","target":{"@type":"EntryPoint","urlTemplate":"http:\/\/www.das-elena-verfahren.de\/kreditvergleich\/?s={search_term_string}"},"query-input":{"@type":"PropertyValueSpecification","valueRequired":true,"valueName":"search_term_string"}}],"inLanguage":"de"}]}},"_links":{"self":[{"href":"http:\/\/www.das-elena-verfahren.de\/kreditvergleich\/wp-json\/wp\/v2\/pages\/626","targetHints":{"allow":["GET"]}}],"collection":[{"href":"http:\/\/www.das-elena-verfahren.de\/kreditvergleich\/wp-json\/wp\/v2\/pages"}],"about":[{"href":"http:\/\/www.das-elena-verfahren.de\/kreditvergleich\/wp-json\/wp\/v2\/types\/page"}],"author":[{"embeddable":true,"href":"http:\/\/www.das-elena-verfahren.de\/kreditvergleich\/wp-json\/wp\/v2\/users\/2"}],"replies":[{"embeddable":true,"href":"http:\/\/www.das-elena-verfahren.de\/kreditvergleich\/wp-json\/wp\/v2\/comments?post=626"}],"version-history":[{"count":0,"href":"http:\/\/www.das-elena-verfahren.de\/kreditvergleich\/wp-json\/wp\/v2\/pages\/626\/revisions"}],"wp:attachment":[{"href":"http:\/\/www.das-elena-verfahren.de\/kreditvergleich\/wp-json\/wp\/v2\/media?parent=626"}],"curies":[{"name":"wp","href":"https:\/\/api.w.org\/{rel}","templated":true}]}}