{"id":624,"date":"2014-12-21T15:24:26","date_gmt":"2014-12-21T14:24:26","guid":{"rendered":"http:\/\/neu.kredit-vergleich24.com\/?page_id=624"},"modified":"2017-09-11T18:30:29","modified_gmt":"2017-09-11T17:30:29","slug":"psd-bank","status":"publish","type":"page","link":"http:\/\/www.das-elena-verfahren.de\/kreditvergleich\/psd-bank\/","title":{"rendered":"PSD Bank"},"content":{"rendered":"<p><img loading=\"lazy\" decoding=\"async\" src=\"http:\/\/www.das-elena-verfahren.de\/kreditvergleich\/wp-content\/uploads\/psd-bank.png\" alt=\"PSD Bank\" width=\"1000\" height=\"200\" class=\"aligncenter size-full wp-image-883 logogross\" srcset=\"http:\/\/www.das-elena-verfahren.de\/kreditvergleich\/wp-content\/uploads\/psd-bank.png 1000w, http:\/\/www.das-elena-verfahren.de\/kreditvergleich\/wp-content\/uploads\/psd-bank-300x60.png 300w\" sizes=\"auto, (max-width: 1000px) 100vw, 1000px\" \/><\/p>\n<div id=\"ez-toc-container\" class=\"ez-toc-v2_0_72 counter-hierarchy ez-toc-counter ez-toc-custom ez-toc-container-direction\">\n<p class=\"ez-toc-title\" style=\"cursor:inherit\">Inhaltsverzeichnis<\/p>\n<label for=\"ez-toc-cssicon-toggle-item-69e4a3fb0b158\" class=\"ez-toc-cssicon-toggle-label\"><span class=\"\"><span class=\"eztoc-hide\" style=\"display:none;\">Toggle<\/span><span class=\"ez-toc-icon-toggle-span\"><svg style=\"fill: #ff6600;color:#ff6600\" xmlns=\"http:\/\/www.w3.org\/2000\/svg\" class=\"list-377408\" width=\"20px\" height=\"20px\" viewBox=\"0 0 24 24\" fill=\"none\"><path d=\"M6 6H4v2h2V6zm14 0H8v2h12V6zM4 11h2v2H4v-2zm16 0H8v2h12v-2zM4 16h2v2H4v-2zm16 0H8v2h12v-2z\" fill=\"currentColor\"><\/path><\/svg><svg style=\"fill: #ff6600;color:#ff6600\" class=\"arrow-unsorted-368013\" xmlns=\"http:\/\/www.w3.org\/2000\/svg\" width=\"10px\" height=\"10px\" viewBox=\"0 0 24 24\" version=\"1.2\" baseProfile=\"tiny\"><path d=\"M18.2 9.3l-6.2-6.3-6.2 6.3c-.2.2-.3.4-.3.7s.1.5.3.7c.2.2.4.3.7.3h11c.3 0 .5-.1.7-.3.2-.2.3-.5.3-.7s-.1-.5-.3-.7zM5.8 14.7l6.2 6.3 6.2-6.3c.2-.2.3-.5.3-.7s-.1-.5-.3-.7c-.2-.2-.4-.3-.7-.3h-11c-.3 0-.5.1-.7.3-.2.2-.3.5-.3.7s.1.5.3.7z\"\/><\/svg><\/span><\/span><\/label><input type=\"checkbox\"  id=\"ez-toc-cssicon-toggle-item-69e4a3fb0b158\"  aria-label=\"Toggle\" \/><nav><ul class='ez-toc-list ez-toc-list-level-1 ' ><li class='ez-toc-page-1 ez-toc-heading-level-2'><a class=\"ez-toc-link ez-toc-heading-1\" href=\"http:\/\/www.das-elena-verfahren.de\/kreditvergleich\/psd-bank\/#kredite-der-psd-bank\" title=\"Kredite der PSD Bank\">Kredite der PSD Bank<\/a><ul class='ez-toc-list-level-3' ><li class='ez-toc-heading-level-3'><a class=\"ez-toc-link ez-toc-heading-2\" href=\"http:\/\/www.das-elena-verfahren.de\/kreditvergleich\/psd-bank\/#allgemeine-informationen-zur-psd-bank\" title=\"Allgemeine Informationen zur PSD Bank\">Allgemeine Informationen zur PSD Bank<\/a><\/li><li class='ez-toc-page-1 ez-toc-heading-level-3'><a class=\"ez-toc-link ez-toc-heading-3\" href=\"http:\/\/www.das-elena-verfahren.de\/kreditvergleich\/psd-bank\/#anschrift-und-geschaeftsinformationen-zur-psd-bank\" title=\"Anschrift und Gesch\u00e4ftsinformationen zur PSD Bank\">Anschrift und Gesch\u00e4ftsinformationen zur PSD Bank<\/a><\/li><\/ul><\/li><\/ul><\/nav><\/div>\n<h2><span class=\"ez-toc-section\" id=\"kredite-der-psd-bank\"><\/span>Kredite der PSD Bank<span class=\"ez-toc-section-end\"><\/span><\/h2>\n<p>Kredite, die von der PSD Bank bereitgestellt werden, zeichnen sich in der Regel durch exzellente Konditionen aus. Es stehen viele unterschiedliche Kredite zur Auswahl. So k\u00f6nnen Privat- und Gesch\u00e4ftskunden etwa zwischen folgenden Angeboten w\u00e4hlen:<\/p>\n<ul>\n<li><a href=\"http:\/\/www.das-elena-verfahren.de\/kreditvergleich\/privatkredit\/\" title=\"Privatkredite\">Privatkredite<\/a><\/li>\n<li>Unternehmenskredite<\/li>\n<li>Zweckkredite<\/li>\n<li>Abl\u00f6sungskredite<\/li>\n<\/ul>\n<p>Da die PSD Bank eine Bankengruppe darstellt, k\u00f6nnen nicht alle Finanzprodukte von insgesamt 15 Kreditinstituten genannt werden. Dennoch ist anzumerken, dass die PSD Bank bei der Kreditvergabe stets einheitlich vorgeht und somit bei praktisch jedem der kooperierenden Kreditinstitute <a href=\"http:\/\/www.das-elena-verfahren.de\/kreditvergleich\/\" title=\"ein Kredit beantragt\">ein Kredit beantragt<\/a> werden kann, sofern der Vorantrag als positiv und kreditw\u00fcrdig bewertet wird.<\/p>\n<div class=\"vornach\">\n<div class=\"vorteil\">\n<div class=\"vplus\">+<\/div>\n<ul>\n<li>Bankengruppe mit vielen Produkten<\/li>\n<li>Unz\u00e4hlige Filialen der Banken<\/li>\n<li>\u00dcbergreifend guter Kundenservice<\/li>\n<li>Viele Kredite f\u00fcr Kunden aller Art<\/li>\n<li>Individuell angepasste Konditionen<\/li>\n<li>Schnelle Antwortzeit<\/li>\n<li>Starkes soziales Engagement<\/li>\n<li>Auch in Social Networks vorzufinden<\/li>\n<li>Vergabeprozess stets identisch<\/li>\n<\/ul>\n<\/div>\n<div class=\"nachteil\">\n<div class=\"vminus\">&#8211;<\/div>\n<ul>\n<li>Etwas un\u00fcbersichtliche Website<\/li>\n<li>Schwierigkeiten bei Kreditvergabe<\/li>\n<\/ul>\n<\/div>\n<\/div>\n<div style=\"clear:both;\"><\/div>\n<h3><span class=\"ez-toc-section\" id=\"allgemeine-informationen-zur-psd-bank\"><\/span>Allgemeine Informationen zur PSD Bank<span class=\"ez-toc-section-end\"><\/span><\/h3>\n<p>Die PSD Bank ist eine Unternehmensgruppe, die insgesamt 15 selbst\u00e4ndig agierende Kreditinstitute umfasst, die in gewissen Gesch\u00e4ftsbereichen zusammenarbeiten. Zur PSD Bank geh\u00f6ren folgende Kreditinstitute:<\/p>\n<ul>\n<li>PSD Bank Berlin-Brandenburg eG aus Berlin<\/li>\n<li>PSD Bank Braunschweig eG aus Braunschweig<\/li>\n<li>PSD Bank Hannover eG aus Hannover<\/li>\n<li>PSD Bank Hessen-Th\u00fcringen eG aus Eschborn<\/li>\n<li>PSD Bank Karlsruhe-Neustadt eG aus Karlsruhe<\/li>\n<li>PSD Bank Kiel eG aus Kiel<\/li>\n<li>PSD Bank Koblenz eG aus Koblenz<\/li>\n<li>PSD Bank K\u00f6ln eG aus K\u00f6ln<\/li>\n<li>PSD Bank M\u00fcnchen eG aus Augsburg<\/li>\n<li>PSD Bank Nord eG aus Hamburg<\/li>\n<li>PSD Bank N\u00fcrnberg eG aus N\u00fcrnberg<\/li>\n<li>PSD Bank Niederbayern-Oberpfalz eG aus Regensburg (ehem. PSD Bank Regensburg eG)<\/li>\n<li>PSD Bank RheinNeckarSaar eG aus Stuttgart<\/li>\n<li>PSD Bank Rhein-Ruhr eG aus D\u00fcsseldorf<\/li>\n<li>PSD Bank Westfalen-Lippe eG aus M\u00fcnster (ehem. PSD Bank M\u00fcnster eG)<\/li>\n<\/ul>\n<p>Gegr\u00fcndet wurde die PSD Bank im Jahre 1872. Damit geh\u00f6rt die Bank zu den \u00e4ltesten Kreditinstituten der Welt. Bis 1998 hatten ausschlie\u00dflich Beamte Zugriff auf das Finanzsortiment der  Bank. Seither jedoch wurde das Angebot auch anderen Zielgruppen zug\u00e4nglich gemacht, was auch ein Grund f\u00fcr die daran anschlie\u00dfende Geschichte der PSD Bank ist. In den Kreditinstituten der Bankengruppe arbeiten mehrere Tausend Menschen. In Bezug auf Sponsoring Aktivit\u00e4ten tritt die PSD Bank vor allem durch ihr bekanntes Werbegesicht \u2013 den Fu\u00dfballprofi Lukas Podolski \u2013 stark in Erscheinung. <\/p>\n<h3><span class=\"ez-toc-section\" id=\"anschrift-und-geschaeftsinformationen-zur-psd-bank\"><\/span>Anschrift und Gesch\u00e4ftsinformationen zur PSD Bank<span class=\"ez-toc-section-end\"><\/span><\/h3>\n<ul>\n<li>Anschrift: Verband der PSD Banken e.V., Dreizehnmorgenweg 36, D-53175 Bonn<\/li>\n<li>Mail: info@psd-koeln.de <\/li>\n<li>Internet: http:\/\/www.psd-bank.de\/<\/li>\n<li>BLZ: 37060993 (PSD Bank K\u00f6ln)<\/li>\n<li>BIC: GENO DEF1 P13 (PSD Bank K\u00f6ln)<\/li>\n<li>Gesch\u00e4ftsf\u00fchrer: Rudolf Conrads, Dr. Karl \u00adFriedrich Walter<\/li>\n<li>Vereinsregister: Amtsgericht Bonn,  VRN 3734<\/li>\n<li>Umsatzsteuer-DE 122 274 062<\/li>\n<\/ul>\n","protected":false},"excerpt":{"rendered":"<p>Kredite der PSD Bank Kredite, die von der PSD Bank bereitgestellt werden, zeichnen sich in der Regel durch exzellente Konditionen aus. Es stehen viele unterschiedliche Kredite zur Auswahl. So k\u00f6nnen Privat- und Gesch\u00e4ftskunden etwa zwischen folgenden Angeboten w\u00e4hlen: Privatkredite Unternehmenskredite Zweckkredite Abl\u00f6sungskredite Da die PSD Bank eine Bankengruppe darstellt, k\u00f6nnen nicht alle Finanzprodukte von insgesamt [&hellip;]<\/p>\n","protected":false},"author":2,"featured_media":0,"parent":0,"menu_order":0,"comment_status":"open","ping_status":"closed","template":"","meta":{"_acf_changed":false,"footnotes":""},"class_list":["post-624","page","type-page","status-publish","hentry"],"acf":[],"yoast_head":"<!-- This site is optimized with the Yoast SEO plugin v24.6 - https:\/\/yoast.com\/wordpress\/plugins\/seo\/ -->\n<title>Kredite der PSD Bank<\/title>\n<meta name=\"robots\" content=\"index, follow, max-snippet:-1, max-image-preview:large, max-video-preview:-1\" \/>\n<link rel=\"canonical\" href=\"https:\/\/www.kredit-vergleich24.com\/psd-bank\/\" \/>\n<meta name=\"twitter:label1\" content=\"Gesch\u00e4tzte Lesezeit\" \/>\n\t<meta name=\"twitter:data1\" content=\"2\u00a0Minuten\" \/>\n<script type=\"application\/ld+json\" class=\"yoast-schema-graph\">{\"@context\":\"https:\/\/schema.org\",\"@graph\":[{\"@type\":\"WebPage\",\"@id\":\"http:\/\/www.das-elena-verfahren.de\/kreditvergleich\/psd-bank\/\",\"url\":\"https:\/\/www.kredit-vergleich24.com\/psd-bank\/\",\"name\":\"Kredite der PSD Bank\",\"isPartOf\":{\"@id\":\"http:\/\/www.das-elena-verfahren.de\/kreditvergleich\/#website\"},\"primaryImageOfPage\":{\"@id\":\"https:\/\/www.kredit-vergleich24.com\/psd-bank\/#primaryimage\"},\"image\":{\"@id\":\"https:\/\/www.kredit-vergleich24.com\/psd-bank\/#primaryimage\"},\"thumbnailUrl\":\"http:\/\/www.das-elena-verfahren.de\/kreditvergleich\/wp-content\/uploads\/psd-bank.png\",\"datePublished\":\"2014-12-21T14:24:26+00:00\",\"dateModified\":\"2017-09-11T17:30:29+00:00\",\"breadcrumb\":{\"@id\":\"https:\/\/www.kredit-vergleich24.com\/psd-bank\/#breadcrumb\"},\"inLanguage\":\"de\",\"potentialAction\":[{\"@type\":\"ReadAction\",\"target\":[\"https:\/\/www.kredit-vergleich24.com\/psd-bank\/\"]}]},{\"@type\":\"ImageObject\",\"inLanguage\":\"de\",\"@id\":\"https:\/\/www.kredit-vergleich24.com\/psd-bank\/#primaryimage\",\"url\":\"http:\/\/www.das-elena-verfahren.de\/kreditvergleich\/wp-content\/uploads\/psd-bank.png\",\"contentUrl\":\"http:\/\/www.das-elena-verfahren.de\/kreditvergleich\/wp-content\/uploads\/psd-bank.png\",\"width\":1000,\"height\":200,\"caption\":\"PSD Bank\"},{\"@type\":\"BreadcrumbList\",\"@id\":\"https:\/\/www.kredit-vergleich24.com\/psd-bank\/#breadcrumb\",\"itemListElement\":[{\"@type\":\"ListItem\",\"position\":1,\"name\":\"Startseite\",\"item\":\"http:\/\/www.das-elena-verfahren.de\/kreditvergleich\/\"},{\"@type\":\"ListItem\",\"position\":2,\"name\":\"PSD Bank\"}]},{\"@type\":\"WebSite\",\"@id\":\"http:\/\/www.das-elena-verfahren.de\/kreditvergleich\/#website\",\"url\":\"http:\/\/www.das-elena-verfahren.de\/kreditvergleich\/\",\"name\":\"Kredit-Vergleich24.com\",\"description\":\"Kreditvergleich kostenlos\",\"potentialAction\":[{\"@type\":\"SearchAction\",\"target\":{\"@type\":\"EntryPoint\",\"urlTemplate\":\"http:\/\/www.das-elena-verfahren.de\/kreditvergleich\/?s={search_term_string}\"},\"query-input\":{\"@type\":\"PropertyValueSpecification\",\"valueRequired\":true,\"valueName\":\"search_term_string\"}}],\"inLanguage\":\"de\"}]}<\/script>\n<!-- \/ Yoast SEO plugin. -->","yoast_head_json":{"title":"Kredite der PSD Bank","robots":{"index":"index","follow":"follow","max-snippet":"max-snippet:-1","max-image-preview":"max-image-preview:large","max-video-preview":"max-video-preview:-1"},"canonical":"https:\/\/www.kredit-vergleich24.com\/psd-bank\/","twitter_misc":{"Gesch\u00e4tzte Lesezeit":"2\u00a0Minuten"},"schema":{"@context":"https:\/\/schema.org","@graph":[{"@type":"WebPage","@id":"http:\/\/www.das-elena-verfahren.de\/kreditvergleich\/psd-bank\/","url":"https:\/\/www.kredit-vergleich24.com\/psd-bank\/","name":"Kredite der PSD Bank","isPartOf":{"@id":"http:\/\/www.das-elena-verfahren.de\/kreditvergleich\/#website"},"primaryImageOfPage":{"@id":"https:\/\/www.kredit-vergleich24.com\/psd-bank\/#primaryimage"},"image":{"@id":"https:\/\/www.kredit-vergleich24.com\/psd-bank\/#primaryimage"},"thumbnailUrl":"http:\/\/www.das-elena-verfahren.de\/kreditvergleich\/wp-content\/uploads\/psd-bank.png","datePublished":"2014-12-21T14:24:26+00:00","dateModified":"2017-09-11T17:30:29+00:00","breadcrumb":{"@id":"https:\/\/www.kredit-vergleich24.com\/psd-bank\/#breadcrumb"},"inLanguage":"de","potentialAction":[{"@type":"ReadAction","target":["https:\/\/www.kredit-vergleich24.com\/psd-bank\/"]}]},{"@type":"ImageObject","inLanguage":"de","@id":"https:\/\/www.kredit-vergleich24.com\/psd-bank\/#primaryimage","url":"http:\/\/www.das-elena-verfahren.de\/kreditvergleich\/wp-content\/uploads\/psd-bank.png","contentUrl":"http:\/\/www.das-elena-verfahren.de\/kreditvergleich\/wp-content\/uploads\/psd-bank.png","width":1000,"height":200,"caption":"PSD Bank"},{"@type":"BreadcrumbList","@id":"https:\/\/www.kredit-vergleich24.com\/psd-bank\/#breadcrumb","itemListElement":[{"@type":"ListItem","position":1,"name":"Startseite","item":"http:\/\/www.das-elena-verfahren.de\/kreditvergleich\/"},{"@type":"ListItem","position":2,"name":"PSD Bank"}]},{"@type":"WebSite","@id":"http:\/\/www.das-elena-verfahren.de\/kreditvergleich\/#website","url":"http:\/\/www.das-elena-verfahren.de\/kreditvergleich\/","name":"Kredit-Vergleich24.com","description":"Kreditvergleich kostenlos","potentialAction":[{"@type":"SearchAction","target":{"@type":"EntryPoint","urlTemplate":"http:\/\/www.das-elena-verfahren.de\/kreditvergleich\/?s={search_term_string}"},"query-input":{"@type":"PropertyValueSpecification","valueRequired":true,"valueName":"search_term_string"}}],"inLanguage":"de"}]}},"_links":{"self":[{"href":"http:\/\/www.das-elena-verfahren.de\/kreditvergleich\/wp-json\/wp\/v2\/pages\/624","targetHints":{"allow":["GET"]}}],"collection":[{"href":"http:\/\/www.das-elena-verfahren.de\/kreditvergleich\/wp-json\/wp\/v2\/pages"}],"about":[{"href":"http:\/\/www.das-elena-verfahren.de\/kreditvergleich\/wp-json\/wp\/v2\/types\/page"}],"author":[{"embeddable":true,"href":"http:\/\/www.das-elena-verfahren.de\/kreditvergleich\/wp-json\/wp\/v2\/users\/2"}],"replies":[{"embeddable":true,"href":"http:\/\/www.das-elena-verfahren.de\/kreditvergleich\/wp-json\/wp\/v2\/comments?post=624"}],"version-history":[{"count":0,"href":"http:\/\/www.das-elena-verfahren.de\/kreditvergleich\/wp-json\/wp\/v2\/pages\/624\/revisions"}],"wp:attachment":[{"href":"http:\/\/www.das-elena-verfahren.de\/kreditvergleich\/wp-json\/wp\/v2\/media?parent=624"}],"curies":[{"name":"wp","href":"https:\/\/api.w.org\/{rel}","templated":true}]}}