{"id":622,"date":"2014-12-21T15:24:15","date_gmt":"2014-12-21T14:24:15","guid":{"rendered":"http:\/\/neu.kredit-vergleich24.com\/?page_id=622"},"modified":"2017-09-11T18:30:12","modified_gmt":"2017-09-11T17:30:12","slug":"postbank","status":"publish","type":"page","link":"http:\/\/www.das-elena-verfahren.de\/kreditvergleich\/postbank\/","title":{"rendered":"Postbank"},"content":{"rendered":"<p>&nbsp;<\/p>\n<p><img loading=\"lazy\" decoding=\"async\" class=\"aligncenter size-full wp-image-869 logogross\" src=\"http:\/\/www.das-elena-verfahren.de\/kreditvergleich\/wp-content\/uploads\/postbank.png\" alt=\"Postbank\" width=\"602\" height=\"176\" srcset=\"http:\/\/www.das-elena-verfahren.de\/kreditvergleich\/wp-content\/uploads\/postbank.png 602w, http:\/\/www.das-elena-verfahren.de\/kreditvergleich\/wp-content\/uploads\/postbank-300x88.png 300w\" sizes=\"auto, (max-width: 602px) 100vw, 602px\" \/><\/p>\n<div id=\"ez-toc-container\" class=\"ez-toc-v2_0_72 counter-hierarchy ez-toc-counter ez-toc-custom ez-toc-container-direction\">\n<p class=\"ez-toc-title\" style=\"cursor:inherit\">Inhaltsverzeichnis<\/p>\n<label for=\"ez-toc-cssicon-toggle-item-69e1c9b6336c3\" class=\"ez-toc-cssicon-toggle-label\"><span class=\"\"><span class=\"eztoc-hide\" style=\"display:none;\">Toggle<\/span><span class=\"ez-toc-icon-toggle-span\"><svg style=\"fill: #ff6600;color:#ff6600\" xmlns=\"http:\/\/www.w3.org\/2000\/svg\" class=\"list-377408\" width=\"20px\" height=\"20px\" viewBox=\"0 0 24 24\" fill=\"none\"><path d=\"M6 6H4v2h2V6zm14 0H8v2h12V6zM4 11h2v2H4v-2zm16 0H8v2h12v-2zM4 16h2v2H4v-2zm16 0H8v2h12v-2z\" fill=\"currentColor\"><\/path><\/svg><svg style=\"fill: #ff6600;color:#ff6600\" class=\"arrow-unsorted-368013\" xmlns=\"http:\/\/www.w3.org\/2000\/svg\" width=\"10px\" height=\"10px\" viewBox=\"0 0 24 24\" version=\"1.2\" baseProfile=\"tiny\"><path d=\"M18.2 9.3l-6.2-6.3-6.2 6.3c-.2.2-.3.4-.3.7s.1.5.3.7c.2.2.4.3.7.3h11c.3 0 .5-.1.7-.3.2-.2.3-.5.3-.7s-.1-.5-.3-.7zM5.8 14.7l6.2 6.3 6.2-6.3c.2-.2.3-.5.3-.7s-.1-.5-.3-.7c-.2-.2-.4-.3-.7-.3h-11c-.3 0-.5.1-.7.3-.2.2-.3.5-.3.7s.1.5.3.7z\"\/><\/svg><\/span><\/span><\/label><input type=\"checkbox\"  id=\"ez-toc-cssicon-toggle-item-69e1c9b6336c3\"  aria-label=\"Toggle\" \/><nav><ul class='ez-toc-list ez-toc-list-level-1 ' ><li class='ez-toc-page-1 ez-toc-heading-level-2'><a class=\"ez-toc-link ez-toc-heading-1\" href=\"http:\/\/www.das-elena-verfahren.de\/kreditvergleich\/postbank\/#kredite-der-postbank\" title=\"Kredite der Postbank\">Kredite der Postbank<\/a><ul class='ez-toc-list-level-3' ><li class='ez-toc-heading-level-3'><a class=\"ez-toc-link ez-toc-heading-2\" href=\"http:\/\/www.das-elena-verfahren.de\/kreditvergleich\/postbank\/#allgemeine-informationen-zur-postbank\" title=\"Allgemeine Informationen zur Postbank\">Allgemeine Informationen zur Postbank<\/a><\/li><li class='ez-toc-page-1 ez-toc-heading-level-3'><a class=\"ez-toc-link ez-toc-heading-3\" href=\"http:\/\/www.das-elena-verfahren.de\/kreditvergleich\/postbank\/#anschrift-und-geschaeftsinformationen-der-postbank\" title=\"Anschrift und Gesch\u00e4ftsinformationen der Postbank\">Anschrift und Gesch\u00e4ftsinformationen der Postbank<\/a><\/li><\/ul><\/li><\/ul><\/nav><\/div>\n<h2><span class=\"ez-toc-section\" id=\"kredite-der-postbank\"><\/span>Kredite der Postbank<span class=\"ez-toc-section-end\"><\/span><\/h2>\n<p>Die Finanzierungsangebote Postbank begeistern mit zahlreichen Vorteilen f\u00fcr gewerbliche und <a title=\"private Kreditsuchende\" href=\"http:\/\/www.das-elena-verfahren.de\/kreditvergleich\/privatkredit\/\">private Kreditsuchende<\/a>. Es gibt neben verschiedenen Individualfinanzangeboten auch standardisierte Finanzierungsmodelle im <a title=\"Kreditvergleich\" href=\"http:\/\/www.das-elena-verfahren.de\/kreditvergleich\/\">Kreditvergleich<\/a>. Der Postbank Privatkredit direkt ist dabei der Klassiker unter den Krediten. Er bietet viele Vorz\u00fcge, etwa einen g\u00fcnstigen Onlinezins und individuell vereinbarende Kreditsummen bzw. Laufzeiten. Zudem profitieren Kunden von flexiblen R\u00fcckzahlungsoptionen und einer auf Wunsch bereitgestellten Kreditabsicherung.<\/p>\n<p>Zudem stellt die Postbank einen <a title=\"Autokredit\" href=\"http:\/\/www.das-elena-verfahren.de\/kreditvergleich\/autokredit\/\">Autokredit<\/a> bereit, der auf die Bed\u00fcrfnisse der Kunden in jeglicher Hinsicht ausgerichtet ist. Mit diesem Darlehen wird die Finanzierung eines Autos zum Kinderspiel. Schlie\u00dflich k\u00f6nnen sowohl gebrauchte als auch neue Autos erworben werden. Ebenso besteht die M\u00f6glichkeit, diesen Kredit f\u00fcr die Finanzierung eines Motorrades zu nutzen.<\/p>\n<p>Gesch\u00e4ftskunden erhalten Zugang zum Kreditangebot der Deutschen Postbank \u00fcber den Gesch\u00e4ftskundenservice sowie in den Filialen der Bank. F\u00fcr sie stehen individuelle Kreditangebote bereit, die exakt auf die Bed\u00fcrfnisse ausgerichtet sind und vor allem durch ihre Transparenz zu \u00fcberzeugen wissen.<\/p>\n<p>Alle Kredite der Postbank k\u00f6nnen online abgeschlossen werden, auch f\u00fcr Gesch\u00e4ftskunden, sofern sie Zugang zum Businessportal der Bank haben. Eine schnelle Bearbeitung ist somit stets garantiert, ganz gleich, ob es sich um einen Privat- oder Gesch\u00e4ftskundenkredit handelt.<\/p>\n<div class=\"vornach\">\n<div class=\"vorteil\">\n<div class=\"vplus\">+<\/div>\n<ul>\n<li>Hoher Bekanntheitsgrad<\/li>\n<li>Exzellenter Beratungsservice<\/li>\n<li>Faire Kreditangebote<\/li>\n<li>Sofortkreditzusage m\u00f6glich<\/li>\n<li>Tolle Konditionen f\u00fcr Unternehmen<\/li>\n<li>St\u00e4ndig erreichbare Hotline<\/li>\n<li>Viele Auszeichnungen<\/li>\n<\/ul>\n<\/div>\n<div class=\"nachteil\">\n<div class=\"vminus\">&#8211;<\/div>\n<ul>\n<li>Keine riesengro\u00dfe Auswahl<\/li>\n<li>Oft nur kleine Filialen<\/li>\n<\/ul>\n<\/div>\n<\/div>\n<div style=\"clear: both;\"><\/div>\n<h3><span class=\"ez-toc-section\" id=\"allgemeine-informationen-zur-postbank\"><\/span>Allgemeine Informationen zur Postbank<span class=\"ez-toc-section-end\"><\/span><\/h3>\n<p>Deutsche Postbank AG ist eine Privatkundenbank mit Sitz in Bonn. Sie entstand durch die Ausgliederung der Postsparsparte der Deutschen Bundespost im Jahr 1990 und ist heute eine hundertprozentige Tochter der Deutschen Bank. Die Postbank hat 14,5 Millionen Kunden und insgesamt mehr als 1.100 Filialen, wobei viele eher Abteilungen in Kaufh\u00e4usern oder in Postfilialen darstellen. Die Postbank denkt sowohl das Privatkundensegment als auch das Gesch\u00e4ftskundensegment ab. Mehr als 20.000 Menschen arbeiten in der Bonner Zentrale und in den Filialen der Tochtermarke von der Deutschen Bank.<\/p>\n<h3><span class=\"ez-toc-section\" id=\"anschrift-und-geschaeftsinformationen-der-postbank\"><\/span>Anschrift und Gesch\u00e4ftsinformationen der Postbank<span class=\"ez-toc-section-end\"><\/span><\/h3>\n<ul>\n<li>Anschrift: Deutsche Postbank AG, Friedrich-Ebert-Allee 114 \u2013 126, D-53113 Bonn<\/li>\n<li>Mail: direkt@postbank.de<\/li>\n<li>Internet: https:\/\/www.postbank.de<\/li>\n<li>BLZ: 380 100 53<\/li>\n<li>BIC: PBNK DEFF 380<\/li>\n<li>Gesch\u00e4ftsf\u00fchrer: Frank Strau\u00df<\/li>\n<li>Handelsregister: Amtsgericht Bonn, HRB 6793<\/li>\n<li>Umsatzsteuer-ID: DE 169824467<\/li>\n<\/ul>\n","protected":false},"excerpt":{"rendered":"<p>&nbsp; Kredite der Postbank Die Finanzierungsangebote Postbank begeistern mit zahlreichen Vorteilen f\u00fcr gewerbliche und private Kreditsuchende. Es gibt neben verschiedenen Individualfinanzangeboten auch standardisierte Finanzierungsmodelle im Kreditvergleich. Der Postbank Privatkredit direkt ist dabei der Klassiker unter den Krediten. Er bietet viele Vorz\u00fcge, etwa einen g\u00fcnstigen Onlinezins und individuell vereinbarende Kreditsummen bzw. Laufzeiten. Zudem profitieren Kunden von [&hellip;]<\/p>\n","protected":false},"author":2,"featured_media":0,"parent":0,"menu_order":0,"comment_status":"open","ping_status":"closed","template":"","meta":{"_acf_changed":false,"footnotes":""},"class_list":["post-622","page","type-page","status-publish","hentry"],"acf":[],"yoast_head":"<!-- This site is optimized with the Yoast SEO plugin v24.6 - https:\/\/yoast.com\/wordpress\/plugins\/seo\/ -->\n<title>Postbank - Kredite des Bankriesen<\/title>\n<meta name=\"robots\" content=\"index, follow, max-snippet:-1, max-image-preview:large, max-video-preview:-1\" \/>\n<link rel=\"canonical\" href=\"https:\/\/www.kredit-vergleich24.com\/postbank\/\" \/>\n<meta name=\"twitter:label1\" content=\"Gesch\u00e4tzte Lesezeit\" \/>\n\t<meta name=\"twitter:data1\" content=\"2\u00a0Minuten\" \/>\n<script type=\"application\/ld+json\" class=\"yoast-schema-graph\">{\"@context\":\"https:\/\/schema.org\",\"@graph\":[{\"@type\":\"WebPage\",\"@id\":\"http:\/\/www.das-elena-verfahren.de\/kreditvergleich\/postbank\/\",\"url\":\"https:\/\/www.kredit-vergleich24.com\/postbank\/\",\"name\":\"Postbank - Kredite des Bankriesen\",\"isPartOf\":{\"@id\":\"http:\/\/www.das-elena-verfahren.de\/kreditvergleich\/#website\"},\"primaryImageOfPage\":{\"@id\":\"https:\/\/www.kredit-vergleich24.com\/postbank\/#primaryimage\"},\"image\":{\"@id\":\"https:\/\/www.kredit-vergleich24.com\/postbank\/#primaryimage\"},\"thumbnailUrl\":\"http:\/\/www.das-elena-verfahren.de\/kreditvergleich\/wp-content\/uploads\/postbank.png\",\"datePublished\":\"2014-12-21T14:24:15+00:00\",\"dateModified\":\"2017-09-11T17:30:12+00:00\",\"breadcrumb\":{\"@id\":\"https:\/\/www.kredit-vergleich24.com\/postbank\/#breadcrumb\"},\"inLanguage\":\"de\",\"potentialAction\":[{\"@type\":\"ReadAction\",\"target\":[\"https:\/\/www.kredit-vergleich24.com\/postbank\/\"]}]},{\"@type\":\"ImageObject\",\"inLanguage\":\"de\",\"@id\":\"https:\/\/www.kredit-vergleich24.com\/postbank\/#primaryimage\",\"url\":\"http:\/\/www.das-elena-verfahren.de\/kreditvergleich\/wp-content\/uploads\/postbank.png\",\"contentUrl\":\"http:\/\/www.das-elena-verfahren.de\/kreditvergleich\/wp-content\/uploads\/postbank.png\",\"width\":602,\"height\":176,\"caption\":\"Postbank\"},{\"@type\":\"BreadcrumbList\",\"@id\":\"https:\/\/www.kredit-vergleich24.com\/postbank\/#breadcrumb\",\"itemListElement\":[{\"@type\":\"ListItem\",\"position\":1,\"name\":\"Startseite\",\"item\":\"http:\/\/www.das-elena-verfahren.de\/kreditvergleich\/\"},{\"@type\":\"ListItem\",\"position\":2,\"name\":\"Postbank\"}]},{\"@type\":\"WebSite\",\"@id\":\"http:\/\/www.das-elena-verfahren.de\/kreditvergleich\/#website\",\"url\":\"http:\/\/www.das-elena-verfahren.de\/kreditvergleich\/\",\"name\":\"Kredit-Vergleich24.com\",\"description\":\"Kreditvergleich kostenlos\",\"potentialAction\":[{\"@type\":\"SearchAction\",\"target\":{\"@type\":\"EntryPoint\",\"urlTemplate\":\"http:\/\/www.das-elena-verfahren.de\/kreditvergleich\/?s={search_term_string}\"},\"query-input\":{\"@type\":\"PropertyValueSpecification\",\"valueRequired\":true,\"valueName\":\"search_term_string\"}}],\"inLanguage\":\"de\"}]}<\/script>\n<!-- \/ Yoast SEO plugin. -->","yoast_head_json":{"title":"Postbank - Kredite des Bankriesen","robots":{"index":"index","follow":"follow","max-snippet":"max-snippet:-1","max-image-preview":"max-image-preview:large","max-video-preview":"max-video-preview:-1"},"canonical":"https:\/\/www.kredit-vergleich24.com\/postbank\/","twitter_misc":{"Gesch\u00e4tzte Lesezeit":"2\u00a0Minuten"},"schema":{"@context":"https:\/\/schema.org","@graph":[{"@type":"WebPage","@id":"http:\/\/www.das-elena-verfahren.de\/kreditvergleich\/postbank\/","url":"https:\/\/www.kredit-vergleich24.com\/postbank\/","name":"Postbank - Kredite des Bankriesen","isPartOf":{"@id":"http:\/\/www.das-elena-verfahren.de\/kreditvergleich\/#website"},"primaryImageOfPage":{"@id":"https:\/\/www.kredit-vergleich24.com\/postbank\/#primaryimage"},"image":{"@id":"https:\/\/www.kredit-vergleich24.com\/postbank\/#primaryimage"},"thumbnailUrl":"http:\/\/www.das-elena-verfahren.de\/kreditvergleich\/wp-content\/uploads\/postbank.png","datePublished":"2014-12-21T14:24:15+00:00","dateModified":"2017-09-11T17:30:12+00:00","breadcrumb":{"@id":"https:\/\/www.kredit-vergleich24.com\/postbank\/#breadcrumb"},"inLanguage":"de","potentialAction":[{"@type":"ReadAction","target":["https:\/\/www.kredit-vergleich24.com\/postbank\/"]}]},{"@type":"ImageObject","inLanguage":"de","@id":"https:\/\/www.kredit-vergleich24.com\/postbank\/#primaryimage","url":"http:\/\/www.das-elena-verfahren.de\/kreditvergleich\/wp-content\/uploads\/postbank.png","contentUrl":"http:\/\/www.das-elena-verfahren.de\/kreditvergleich\/wp-content\/uploads\/postbank.png","width":602,"height":176,"caption":"Postbank"},{"@type":"BreadcrumbList","@id":"https:\/\/www.kredit-vergleich24.com\/postbank\/#breadcrumb","itemListElement":[{"@type":"ListItem","position":1,"name":"Startseite","item":"http:\/\/www.das-elena-verfahren.de\/kreditvergleich\/"},{"@type":"ListItem","position":2,"name":"Postbank"}]},{"@type":"WebSite","@id":"http:\/\/www.das-elena-verfahren.de\/kreditvergleich\/#website","url":"http:\/\/www.das-elena-verfahren.de\/kreditvergleich\/","name":"Kredit-Vergleich24.com","description":"Kreditvergleich kostenlos","potentialAction":[{"@type":"SearchAction","target":{"@type":"EntryPoint","urlTemplate":"http:\/\/www.das-elena-verfahren.de\/kreditvergleich\/?s={search_term_string}"},"query-input":{"@type":"PropertyValueSpecification","valueRequired":true,"valueName":"search_term_string"}}],"inLanguage":"de"}]}},"_links":{"self":[{"href":"http:\/\/www.das-elena-verfahren.de\/kreditvergleich\/wp-json\/wp\/v2\/pages\/622","targetHints":{"allow":["GET"]}}],"collection":[{"href":"http:\/\/www.das-elena-verfahren.de\/kreditvergleich\/wp-json\/wp\/v2\/pages"}],"about":[{"href":"http:\/\/www.das-elena-verfahren.de\/kreditvergleich\/wp-json\/wp\/v2\/types\/page"}],"author":[{"embeddable":true,"href":"http:\/\/www.das-elena-verfahren.de\/kreditvergleich\/wp-json\/wp\/v2\/users\/2"}],"replies":[{"embeddable":true,"href":"http:\/\/www.das-elena-verfahren.de\/kreditvergleich\/wp-json\/wp\/v2\/comments?post=622"}],"version-history":[{"count":0,"href":"http:\/\/www.das-elena-verfahren.de\/kreditvergleich\/wp-json\/wp\/v2\/pages\/622\/revisions"}],"wp:attachment":[{"href":"http:\/\/www.das-elena-verfahren.de\/kreditvergleich\/wp-json\/wp\/v2\/media?parent=622"}],"curies":[{"name":"wp","href":"https:\/\/api.w.org\/{rel}","templated":true}]}}