{"id":618,"date":"2014-12-21T15:23:54","date_gmt":"2014-12-21T14:23:54","guid":{"rendered":"http:\/\/neu.kredit-vergleich24.com\/?page_id=618"},"modified":"2017-09-11T18:29:50","modified_gmt":"2017-09-11T17:29:50","slug":"onlinekredit-de","status":"publish","type":"page","link":"http:\/\/www.das-elena-verfahren.de\/kreditvergleich\/onlinekredit-de\/","title":{"rendered":"Onlinekredit.de"},"content":{"rendered":"<div id=\"ez-toc-container\" class=\"ez-toc-v2_0_72 counter-hierarchy ez-toc-counter ez-toc-custom ez-toc-container-direction\">\n<p class=\"ez-toc-title\" style=\"cursor:inherit\">Inhaltsverzeichnis<\/p>\n<label for=\"ez-toc-cssicon-toggle-item-69f27c320d730\" class=\"ez-toc-cssicon-toggle-label\"><span class=\"\"><span class=\"eztoc-hide\" style=\"display:none;\">Toggle<\/span><span class=\"ez-toc-icon-toggle-span\"><svg style=\"fill: #ff6600;color:#ff6600\" xmlns=\"http:\/\/www.w3.org\/2000\/svg\" class=\"list-377408\" width=\"20px\" height=\"20px\" viewBox=\"0 0 24 24\" fill=\"none\"><path d=\"M6 6H4v2h2V6zm14 0H8v2h12V6zM4 11h2v2H4v-2zm16 0H8v2h12v-2zM4 16h2v2H4v-2zm16 0H8v2h12v-2z\" fill=\"currentColor\"><\/path><\/svg><svg style=\"fill: #ff6600;color:#ff6600\" class=\"arrow-unsorted-368013\" xmlns=\"http:\/\/www.w3.org\/2000\/svg\" width=\"10px\" height=\"10px\" viewBox=\"0 0 24 24\" version=\"1.2\" baseProfile=\"tiny\"><path d=\"M18.2 9.3l-6.2-6.3-6.2 6.3c-.2.2-.3.4-.3.7s.1.5.3.7c.2.2.4.3.7.3h11c.3 0 .5-.1.7-.3.2-.2.3-.5.3-.7s-.1-.5-.3-.7zM5.8 14.7l6.2 6.3 6.2-6.3c.2-.2.3-.5.3-.7s-.1-.5-.3-.7c-.2-.2-.4-.3-.7-.3h-11c-.3 0-.5.1-.7.3-.2.2-.3.5-.3.7s.1.5.3.7z\"\/><\/svg><\/span><\/span><\/label><input type=\"checkbox\"  id=\"ez-toc-cssicon-toggle-item-69f27c320d730\"  aria-label=\"Toggle\" \/><nav><ul class='ez-toc-list ez-toc-list-level-1 ' ><li class='ez-toc-page-1 ez-toc-heading-level-2'><a class=\"ez-toc-link ez-toc-heading-1\" href=\"http:\/\/www.das-elena-verfahren.de\/kreditvergleich\/onlinekredit-de\/#kredite-der-onlinekreditde\" title=\"Kredite der Onlinekredit.de\">Kredite der Onlinekredit.de<\/a><ul class='ez-toc-list-level-3' ><li class='ez-toc-heading-level-3'><a class=\"ez-toc-link ez-toc-heading-2\" href=\"http:\/\/www.das-elena-verfahren.de\/kreditvergleich\/onlinekredit-de\/#allgemeine-informationen-zu-onlinekreditde\" title=\"Allgemeine Informationen zu Onlinekredit.de\">Allgemeine Informationen zu Onlinekredit.de<\/a><\/li><li class='ez-toc-page-1 ez-toc-heading-level-3'><a class=\"ez-toc-link ez-toc-heading-3\" href=\"http:\/\/www.das-elena-verfahren.de\/kreditvergleich\/onlinekredit-de\/#anschrift-und-geschaeftsinformationen-von-onlinekreditde\" title=\"Anschrift und Gesch\u00e4ftsinformationen von Onlinekredit.de\">Anschrift und Gesch\u00e4ftsinformationen von Onlinekredit.de<\/a><\/li><\/ul><\/li><\/ul><\/nav><\/div>\n<h2><span class=\"ez-toc-section\" id=\"kredite-der-onlinekreditde\"><\/span>Kredite der Onlinekredit.de<span class=\"ez-toc-section-end\"><\/span><\/h2>\n<p>Es gibt unglaublich viele Kreditprodukte, die bei Onlinekredit.de in Anspruch genommen werden k\u00f6nnen. In einem besonderen Ma\u00dfe hervorzuheben sind dabei die <a href=\"http:\/\/www.das-elena-verfahren.de\/kreditvergleich\/privatkredit\/\" title=\"Privatkundendarlehen\">Privatkundendarlehen<\/a>, die auf die unterschiedlichsten Bed\u00fcrfnisse ausgerichtet sind und in erster Linie durch ihre unkomplizierte Nutzbarkeit zu \u00fcberzeugen wissen. <\/p>\n<p>Zwar bietet Onlinekredit.de aufgrund der Individualisierbarkeit der Darlehen eine Vielzahl an unterschiedlichen Kreditmodellen, die jedoch allesamt in einen einzigen Kredit zusammengefasst werden. Daher findet man auf der Website auch <a href=\"http:\/\/www.das-elena-verfahren.de\/kreditvergleich\/onlinekredit\/\" title=\"nur den Onlinekredit\">nur den Onlinekredit<\/a> vor, der jedoch die Bed\u00fcrfnisse der Kunden in jeglicher Hinsicht zu befriedigen wei\u00df.<\/p>\n<p>Signifikant am Onlinekredit von Onlinekredit.de ist die \u00dcbersichtlichkeit. Auch als Laie im World Wide Web kann man dieses Darlehen schnell und unkompliziert beantragen. Onlinekredit.de listet s\u00e4mtliche Unterlagen, die f\u00fcr einen erfolgreichen Antrag ben\u00f6tigt werden auf und beantwortet auch direkt die wichtigsten Fragen zu seinem Kredit.<\/p>\n<p>Beantragt werden kann der Onlinekredit des Anbieters zwar <a href=\"http:\/\/www.das-elena-verfahren.de\/kreditvergleich\/\" title=\"direkt online bei uns im Kreditvergleich\">direkt online bei uns im Kreditvergleich<\/a>, dennoch werden einige weitere Dokumente ben\u00f6tigt, um die im Internet angegebenen Daten \u00fcberpr\u00fcfen zu k\u00f6nnen. Deshalb ist auch zu beachten, dass der Kredit erst nach etwa zwei Wochen bei erfolgreicher \u00dcberpr\u00fcfung aktiviert und die Kreditsumme ausgezahlt wird.<\/p>\n<div class=\"vornach\">\n<div class=\"vorteil\">\n<div class=\"vplus\">+<\/div>\n<ul>\n<li>Sondertilgungen stets m\u00f6glich<\/li>\n<li>Keine Geb\u00fchren f\u00fcr Bearbeitung<\/li>\n<li>Garantierter Festzins<\/li>\n<li>Erste Rate sp\u00e4ter bezahlen<\/li>\n<li>Letzte Rate wird geschenkt<\/li>\n<li>Online-Support mit hoher Qualit\u00e4t<\/li>\n<li>Bereits mehrfach ausgezeichnet<\/li>\n<li>Datenzertifikate gegen Missbrauch<\/li>\n<\/ul>\n<\/div>\n<div class=\"nachteil\">\n<div class=\"vminus\">&#8211;<\/div>\n<ul>\n<li>Wenige Kreditangebote<\/li>\n<li>Geringe Bekanntheit<\/li>\n<li>Geringer Erfahrungsgrad<\/li>\n<\/ul>\n<\/div>\n<\/div>\n<div style=\"clear:both;\"><\/div>\n<h3><span class=\"ez-toc-section\" id=\"allgemeine-informationen-zu-onlinekreditde\"><\/span>Allgemeine Informationen zu Onlinekredit.de<span class=\"ez-toc-section-end\"><\/span><\/h3>\n<p>Onlinekredit.de ist keine Bank im praktischen Sinne, sondern eine Onlinemarke f\u00fcr Finanzprodukte. Diese geh\u00f6rt zur SWK Bank, die mit Onlinekredit.de den Onlinemarkt vollst\u00e4ndig abdecken m\u00f6chte. Hervorzuheben bei dieser Webmarke ist vor allem die Transparenz und unkomplizierte Inanspruchnahme der Finanzprodukte. Diese werden bis ins Detail gekl\u00e4rt. Sollten trotz der zahlreichen Informationen zum Sortiment auf der Website von Onlinekredit.de Fragen offen bleiben, steht ein kompetent agierender Support per Mail oder Hotline bereit.<\/p>\n<h3><span class=\"ez-toc-section\" id=\"anschrift-und-geschaeftsinformationen-von-onlinekreditde\"><\/span>Anschrift und Gesch\u00e4ftsinformationen von Onlinekredit.de<span class=\"ez-toc-section-end\"><\/span><\/h3>\n<ul>\n<li>Anschrift: S\u00fcd-West-Kreditbank Finanzierung GmbH, Am Ockenheimer Graben 52, D-55411 Bingen am Rhein<\/li>\n<li>Mail: info@onlinekredit.de<\/li>\n<li>Internet: https:\/\/www.onlinekredit.de\/<\/li>\n<li>BLZ: 550 207 00<\/li>\n<li>BIC: SUFGDE51XXX<\/li>\n<li>Gesch\u00e4ftsf\u00fchrer: Alfred Geitz (Sprecher), Ulf Meyer, Michael Moschner<\/li>\n<li>Handelsregister: Amtsgericht Mainz, HRB 21815<\/li>\n<li>Umsatzsteuer-ID: DE 811127781<\/li>\n<\/ul>\n","protected":false},"excerpt":{"rendered":"<p>Kredite der Onlinekredit.de Es gibt unglaublich viele Kreditprodukte, die bei Onlinekredit.de in Anspruch genommen werden k\u00f6nnen. In einem besonderen Ma\u00dfe hervorzuheben sind dabei die Privatkundendarlehen, die auf die unterschiedlichsten Bed\u00fcrfnisse ausgerichtet sind und in erster Linie durch ihre unkomplizierte Nutzbarkeit zu \u00fcberzeugen wissen. Zwar bietet Onlinekredit.de aufgrund der Individualisierbarkeit der Darlehen eine Vielzahl an unterschiedlichen [&hellip;]<\/p>\n","protected":false},"author":2,"featured_media":0,"parent":0,"menu_order":0,"comment_status":"open","ping_status":"closed","template":"","meta":{"_acf_changed":false,"footnotes":""},"class_list":["post-618","page","type-page","status-publish","hentry"],"acf":[],"yoast_head":"<!-- This site is optimized with the Yoast SEO plugin v24.6 - https:\/\/yoast.com\/wordpress\/plugins\/seo\/ -->\n<title>Kredite der Onlinekredit.de<\/title>\n<meta name=\"robots\" content=\"index, follow, max-snippet:-1, max-image-preview:large, max-video-preview:-1\" \/>\n<link rel=\"canonical\" href=\"https:\/\/www.kredit-vergleich24.com\/onlinekredit-de\/\" \/>\n<meta name=\"twitter:label1\" content=\"Gesch\u00e4tzte Lesezeit\" \/>\n\t<meta name=\"twitter:data1\" content=\"2\u00a0Minuten\" \/>\n<script type=\"application\/ld+json\" class=\"yoast-schema-graph\">{\"@context\":\"https:\/\/schema.org\",\"@graph\":[{\"@type\":\"WebPage\",\"@id\":\"http:\/\/www.das-elena-verfahren.de\/kreditvergleich\/onlinekredit-de\/\",\"url\":\"https:\/\/www.kredit-vergleich24.com\/onlinekredit-de\/\",\"name\":\"Kredite der Onlinekredit.de\",\"isPartOf\":{\"@id\":\"http:\/\/www.das-elena-verfahren.de\/kreditvergleich\/#website\"},\"datePublished\":\"2014-12-21T14:23:54+00:00\",\"dateModified\":\"2017-09-11T17:29:50+00:00\",\"breadcrumb\":{\"@id\":\"https:\/\/www.kredit-vergleich24.com\/onlinekredit-de\/#breadcrumb\"},\"inLanguage\":\"de\",\"potentialAction\":[{\"@type\":\"ReadAction\",\"target\":[\"https:\/\/www.kredit-vergleich24.com\/onlinekredit-de\/\"]}]},{\"@type\":\"BreadcrumbList\",\"@id\":\"https:\/\/www.kredit-vergleich24.com\/onlinekredit-de\/#breadcrumb\",\"itemListElement\":[{\"@type\":\"ListItem\",\"position\":1,\"name\":\"Startseite\",\"item\":\"http:\/\/www.das-elena-verfahren.de\/kreditvergleich\/\"},{\"@type\":\"ListItem\",\"position\":2,\"name\":\"Onlinekredit.de\"}]},{\"@type\":\"WebSite\",\"@id\":\"http:\/\/www.das-elena-verfahren.de\/kreditvergleich\/#website\",\"url\":\"http:\/\/www.das-elena-verfahren.de\/kreditvergleich\/\",\"name\":\"Kredit-Vergleich24.com\",\"description\":\"Kreditvergleich kostenlos\",\"potentialAction\":[{\"@type\":\"SearchAction\",\"target\":{\"@type\":\"EntryPoint\",\"urlTemplate\":\"http:\/\/www.das-elena-verfahren.de\/kreditvergleich\/?s={search_term_string}\"},\"query-input\":{\"@type\":\"PropertyValueSpecification\",\"valueRequired\":true,\"valueName\":\"search_term_string\"}}],\"inLanguage\":\"de\"}]}<\/script>\n<!-- \/ Yoast SEO plugin. -->","yoast_head_json":{"title":"Kredite der Onlinekredit.de","robots":{"index":"index","follow":"follow","max-snippet":"max-snippet:-1","max-image-preview":"max-image-preview:large","max-video-preview":"max-video-preview:-1"},"canonical":"https:\/\/www.kredit-vergleich24.com\/onlinekredit-de\/","twitter_misc":{"Gesch\u00e4tzte Lesezeit":"2\u00a0Minuten"},"schema":{"@context":"https:\/\/schema.org","@graph":[{"@type":"WebPage","@id":"http:\/\/www.das-elena-verfahren.de\/kreditvergleich\/onlinekredit-de\/","url":"https:\/\/www.kredit-vergleich24.com\/onlinekredit-de\/","name":"Kredite der Onlinekredit.de","isPartOf":{"@id":"http:\/\/www.das-elena-verfahren.de\/kreditvergleich\/#website"},"datePublished":"2014-12-21T14:23:54+00:00","dateModified":"2017-09-11T17:29:50+00:00","breadcrumb":{"@id":"https:\/\/www.kredit-vergleich24.com\/onlinekredit-de\/#breadcrumb"},"inLanguage":"de","potentialAction":[{"@type":"ReadAction","target":["https:\/\/www.kredit-vergleich24.com\/onlinekredit-de\/"]}]},{"@type":"BreadcrumbList","@id":"https:\/\/www.kredit-vergleich24.com\/onlinekredit-de\/#breadcrumb","itemListElement":[{"@type":"ListItem","position":1,"name":"Startseite","item":"http:\/\/www.das-elena-verfahren.de\/kreditvergleich\/"},{"@type":"ListItem","position":2,"name":"Onlinekredit.de"}]},{"@type":"WebSite","@id":"http:\/\/www.das-elena-verfahren.de\/kreditvergleich\/#website","url":"http:\/\/www.das-elena-verfahren.de\/kreditvergleich\/","name":"Kredit-Vergleich24.com","description":"Kreditvergleich kostenlos","potentialAction":[{"@type":"SearchAction","target":{"@type":"EntryPoint","urlTemplate":"http:\/\/www.das-elena-verfahren.de\/kreditvergleich\/?s={search_term_string}"},"query-input":{"@type":"PropertyValueSpecification","valueRequired":true,"valueName":"search_term_string"}}],"inLanguage":"de"}]}},"_links":{"self":[{"href":"http:\/\/www.das-elena-verfahren.de\/kreditvergleich\/wp-json\/wp\/v2\/pages\/618","targetHints":{"allow":["GET"]}}],"collection":[{"href":"http:\/\/www.das-elena-verfahren.de\/kreditvergleich\/wp-json\/wp\/v2\/pages"}],"about":[{"href":"http:\/\/www.das-elena-verfahren.de\/kreditvergleich\/wp-json\/wp\/v2\/types\/page"}],"author":[{"embeddable":true,"href":"http:\/\/www.das-elena-verfahren.de\/kreditvergleich\/wp-json\/wp\/v2\/users\/2"}],"replies":[{"embeddable":true,"href":"http:\/\/www.das-elena-verfahren.de\/kreditvergleich\/wp-json\/wp\/v2\/comments?post=618"}],"version-history":[{"count":0,"href":"http:\/\/www.das-elena-verfahren.de\/kreditvergleich\/wp-json\/wp\/v2\/pages\/618\/revisions"}],"wp:attachment":[{"href":"http:\/\/www.das-elena-verfahren.de\/kreditvergleich\/wp-json\/wp\/v2\/media?parent=618"}],"curies":[{"name":"wp","href":"https:\/\/api.w.org\/{rel}","templated":true}]}}