{"id":614,"date":"2014-12-21T15:23:36","date_gmt":"2014-12-21T14:23:36","guid":{"rendered":"http:\/\/neu.kredit-vergleich24.com\/?page_id=614"},"modified":"2017-09-11T18:29:03","modified_gmt":"2017-09-11T17:29:03","slug":"netbank","status":"publish","type":"page","link":"http:\/\/www.das-elena-verfahren.de\/kreditvergleich\/netbank\/","title":{"rendered":"Netbank"},"content":{"rendered":"<p><img loading=\"lazy\" decoding=\"async\" src=\"http:\/\/www.das-elena-verfahren.de\/kreditvergleich\/wp-content\/uploads\/netbank.png\" alt=\"netbank\" width=\"1134\" height=\"309\" class=\"aligncenter size-full wp-image-863 logogross\" srcset=\"http:\/\/www.das-elena-verfahren.de\/kreditvergleich\/wp-content\/uploads\/netbank.png 1134w, http:\/\/www.das-elena-verfahren.de\/kreditvergleich\/wp-content\/uploads\/netbank-300x82.png 300w, http:\/\/www.das-elena-verfahren.de\/kreditvergleich\/wp-content\/uploads\/netbank-1024x279.png 1024w\" sizes=\"auto, (max-width: 1134px) 100vw, 1134px\" \/><\/p>\n<div id=\"ez-toc-container\" class=\"ez-toc-v2_0_72 counter-hierarchy ez-toc-counter ez-toc-custom ez-toc-container-direction\">\n<p class=\"ez-toc-title\" style=\"cursor:inherit\">Inhaltsverzeichnis<\/p>\n<label for=\"ez-toc-cssicon-toggle-item-69e50e73d6bc5\" class=\"ez-toc-cssicon-toggle-label\"><span class=\"\"><span class=\"eztoc-hide\" style=\"display:none;\">Toggle<\/span><span class=\"ez-toc-icon-toggle-span\"><svg style=\"fill: #ff6600;color:#ff6600\" xmlns=\"http:\/\/www.w3.org\/2000\/svg\" class=\"list-377408\" width=\"20px\" height=\"20px\" viewBox=\"0 0 24 24\" fill=\"none\"><path d=\"M6 6H4v2h2V6zm14 0H8v2h12V6zM4 11h2v2H4v-2zm16 0H8v2h12v-2zM4 16h2v2H4v-2zm16 0H8v2h12v-2z\" fill=\"currentColor\"><\/path><\/svg><svg style=\"fill: #ff6600;color:#ff6600\" class=\"arrow-unsorted-368013\" xmlns=\"http:\/\/www.w3.org\/2000\/svg\" width=\"10px\" height=\"10px\" viewBox=\"0 0 24 24\" version=\"1.2\" baseProfile=\"tiny\"><path d=\"M18.2 9.3l-6.2-6.3-6.2 6.3c-.2.2-.3.4-.3.7s.1.5.3.7c.2.2.4.3.7.3h11c.3 0 .5-.1.7-.3.2-.2.3-.5.3-.7s-.1-.5-.3-.7zM5.8 14.7l6.2 6.3 6.2-6.3c.2-.2.3-.5.3-.7s-.1-.5-.3-.7c-.2-.2-.4-.3-.7-.3h-11c-.3 0-.5.1-.7.3-.2.2-.3.5-.3.7s.1.5.3.7z\"\/><\/svg><\/span><\/span><\/label><input type=\"checkbox\"  id=\"ez-toc-cssicon-toggle-item-69e50e73d6bc5\"  aria-label=\"Toggle\" \/><nav><ul class='ez-toc-list ez-toc-list-level-1 ' ><li class='ez-toc-page-1 ez-toc-heading-level-2'><a class=\"ez-toc-link ez-toc-heading-1\" href=\"http:\/\/www.das-elena-verfahren.de\/kreditvergleich\/netbank\/#kredite-der-netbank\" title=\"Kredite der Netbank\">Kredite der Netbank<\/a><ul class='ez-toc-list-level-3' ><li class='ez-toc-heading-level-3'><a class=\"ez-toc-link ez-toc-heading-2\" href=\"http:\/\/www.das-elena-verfahren.de\/kreditvergleich\/netbank\/#allgemeine-informationen-zur-netbank\" title=\"Allgemeine Informationen zur Netbank\">Allgemeine Informationen zur Netbank<\/a><\/li><li class='ez-toc-page-1 ez-toc-heading-level-3'><a class=\"ez-toc-link ez-toc-heading-3\" href=\"http:\/\/www.das-elena-verfahren.de\/kreditvergleich\/netbank\/#anschrift-und-geschaeftsinformationen-zur-netbank\" title=\"Anschrift und Gesch\u00e4ftsinformationen zur Netbank\">Anschrift und Gesch\u00e4ftsinformationen zur Netbank<\/a><\/li><\/ul><\/li><\/ul><\/nav><\/div>\n<h2><span class=\"ez-toc-section\" id=\"kredite-der-netbank\"><\/span>Kredite der Netbank<span class=\"ez-toc-section-end\"><\/span><\/h2>\n<p>Die Netbank bietet eine riesige Auswahl an Krediten, wobei zwei Darlehensarten vor allem f\u00fcr Privatkunden interessant sind. Dabei handelt es sich um folgende Kreditgattungen:<\/p>\n<ul>\n<li>Ratenkredit<\/li>\n<li>Kleinkredit<\/li>\n<\/ul>\n<p>Beide Kreditarten bieten eine Vielzahl an Vorteilen. W\u00e4hrend <a href=\"http:\/\/www.das-elena-verfahren.de\/kreditvergleich\/kleinkredit\/\" title=\"der Kleinkredit\">der Kleinkredit<\/a> kurze Laufzeiten und einen schnellen Kreditzugang erm\u00f6glicht, begeistert <a href=\"http:\/\/www.das-elena-verfahren.de\/kreditvergleich\/ratenkredit\/\" title=\"der Ratenkredit\">der Ratenkredit<\/a> mit flexiblen R\u00fcckzahlungsoptionen, fairen Konditionen und variablen Laufzeiten.<\/p>\n<p>Auch f\u00fcr Unternehmen bietet die Netbank verschiedene Kreditangebote. Der Kredit f\u00fcr Selbstst\u00e4ndige &#038; Freiberufler ist f\u00fcr all jene gedacht, die kurzfristig an Fremdkapital gelangen m\u00f6chten. Es gibt viele Gestaltungsoptionen bei der Nutzung dieses Darlehens. Besonders hervorzuheben sind die sofortige Zusage oder Absage bei einer Kreditanfrage auf der offiziellen Website der Netbank und das Leisten einer Sondertilgung.<\/p>\n<p>Sowohl private als auch gesch\u00e4ftliche Kunden k\u00f6nnen dar\u00fcber hinaus <a href=\"http:\/\/www.das-elena-verfahren.de\/kreditvergleich\/baufinanzierung\/\" title=\"Kreditangebote f\u00fcr eine Baufinanzierung\">Kreditangebote f\u00fcr eine Baufinanzierung<\/a> nutzen. Ob eine Modernisierung oder ein Eigenheim \u2013 die Netbank geht stets auf die Bed\u00fcrfnisse ihrer Kunden ein. Es gibt zudem eine kostenlose Beratung und insgesamt tagesaktuelle Angebote von 70 Baufinanzierern.<\/p>\n<p>Die von der Netbank bereitgestellte Beratung erfolgt ausschlie\u00dflich im Internet, da es sich um eine Direktbank ohne eigene Filialen handelt. Der Vorteil hieran liegt am Kostenvorteil durch fehlende Mietbelastungen und Personalausgaben bei der Netbank, von dem auch die Kunden profitieren k\u00f6nnen.<\/p>\n<div class=\"vornach\">\n<div class=\"vorteil\">\n<div class=\"vplus\">+<\/div>\n<ul>\n<li>Gute Beratung<\/li>\n<li>Kein Bearbeitungsentgelt<\/li>\n<li>Sofortzusage oder \u2013absage<\/li>\n<li>Trotz geringer Erfahrung kompetent<\/li>\n<li>Ma\u00dfgeschneidert bis ins Detail<\/li>\n<li>Geringere H\u00fcrden f\u00fcr Businesskunden<\/li>\n<li>Vermittlung von Baufinanzierungen<\/li>\n<li>Regelm\u00e4\u00dfige Kreditspecials<\/li>\n<\/ul>\n<\/div>\n<div class=\"nachteil\">\n<div class=\"vminus\">&#8211;<\/div>\n<ul>\n<li>Geringes Kreditangebot<\/li>\n<li>Geringer Bekanntheitsgrad<\/li>\n<\/ul>\n<\/div>\n<\/div>\n<div style=\"clear:both;\"><\/div>\n<h3><span class=\"ez-toc-section\" id=\"allgemeine-informationen-zur-netbank\"><\/span>Allgemeine Informationen zur Netbank<span class=\"ez-toc-section-end\"><\/span><\/h3>\n<p>Die Netbank ging im Jahre 1998 aus der Fusion von insgesamt sieben Banken der Spada-Gruppe hervor. 1999 wurde der Betrieb aufgenommen und nur drei Jahre sp\u00e4ter mit Erreichen der Gewinnschwelle ein erster Erfolg gemeldet. Ihren Hauptsitz hat die Netbank in Hamburg, wo insgesamt 37 Mitarbeiter angestellt sind. Das Kreditinstitut spezialisiert sich auf das Universalbankgesch\u00e4ft, das Tagesgeld- und Girokonto. Es gibt zudem Ratenkredite, die jedoch nicht von der Netbank selbst, sondern vom Finanz- und Verm\u00f6gensberater MLP zur Verf\u00fcgung gestellt werden. Zu den Anteilseignern der Netbank geh\u00f6ren die Landesbank Berlin AG mit einem Stammkapital von 74,99 Prozent, die Spada-Bank Hamburg eG mit 9,71 und die Spada-Bank West eG mit 7,64. Auch die Sparda-Bank Baden-W\u00fcrttemberg eG mit 5,09, die Sparda-Bank N\u00fcrnberg eG mit 2,55 und Heinz Wings mit 0,01 Prozent z\u00e4hlen zu den Anteilseignern der Netbank.<\/p>\n<h3><span class=\"ez-toc-section\" id=\"anschrift-und-geschaeftsinformationen-zur-netbank\"><\/span>Anschrift und Gesch\u00e4ftsinformationen zur Netbank<span class=\"ez-toc-section-end\"><\/span><\/h3>\n<ul>\n<li>Anschrift: netbank AG, Max-Brauer-Allee 62-64, D-22765 Hamburg<\/li>\n<li>Mail: info@netbank.de<\/li>\n<li>Internet: http:\/\/www.netbank.de\/<\/li>\n<li>BLZ: 200 905 00<\/li>\n<li>BIC: GENODEF1S15<\/li>\n<li>Gesch\u00e4ftsf\u00fchrer: Natascha Klimek, Peer Teske<\/li>\n<li>Handelsregister: Amtsgericht Hamburg, HRB 68967<\/li>\n<li>Umsatzsteuer-ID: DE 193322690<\/li>\n<\/ul>\n","protected":false},"excerpt":{"rendered":"<p>Kredite der Netbank Die Netbank bietet eine riesige Auswahl an Krediten, wobei zwei Darlehensarten vor allem f\u00fcr Privatkunden interessant sind. Dabei handelt es sich um folgende Kreditgattungen: Ratenkredit Kleinkredit Beide Kreditarten bieten eine Vielzahl an Vorteilen. W\u00e4hrend der Kleinkredit kurze Laufzeiten und einen schnellen Kreditzugang erm\u00f6glicht, begeistert der Ratenkredit mit flexiblen R\u00fcckzahlungsoptionen, fairen Konditionen und [&hellip;]<\/p>\n","protected":false},"author":2,"featured_media":0,"parent":0,"menu_order":0,"comment_status":"open","ping_status":"closed","template":"","meta":{"_acf_changed":false,"footnotes":""},"class_list":["post-614","page","type-page","status-publish","hentry"],"acf":[],"yoast_head":"<!-- This site is optimized with the Yoast SEO plugin v24.6 - https:\/\/yoast.com\/wordpress\/plugins\/seo\/ -->\n<title>Netbank - Kredite von Deutschlands erster Internetbank<\/title>\n<meta name=\"robots\" content=\"index, follow, max-snippet:-1, max-image-preview:large, max-video-preview:-1\" \/>\n<link rel=\"canonical\" href=\"https:\/\/www.kredit-vergleich24.com\/netbank\/\" \/>\n<meta name=\"twitter:label1\" content=\"Gesch\u00e4tzte Lesezeit\" \/>\n\t<meta name=\"twitter:data1\" content=\"2\u00a0Minuten\" \/>\n<script type=\"application\/ld+json\" class=\"yoast-schema-graph\">{\"@context\":\"https:\/\/schema.org\",\"@graph\":[{\"@type\":\"WebPage\",\"@id\":\"http:\/\/www.das-elena-verfahren.de\/kreditvergleich\/netbank\/\",\"url\":\"https:\/\/www.kredit-vergleich24.com\/netbank\/\",\"name\":\"Netbank - Kredite von Deutschlands erster Internetbank\",\"isPartOf\":{\"@id\":\"http:\/\/www.das-elena-verfahren.de\/kreditvergleich\/#website\"},\"primaryImageOfPage\":{\"@id\":\"https:\/\/www.kredit-vergleich24.com\/netbank\/#primaryimage\"},\"image\":{\"@id\":\"https:\/\/www.kredit-vergleich24.com\/netbank\/#primaryimage\"},\"thumbnailUrl\":\"http:\/\/www.das-elena-verfahren.de\/kreditvergleich\/wp-content\/uploads\/netbank.png\",\"datePublished\":\"2014-12-21T14:23:36+00:00\",\"dateModified\":\"2017-09-11T17:29:03+00:00\",\"breadcrumb\":{\"@id\":\"https:\/\/www.kredit-vergleich24.com\/netbank\/#breadcrumb\"},\"inLanguage\":\"de\",\"potentialAction\":[{\"@type\":\"ReadAction\",\"target\":[\"https:\/\/www.kredit-vergleich24.com\/netbank\/\"]}]},{\"@type\":\"ImageObject\",\"inLanguage\":\"de\",\"@id\":\"https:\/\/www.kredit-vergleich24.com\/netbank\/#primaryimage\",\"url\":\"http:\/\/www.das-elena-verfahren.de\/kreditvergleich\/wp-content\/uploads\/netbank.png\",\"contentUrl\":\"http:\/\/www.das-elena-verfahren.de\/kreditvergleich\/wp-content\/uploads\/netbank.png\",\"width\":229,\"height\":54,\"caption\":\"Netbank\"},{\"@type\":\"BreadcrumbList\",\"@id\":\"https:\/\/www.kredit-vergleich24.com\/netbank\/#breadcrumb\",\"itemListElement\":[{\"@type\":\"ListItem\",\"position\":1,\"name\":\"Startseite\",\"item\":\"http:\/\/www.das-elena-verfahren.de\/kreditvergleich\/\"},{\"@type\":\"ListItem\",\"position\":2,\"name\":\"Netbank\"}]},{\"@type\":\"WebSite\",\"@id\":\"http:\/\/www.das-elena-verfahren.de\/kreditvergleich\/#website\",\"url\":\"http:\/\/www.das-elena-verfahren.de\/kreditvergleich\/\",\"name\":\"Kredit-Vergleich24.com\",\"description\":\"Kreditvergleich kostenlos\",\"potentialAction\":[{\"@type\":\"SearchAction\",\"target\":{\"@type\":\"EntryPoint\",\"urlTemplate\":\"http:\/\/www.das-elena-verfahren.de\/kreditvergleich\/?s={search_term_string}\"},\"query-input\":{\"@type\":\"PropertyValueSpecification\",\"valueRequired\":true,\"valueName\":\"search_term_string\"}}],\"inLanguage\":\"de\"}]}<\/script>\n<!-- \/ Yoast SEO plugin. -->","yoast_head_json":{"title":"Netbank - Kredite von Deutschlands erster Internetbank","robots":{"index":"index","follow":"follow","max-snippet":"max-snippet:-1","max-image-preview":"max-image-preview:large","max-video-preview":"max-video-preview:-1"},"canonical":"https:\/\/www.kredit-vergleich24.com\/netbank\/","twitter_misc":{"Gesch\u00e4tzte Lesezeit":"2\u00a0Minuten"},"schema":{"@context":"https:\/\/schema.org","@graph":[{"@type":"WebPage","@id":"http:\/\/www.das-elena-verfahren.de\/kreditvergleich\/netbank\/","url":"https:\/\/www.kredit-vergleich24.com\/netbank\/","name":"Netbank - Kredite von Deutschlands erster Internetbank","isPartOf":{"@id":"http:\/\/www.das-elena-verfahren.de\/kreditvergleich\/#website"},"primaryImageOfPage":{"@id":"https:\/\/www.kredit-vergleich24.com\/netbank\/#primaryimage"},"image":{"@id":"https:\/\/www.kredit-vergleich24.com\/netbank\/#primaryimage"},"thumbnailUrl":"http:\/\/www.das-elena-verfahren.de\/kreditvergleich\/wp-content\/uploads\/netbank.png","datePublished":"2014-12-21T14:23:36+00:00","dateModified":"2017-09-11T17:29:03+00:00","breadcrumb":{"@id":"https:\/\/www.kredit-vergleich24.com\/netbank\/#breadcrumb"},"inLanguage":"de","potentialAction":[{"@type":"ReadAction","target":["https:\/\/www.kredit-vergleich24.com\/netbank\/"]}]},{"@type":"ImageObject","inLanguage":"de","@id":"https:\/\/www.kredit-vergleich24.com\/netbank\/#primaryimage","url":"http:\/\/www.das-elena-verfahren.de\/kreditvergleich\/wp-content\/uploads\/netbank.png","contentUrl":"http:\/\/www.das-elena-verfahren.de\/kreditvergleich\/wp-content\/uploads\/netbank.png","width":229,"height":54,"caption":"Netbank"},{"@type":"BreadcrumbList","@id":"https:\/\/www.kredit-vergleich24.com\/netbank\/#breadcrumb","itemListElement":[{"@type":"ListItem","position":1,"name":"Startseite","item":"http:\/\/www.das-elena-verfahren.de\/kreditvergleich\/"},{"@type":"ListItem","position":2,"name":"Netbank"}]},{"@type":"WebSite","@id":"http:\/\/www.das-elena-verfahren.de\/kreditvergleich\/#website","url":"http:\/\/www.das-elena-verfahren.de\/kreditvergleich\/","name":"Kredit-Vergleich24.com","description":"Kreditvergleich kostenlos","potentialAction":[{"@type":"SearchAction","target":{"@type":"EntryPoint","urlTemplate":"http:\/\/www.das-elena-verfahren.de\/kreditvergleich\/?s={search_term_string}"},"query-input":{"@type":"PropertyValueSpecification","valueRequired":true,"valueName":"search_term_string"}}],"inLanguage":"de"}]}},"_links":{"self":[{"href":"http:\/\/www.das-elena-verfahren.de\/kreditvergleich\/wp-json\/wp\/v2\/pages\/614","targetHints":{"allow":["GET"]}}],"collection":[{"href":"http:\/\/www.das-elena-verfahren.de\/kreditvergleich\/wp-json\/wp\/v2\/pages"}],"about":[{"href":"http:\/\/www.das-elena-verfahren.de\/kreditvergleich\/wp-json\/wp\/v2\/types\/page"}],"author":[{"embeddable":true,"href":"http:\/\/www.das-elena-verfahren.de\/kreditvergleich\/wp-json\/wp\/v2\/users\/2"}],"replies":[{"embeddable":true,"href":"http:\/\/www.das-elena-verfahren.de\/kreditvergleich\/wp-json\/wp\/v2\/comments?post=614"}],"version-history":[{"count":0,"href":"http:\/\/www.das-elena-verfahren.de\/kreditvergleich\/wp-json\/wp\/v2\/pages\/614\/revisions"}],"wp:attachment":[{"href":"http:\/\/www.das-elena-verfahren.de\/kreditvergleich\/wp-json\/wp\/v2\/media?parent=614"}],"curies":[{"name":"wp","href":"https:\/\/api.w.org\/{rel}","templated":true}]}}