{"id":610,"date":"2014-12-21T15:23:15","date_gmt":"2014-12-21T14:23:15","guid":{"rendered":"http:\/\/neu.kredit-vergleich24.com\/?page_id=610"},"modified":"2017-09-11T18:27:31","modified_gmt":"2017-09-11T17:27:31","slug":"dsl-bank","status":"publish","type":"page","link":"http:\/\/www.das-elena-verfahren.de\/kreditvergleich\/dsl-bank\/","title":{"rendered":"DSL Bank"},"content":{"rendered":"<p><img loading=\"lazy\" decoding=\"async\" class=\"aligncenter size-full wp-image-875 logogross\" src=\"http:\/\/www.das-elena-verfahren.de\/kreditvergleich\/wp-content\/uploads\/dsl-bank.png\" alt=\"DSL Bank\" width=\"1024\" height=\"438\" srcset=\"http:\/\/www.das-elena-verfahren.de\/kreditvergleich\/wp-content\/uploads\/dsl-bank.png 1024w, http:\/\/www.das-elena-verfahren.de\/kreditvergleich\/wp-content\/uploads\/dsl-bank-300x128.png 300w\" sizes=\"auto, (max-width: 1024px) 100vw, 1024px\" \/><\/p>\n<div id=\"ez-toc-container\" class=\"ez-toc-v2_0_72 counter-hierarchy ez-toc-counter ez-toc-custom ez-toc-container-direction\">\n<p class=\"ez-toc-title\" style=\"cursor:inherit\">Inhaltsverzeichnis<\/p>\n<label for=\"ez-toc-cssicon-toggle-item-69e0e8cb8043e\" class=\"ez-toc-cssicon-toggle-label\"><span class=\"\"><span class=\"eztoc-hide\" style=\"display:none;\">Toggle<\/span><span class=\"ez-toc-icon-toggle-span\"><svg style=\"fill: #ff6600;color:#ff6600\" xmlns=\"http:\/\/www.w3.org\/2000\/svg\" class=\"list-377408\" width=\"20px\" height=\"20px\" viewBox=\"0 0 24 24\" fill=\"none\"><path d=\"M6 6H4v2h2V6zm14 0H8v2h12V6zM4 11h2v2H4v-2zm16 0H8v2h12v-2zM4 16h2v2H4v-2zm16 0H8v2h12v-2z\" fill=\"currentColor\"><\/path><\/svg><svg style=\"fill: #ff6600;color:#ff6600\" class=\"arrow-unsorted-368013\" xmlns=\"http:\/\/www.w3.org\/2000\/svg\" width=\"10px\" height=\"10px\" viewBox=\"0 0 24 24\" version=\"1.2\" baseProfile=\"tiny\"><path d=\"M18.2 9.3l-6.2-6.3-6.2 6.3c-.2.2-.3.4-.3.7s.1.5.3.7c.2.2.4.3.7.3h11c.3 0 .5-.1.7-.3.2-.2.3-.5.3-.7s-.1-.5-.3-.7zM5.8 14.7l6.2 6.3 6.2-6.3c.2-.2.3-.5.3-.7s-.1-.5-.3-.7c-.2-.2-.4-.3-.7-.3h-11c-.3 0-.5.1-.7.3-.2.2-.3.5-.3.7s.1.5.3.7z\"\/><\/svg><\/span><\/span><\/label><input type=\"checkbox\"  id=\"ez-toc-cssicon-toggle-item-69e0e8cb8043e\"  aria-label=\"Toggle\" \/><nav><ul class='ez-toc-list ez-toc-list-level-1 ' ><li class='ez-toc-page-1 ez-toc-heading-level-2'><a class=\"ez-toc-link ez-toc-heading-1\" href=\"http:\/\/www.das-elena-verfahren.de\/kreditvergleich\/dsl-bank\/#kredite-der-dsl-bank\" title=\"Kredite der DSL Bank\">Kredite der DSL Bank<\/a><ul class='ez-toc-list-level-3' ><li class='ez-toc-heading-level-3'><a class=\"ez-toc-link ez-toc-heading-2\" href=\"http:\/\/www.das-elena-verfahren.de\/kreditvergleich\/dsl-bank\/#allgemeine-informationen-zum-dsl-bank\" title=\"Allgemeine Informationen zum DSL Bank\">Allgemeine Informationen zum DSL Bank<\/a><\/li><li class='ez-toc-page-1 ez-toc-heading-level-3'><a class=\"ez-toc-link ez-toc-heading-3\" href=\"http:\/\/www.das-elena-verfahren.de\/kreditvergleich\/dsl-bank\/#anschrift-und-geschaeftsinformationen-von-dsl-bank\" title=\"Anschrift und Gesch\u00e4ftsinformationen von DSL Bank\">Anschrift und Gesch\u00e4ftsinformationen von DSL Bank<\/a><\/li><\/ul><\/li><\/ul><\/nav><\/div>\n<h2><span class=\"ez-toc-section\" id=\"kredite-der-dsl-bank\"><\/span>Kredite der DSL Bank<span class=\"ez-toc-section-end\"><\/span><\/h2>\n<p>Die DSL Bank geh\u00f6rt zu den wichtigsten Privatkundenbanken Deutschlands, die eine Vielzahl an tollen Krediten in ihrem Portfolio aufweist. Zu diesen geh\u00f6ren u. a.:<\/p>\n<ul>\n<li>Immobilienkredit f\u00fcr Privatkunden<\/li>\n<li>Immobilienkredit f\u00fcr Gesch\u00e4ftskunden<\/li>\n<\/ul>\n<p>Demnach handelt es sich bei der DSL Bank um ein reines Kreditinstitut <a title=\"f\u00fcr die Immobilienfinanzierung\" href=\"http:\/\/www.das-elena-verfahren.de\/kreditvergleich\/baufinanzierung\/\">f\u00fcr die Immobilienfinanzierung<\/a>. Sowohl Gesch\u00e4fts-, als auch Privatkunden profitieren von unglaublichen Vorteilen bei dieser Bank, wenn es um die Finanzierung eines Eigenheims oder eines Gewerbeobjekts geht. Faire Bedingungen und vor allem die Transparenz auch in unserem <a title=\"Kredit-Vergleich\" href=\"http:\/\/www.das-elena-verfahren.de\/kreditvergleich\/\">Kredit-Vergleich<\/a> zeichnen die DSL Bank in vielerlei Hinsicht aus. Anzumerken ist in diesem Zusammenhang auch, dass es f\u00fcr jeden Kunden, der einen Immobilienkredit erhalten m\u00f6chte, individuelle Konditionen gibt \u2013 ganz angepasst an die finanzielle Situation und Kreditw\u00fcrdigkeit.<\/p>\n<p>Auch die hohe Beratungsqualit\u00e4t der DSL Bank im Rahmen der Kreditvergabe ist hervorzuheben. Kunden k\u00f6nnen sich stets sicher sein, nicht im Stich gelassen zu werden und bei Fragen einen kompetenten Ansprechpartner zu finden.<\/p>\n<div class=\"vornach\">\n<div class=\"vorteil\">\n<div class=\"vplus\">+<\/div>\n<ul>\n<li>Spezialisierung auf Immobilien<\/li>\n<li>Beratung der Extraklasse<\/li>\n<li>Z\u00fcgige Bearbeitung<\/li>\n<li>Transparenz in jeglicher Hinsicht<\/li>\n<li>Individuelle Kreditkonditionen<\/li>\n<\/ul>\n<\/div>\n<div class=\"nachteil\">\n<div class=\"vminus\">&#8211;<\/div>\n<ul>\n<li>Nur wenige Finanzprodukte<\/li>\n<li>Relativ geringe Bekanntheit<\/li>\n<\/ul>\n<\/div>\n<\/div>\n<div style=\"clear: both;\"><\/div>\n<h3><span class=\"ez-toc-section\" id=\"allgemeine-informationen-zum-dsl-bank\"><\/span>Allgemeine Informationen zum DSL Bank<span class=\"ez-toc-section-end\"><\/span><\/h3>\n<p>Die DSL Bank stellt einen Gesch\u00e4ftszwei der Deutschen Postbank und somit eine Bankenmarke dar, die ausschlie\u00dflich auf die Bereitstellung von Immobilienkrediten spezialisiert ist. Es besteht die M\u00f6glichkeit, bei der im Jahre 1850 gegr\u00fcndeten Bank sowohl als Privatkunde wie auch als Gesch\u00e4ftskunde tolle Immobilienkredite zu erwerben. Die DSL Bank hat aufgrund ihrer rechtlichen Stellung als unabh\u00e4ngige Niederlassung der Deutschen Postbank AG keine eigenen Filialen, sondern bewirbt ihre Produkte gemeinsam mit der Mutterbank. Der Hauptsitz der DSL Bank befindet sich in Bonn, wo insgesamt mehr als 750 Menschen im Innen- und Au\u00dfendienst besch\u00e4ftigt sind.<\/p>\n<h3><span class=\"ez-toc-section\" id=\"anschrift-und-geschaeftsinformationen-von-dsl-bank\"><\/span>Anschrift und Gesch\u00e4ftsinformationen von DSL Bank<span class=\"ez-toc-section-end\"><\/span><\/h3>\n<ul>\n<li>Anschrift: DSL Bank, Vertriebsunterst\u00fctzung, Friedrich-Ebert-Allee 114-126, D-53113 Bonn<\/li>\n<li>Mail: info@dslbank.de<\/li>\n<li>Internet: http:\/\/www.dslbank.de\/<\/li>\n<li>BLZ: 380 107 00<\/li>\n<li>BIC: PBNK DEFF DSL<\/li>\n<li>Gesch\u00e4ftsf\u00fchrer: Frank Strau\u00df<\/li>\n<li>Handelsregister: Amtsgericht Bonn, HRB 9017<\/li>\n<li>Umsatzsteuer-ID: DE 169824467<\/li>\n<\/ul>\n","protected":false},"excerpt":{"rendered":"<p>Kredite der DSL Bank Die DSL Bank geh\u00f6rt zu den wichtigsten Privatkundenbanken Deutschlands, die eine Vielzahl an tollen Krediten in ihrem Portfolio aufweist. Zu diesen geh\u00f6ren u. a.: Immobilienkredit f\u00fcr Privatkunden Immobilienkredit f\u00fcr Gesch\u00e4ftskunden Demnach handelt es sich bei der DSL Bank um ein reines Kreditinstitut f\u00fcr die Immobilienfinanzierung. Sowohl Gesch\u00e4fts-, als auch Privatkunden profitieren [&hellip;]<\/p>\n","protected":false},"author":2,"featured_media":0,"parent":0,"menu_order":0,"comment_status":"open","ping_status":"closed","template":"","meta":{"_acf_changed":false,"footnotes":""},"class_list":["post-610","page","type-page","status-publish","hentry"],"acf":[],"yoast_head":"<!-- This site is optimized with the Yoast SEO plugin v24.6 - https:\/\/yoast.com\/wordpress\/plugins\/seo\/ -->\n<title>Kredite der DSL Bank<\/title>\n<meta name=\"robots\" content=\"index, follow, max-snippet:-1, max-image-preview:large, max-video-preview:-1\" \/>\n<link rel=\"canonical\" href=\"https:\/\/www.kredit-vergleich24.com\/dsl-bank\/\" \/>\n<meta name=\"twitter:label1\" content=\"Gesch\u00e4tzte Lesezeit\" \/>\n\t<meta name=\"twitter:data1\" content=\"2\u00a0Minuten\" \/>\n<script type=\"application\/ld+json\" class=\"yoast-schema-graph\">{\"@context\":\"https:\/\/schema.org\",\"@graph\":[{\"@type\":\"WebPage\",\"@id\":\"http:\/\/www.das-elena-verfahren.de\/kreditvergleich\/dsl-bank\/\",\"url\":\"https:\/\/www.kredit-vergleich24.com\/dsl-bank\/\",\"name\":\"Kredite der DSL Bank\",\"isPartOf\":{\"@id\":\"http:\/\/www.das-elena-verfahren.de\/kreditvergleich\/#website\"},\"primaryImageOfPage\":{\"@id\":\"https:\/\/www.kredit-vergleich24.com\/dsl-bank\/#primaryimage\"},\"image\":{\"@id\":\"https:\/\/www.kredit-vergleich24.com\/dsl-bank\/#primaryimage\"},\"thumbnailUrl\":\"http:\/\/www.das-elena-verfahren.de\/kreditvergleich\/wp-content\/uploads\/dsl-bank.png\",\"datePublished\":\"2014-12-21T14:23:15+00:00\",\"dateModified\":\"2017-09-11T17:27:31+00:00\",\"breadcrumb\":{\"@id\":\"https:\/\/www.kredit-vergleich24.com\/dsl-bank\/#breadcrumb\"},\"inLanguage\":\"de\",\"potentialAction\":[{\"@type\":\"ReadAction\",\"target\":[\"https:\/\/www.kredit-vergleich24.com\/dsl-bank\/\"]}]},{\"@type\":\"ImageObject\",\"inLanguage\":\"de\",\"@id\":\"https:\/\/www.kredit-vergleich24.com\/dsl-bank\/#primaryimage\",\"url\":\"http:\/\/www.das-elena-verfahren.de\/kreditvergleich\/wp-content\/uploads\/dsl-bank.png\",\"contentUrl\":\"http:\/\/www.das-elena-verfahren.de\/kreditvergleich\/wp-content\/uploads\/dsl-bank.png\",\"width\":800,\"height\":342,\"caption\":\"DSL Bank\"},{\"@type\":\"BreadcrumbList\",\"@id\":\"https:\/\/www.kredit-vergleich24.com\/dsl-bank\/#breadcrumb\",\"itemListElement\":[{\"@type\":\"ListItem\",\"position\":1,\"name\":\"Startseite\",\"item\":\"http:\/\/www.das-elena-verfahren.de\/kreditvergleich\/\"},{\"@type\":\"ListItem\",\"position\":2,\"name\":\"DSL Bank\"}]},{\"@type\":\"WebSite\",\"@id\":\"http:\/\/www.das-elena-verfahren.de\/kreditvergleich\/#website\",\"url\":\"http:\/\/www.das-elena-verfahren.de\/kreditvergleich\/\",\"name\":\"Kredit-Vergleich24.com\",\"description\":\"Kreditvergleich kostenlos\",\"potentialAction\":[{\"@type\":\"SearchAction\",\"target\":{\"@type\":\"EntryPoint\",\"urlTemplate\":\"http:\/\/www.das-elena-verfahren.de\/kreditvergleich\/?s={search_term_string}\"},\"query-input\":{\"@type\":\"PropertyValueSpecification\",\"valueRequired\":true,\"valueName\":\"search_term_string\"}}],\"inLanguage\":\"de\"}]}<\/script>\n<!-- \/ Yoast SEO plugin. -->","yoast_head_json":{"title":"Kredite der DSL Bank","robots":{"index":"index","follow":"follow","max-snippet":"max-snippet:-1","max-image-preview":"max-image-preview:large","max-video-preview":"max-video-preview:-1"},"canonical":"https:\/\/www.kredit-vergleich24.com\/dsl-bank\/","twitter_misc":{"Gesch\u00e4tzte Lesezeit":"2\u00a0Minuten"},"schema":{"@context":"https:\/\/schema.org","@graph":[{"@type":"WebPage","@id":"http:\/\/www.das-elena-verfahren.de\/kreditvergleich\/dsl-bank\/","url":"https:\/\/www.kredit-vergleich24.com\/dsl-bank\/","name":"Kredite der DSL Bank","isPartOf":{"@id":"http:\/\/www.das-elena-verfahren.de\/kreditvergleich\/#website"},"primaryImageOfPage":{"@id":"https:\/\/www.kredit-vergleich24.com\/dsl-bank\/#primaryimage"},"image":{"@id":"https:\/\/www.kredit-vergleich24.com\/dsl-bank\/#primaryimage"},"thumbnailUrl":"http:\/\/www.das-elena-verfahren.de\/kreditvergleich\/wp-content\/uploads\/dsl-bank.png","datePublished":"2014-12-21T14:23:15+00:00","dateModified":"2017-09-11T17:27:31+00:00","breadcrumb":{"@id":"https:\/\/www.kredit-vergleich24.com\/dsl-bank\/#breadcrumb"},"inLanguage":"de","potentialAction":[{"@type":"ReadAction","target":["https:\/\/www.kredit-vergleich24.com\/dsl-bank\/"]}]},{"@type":"ImageObject","inLanguage":"de","@id":"https:\/\/www.kredit-vergleich24.com\/dsl-bank\/#primaryimage","url":"http:\/\/www.das-elena-verfahren.de\/kreditvergleich\/wp-content\/uploads\/dsl-bank.png","contentUrl":"http:\/\/www.das-elena-verfahren.de\/kreditvergleich\/wp-content\/uploads\/dsl-bank.png","width":800,"height":342,"caption":"DSL Bank"},{"@type":"BreadcrumbList","@id":"https:\/\/www.kredit-vergleich24.com\/dsl-bank\/#breadcrumb","itemListElement":[{"@type":"ListItem","position":1,"name":"Startseite","item":"http:\/\/www.das-elena-verfahren.de\/kreditvergleich\/"},{"@type":"ListItem","position":2,"name":"DSL Bank"}]},{"@type":"WebSite","@id":"http:\/\/www.das-elena-verfahren.de\/kreditvergleich\/#website","url":"http:\/\/www.das-elena-verfahren.de\/kreditvergleich\/","name":"Kredit-Vergleich24.com","description":"Kreditvergleich kostenlos","potentialAction":[{"@type":"SearchAction","target":{"@type":"EntryPoint","urlTemplate":"http:\/\/www.das-elena-verfahren.de\/kreditvergleich\/?s={search_term_string}"},"query-input":{"@type":"PropertyValueSpecification","valueRequired":true,"valueName":"search_term_string"}}],"inLanguage":"de"}]}},"_links":{"self":[{"href":"http:\/\/www.das-elena-verfahren.de\/kreditvergleich\/wp-json\/wp\/v2\/pages\/610","targetHints":{"allow":["GET"]}}],"collection":[{"href":"http:\/\/www.das-elena-verfahren.de\/kreditvergleich\/wp-json\/wp\/v2\/pages"}],"about":[{"href":"http:\/\/www.das-elena-verfahren.de\/kreditvergleich\/wp-json\/wp\/v2\/types\/page"}],"author":[{"embeddable":true,"href":"http:\/\/www.das-elena-verfahren.de\/kreditvergleich\/wp-json\/wp\/v2\/users\/2"}],"replies":[{"embeddable":true,"href":"http:\/\/www.das-elena-verfahren.de\/kreditvergleich\/wp-json\/wp\/v2\/comments?post=610"}],"version-history":[{"count":0,"href":"http:\/\/www.das-elena-verfahren.de\/kreditvergleich\/wp-json\/wp\/v2\/pages\/610\/revisions"}],"wp:attachment":[{"href":"http:\/\/www.das-elena-verfahren.de\/kreditvergleich\/wp-json\/wp\/v2\/media?parent=610"}],"curies":[{"name":"wp","href":"https:\/\/api.w.org\/{rel}","templated":true}]}}