{"id":608,"date":"2014-12-21T15:23:05","date_gmt":"2014-12-21T14:23:05","guid":{"rendered":"http:\/\/neu.kredit-vergleich24.com\/?page_id=608"},"modified":"2017-09-11T18:27:23","modified_gmt":"2017-09-11T17:27:23","slug":"dkb","status":"publish","type":"page","link":"http:\/\/www.das-elena-verfahren.de\/kreditvergleich\/dkb\/","title":{"rendered":"DKB"},"content":{"rendered":"<p><img loading=\"lazy\" decoding=\"async\" src=\"http:\/\/www.das-elena-verfahren.de\/kreditvergleich\/wp-content\/uploads\/dkb.png\" alt=\"Deutsche Kredit Bank\" width=\"815\" height=\"197\" class=\"aligncenter size-full wp-image-778 logogross\" srcset=\"http:\/\/www.das-elena-verfahren.de\/kreditvergleich\/wp-content\/uploads\/dkb.png 815w, http:\/\/www.das-elena-verfahren.de\/kreditvergleich\/wp-content\/uploads\/dkb-300x73.png 300w\" sizes=\"auto, (max-width: 815px) 100vw, 815px\" \/><\/p>\n<h2>Kredite der DKB<\/h2>\n<p>Die Deutsche Kreditbank (DKB) weist in ihrem Finanzportfolio eine Vielzahl an Krediten f\u00fcr zahlreiche verschiedene Verwendungszwecke auf. So besteht die M\u00f6glichkeit, zwischen folgenden Darlehen der DKB zu w\u00e4hlen:<\/p>\n<ul>\n<li>DKB-Privatdarlehen<\/li>\n<li><a href=\"http:\/\/www.das-elena-verfahren.de\/kreditvergleich\/baufinanzierung\/\" title=\"Immobilienfinanzierung\">Immobilienfinanzierung<\/a><\/li>\n<li>Studenten-Bildungsfonds<\/li>\n<li>Mietaval<\/li>\n<\/ul>\n<p>Das DKB-Privatdarlehen gilt als beliebtestes Finanzprodukt des Kreditinstituts aus Berlin. Es handelt sich dabei um einen <a href=\"http:\/\/www.das-elena-verfahren.de\/kreditvergleich\/ratenkredit\/\" title=\"klassischen Ratenkredit\">klassischen Ratenkredit<\/a>, der mit einem effektiven Jahreszins von rund 4,7 Prozent ausgestattet ist und keine Zusatzkosten beinhaltet. Die Laufzeiten variieren zwischen 12 und 84 Monaten. Die Immobilienfinanzierung der DKB bietet flexible Optionen und eine lange Laufzeit von bis zu 20 Jahren. F\u00fcr Studenten und Sch\u00fcler interessant ist der Studenten-Bildungsfond, der f\u00fcr eine finanzielle Sicherheit in den wichtigsten Lebensjahren sorgt und Studenten die M\u00f6glichkeit gibt, sich voll und ganz auf ihr Studium zu konzentrieren. Beim Mietaval handelt es sich um die Stellung einer Mietkaution ganz ohne festgelegtes Guthaben.<\/p>\n<p>Dar\u00fcber hinaus gibt es Kontoangebote der DKB. Das Cash Konto ist mit einer Kreditkarte verkn\u00fcpft, die einen Verf\u00fcgungsrahmen von 500 Euro aufweist, der bei Bedarf erh\u00f6ht werden kann. Auch das Girokonto bietet einen Verf\u00fcgungsrahmen in dieser H\u00f6he.<\/p>\n<p>Die Finanzprodukte der DKB k\u00f6nnen allesamt online beantragt werden. Anschlie\u00dfend erfolgt die Zusendung weiterer Dokumente vonseiten der Hausbank, die via Postident zu best\u00e4tigen sind. Gesch\u00e4ftskunden finden zudem einige Filialen der Bank in gr\u00f6\u00dferen St\u00e4dten Deutschlands vor, in denen sie ebenfalls <a href=\"http:\/\/www.das-elena-verfahren.de\/kreditvergleich\/\" title=\"einen passenden Kredit\">einen passenden Kredit<\/a> beantragen oder andere Finanzprodukte erwerben k\u00f6nnen.<\/p>\n<div class=\"vornach\">\n<div class=\"vorteil\">\n<div class=\"vplus\">+<\/div>\n<ul>\n<li>Faire Konditionen<\/li>\n<li>Bonit\u00e4t nur bedingt n\u00f6tig<\/li>\n<li>Auch Studentendarlehen<\/li>\n<li>Schnelle Bearbeitung<\/li>\n<li>DKB Club mit Punktesystem<\/li>\n<li>Flexible R\u00fcckzahlungsm\u00f6glichkeit<\/li>\n<li>Keine Kontof\u00fchrungsgeb\u00fchren<\/li>\n<li>F\u00fcr Privat- und Gesch\u00e4ftskunden<\/li>\n<li>Flexible Laufzeiten<\/li>\n<\/ul>\n<\/div>\n<div class=\"nachteil\">\n<div class=\"vminus\">&#8211;<\/div>\n<ul>\n<li>Keine Filialen f\u00fcr Privatkunden<\/li>\n<li>Kein 24 Stunden Service<\/li>\n<li>Kreditaufstockung nur schwer m\u00f6glich<\/li>\n<\/ul>\n<\/div>\n<\/div>\n<div style=\"clear:both;\"><\/div>\n<h3>Allgemeine Informationen zur DKB<\/h3>\n<p>Die DKB gilt als eine der beliebtesten Direktbanken Deutschlands, die insbesondere junge Kunden mit ihren Finanzprodukten anspricht. Seinen Sitz hat das Kreditinstitut in Berlin, wo es im Jahre 1990 gegr\u00fcndet wurde. Insgesamt mehr als 1730 Mitarbeiter weist das Kreditinstitut am Hauptsitz sowie in seinen Gesch\u00e4ftsfilialen auf. Bekannt ist die DKB deutschlandweit vor allem f\u00fcr ihre Sponsoring Aktivit\u00e4ten im Fu\u00dfball. So ist die Arena in Rostock nach dem Kreditinstitut benannt. Das Logo der DKB pr\u00e4gt zudem die Trikots der Frauenfu\u00dfballmannschaft von Turbine Potsdam.<\/p>\n","protected":false},"excerpt":{"rendered":"<p>Kredite der DKB Die Deutsche Kreditbank (DKB) weist in ihrem Finanzportfolio eine Vielzahl an Krediten f\u00fcr zahlreiche verschiedene Verwendungszwecke auf. So besteht die M\u00f6glichkeit, zwischen folgenden Darlehen der DKB zu w\u00e4hlen: DKB-Privatdarlehen Immobilienfinanzierung Studenten-Bildungsfonds Mietaval Das DKB-Privatdarlehen gilt als beliebtestes Finanzprodukt des Kreditinstituts aus Berlin. Es handelt sich dabei um einen klassischen Ratenkredit, der mit [&hellip;]<\/p>\n","protected":false},"author":2,"featured_media":0,"parent":0,"menu_order":0,"comment_status":"open","ping_status":"closed","template":"","meta":{"_acf_changed":false,"footnotes":""},"class_list":["post-608","page","type-page","status-publish","hentry"],"acf":[],"yoast_head":"<!-- This site is optimized with the Yoast SEO plugin v24.6 - https:\/\/yoast.com\/wordpress\/plugins\/seo\/ -->\n<title>DKB - Kredite der Deutschen Kredit Bank<\/title>\n<meta name=\"description\" content=\"Die bekannte DKB (Deutsche Kredit Bank) bietet Kredit und Finanzierungen zu niedrigen Zinss\u00e4tzen an. Profitieren Sie jetzt und errechnen Sie Ihren Zinssatz.\" \/>\n<meta name=\"robots\" content=\"index, follow, max-snippet:-1, max-image-preview:large, max-video-preview:-1\" \/>\n<link rel=\"canonical\" href=\"https:\/\/www.kredit-vergleich24.com\/dkb\/\" \/>\n<meta name=\"twitter:label1\" content=\"Gesch\u00e4tzte Lesezeit\" \/>\n\t<meta name=\"twitter:data1\" content=\"2\u00a0Minuten\" \/>\n<script type=\"application\/ld+json\" class=\"yoast-schema-graph\">{\"@context\":\"https:\/\/schema.org\",\"@graph\":[{\"@type\":\"WebPage\",\"@id\":\"http:\/\/www.das-elena-verfahren.de\/kreditvergleich\/dkb\/\",\"url\":\"https:\/\/www.kredit-vergleich24.com\/dkb\/\",\"name\":\"DKB - Kredite der Deutschen Kredit Bank\",\"isPartOf\":{\"@id\":\"http:\/\/www.das-elena-verfahren.de\/kreditvergleich\/#website\"},\"primaryImageOfPage\":{\"@id\":\"https:\/\/www.kredit-vergleich24.com\/dkb\/#primaryimage\"},\"image\":{\"@id\":\"https:\/\/www.kredit-vergleich24.com\/dkb\/#primaryimage\"},\"thumbnailUrl\":\"http:\/\/www.das-elena-verfahren.de\/kreditvergleich\/wp-content\/uploads\/dkb.png\",\"datePublished\":\"2014-12-21T14:23:05+00:00\",\"dateModified\":\"2017-09-11T17:27:23+00:00\",\"description\":\"Die bekannte DKB (Deutsche Kredit Bank) bietet Kredit und Finanzierungen zu niedrigen Zinss\u00e4tzen an. Profitieren Sie jetzt und errechnen Sie Ihren Zinssatz.\",\"breadcrumb\":{\"@id\":\"https:\/\/www.kredit-vergleich24.com\/dkb\/#breadcrumb\"},\"inLanguage\":\"de\",\"potentialAction\":[{\"@type\":\"ReadAction\",\"target\":[\"https:\/\/www.kredit-vergleich24.com\/dkb\/\"]}]},{\"@type\":\"ImageObject\",\"inLanguage\":\"de\",\"@id\":\"https:\/\/www.kredit-vergleich24.com\/dkb\/#primaryimage\",\"url\":\"http:\/\/www.das-elena-verfahren.de\/kreditvergleich\/wp-content\/uploads\/dkb.png\",\"contentUrl\":\"http:\/\/www.das-elena-verfahren.de\/kreditvergleich\/wp-content\/uploads\/dkb.png\",\"width\":799,\"height\":193,\"caption\":\"DKB - Deutsche Kreditbank\"},{\"@type\":\"BreadcrumbList\",\"@id\":\"https:\/\/www.kredit-vergleich24.com\/dkb\/#breadcrumb\",\"itemListElement\":[{\"@type\":\"ListItem\",\"position\":1,\"name\":\"Startseite\",\"item\":\"http:\/\/www.das-elena-verfahren.de\/kreditvergleich\/\"},{\"@type\":\"ListItem\",\"position\":2,\"name\":\"DKB\"}]},{\"@type\":\"WebSite\",\"@id\":\"http:\/\/www.das-elena-verfahren.de\/kreditvergleich\/#website\",\"url\":\"http:\/\/www.das-elena-verfahren.de\/kreditvergleich\/\",\"name\":\"Kredit-Vergleich24.com\",\"description\":\"Kreditvergleich kostenlos\",\"potentialAction\":[{\"@type\":\"SearchAction\",\"target\":{\"@type\":\"EntryPoint\",\"urlTemplate\":\"http:\/\/www.das-elena-verfahren.de\/kreditvergleich\/?s={search_term_string}\"},\"query-input\":{\"@type\":\"PropertyValueSpecification\",\"valueRequired\":true,\"valueName\":\"search_term_string\"}}],\"inLanguage\":\"de\"}]}<\/script>\n<!-- \/ Yoast SEO plugin. -->","yoast_head_json":{"title":"DKB - Kredite der Deutschen Kredit Bank","description":"Die bekannte DKB (Deutsche Kredit Bank) bietet Kredit und Finanzierungen zu niedrigen Zinss\u00e4tzen an. Profitieren Sie jetzt und errechnen Sie Ihren Zinssatz.","robots":{"index":"index","follow":"follow","max-snippet":"max-snippet:-1","max-image-preview":"max-image-preview:large","max-video-preview":"max-video-preview:-1"},"canonical":"https:\/\/www.kredit-vergleich24.com\/dkb\/","twitter_misc":{"Gesch\u00e4tzte Lesezeit":"2\u00a0Minuten"},"schema":{"@context":"https:\/\/schema.org","@graph":[{"@type":"WebPage","@id":"http:\/\/www.das-elena-verfahren.de\/kreditvergleich\/dkb\/","url":"https:\/\/www.kredit-vergleich24.com\/dkb\/","name":"DKB - Kredite der Deutschen Kredit Bank","isPartOf":{"@id":"http:\/\/www.das-elena-verfahren.de\/kreditvergleich\/#website"},"primaryImageOfPage":{"@id":"https:\/\/www.kredit-vergleich24.com\/dkb\/#primaryimage"},"image":{"@id":"https:\/\/www.kredit-vergleich24.com\/dkb\/#primaryimage"},"thumbnailUrl":"http:\/\/www.das-elena-verfahren.de\/kreditvergleich\/wp-content\/uploads\/dkb.png","datePublished":"2014-12-21T14:23:05+00:00","dateModified":"2017-09-11T17:27:23+00:00","description":"Die bekannte DKB (Deutsche Kredit Bank) bietet Kredit und Finanzierungen zu niedrigen Zinss\u00e4tzen an. Profitieren Sie jetzt und errechnen Sie Ihren Zinssatz.","breadcrumb":{"@id":"https:\/\/www.kredit-vergleich24.com\/dkb\/#breadcrumb"},"inLanguage":"de","potentialAction":[{"@type":"ReadAction","target":["https:\/\/www.kredit-vergleich24.com\/dkb\/"]}]},{"@type":"ImageObject","inLanguage":"de","@id":"https:\/\/www.kredit-vergleich24.com\/dkb\/#primaryimage","url":"http:\/\/www.das-elena-verfahren.de\/kreditvergleich\/wp-content\/uploads\/dkb.png","contentUrl":"http:\/\/www.das-elena-verfahren.de\/kreditvergleich\/wp-content\/uploads\/dkb.png","width":799,"height":193,"caption":"DKB - Deutsche Kreditbank"},{"@type":"BreadcrumbList","@id":"https:\/\/www.kredit-vergleich24.com\/dkb\/#breadcrumb","itemListElement":[{"@type":"ListItem","position":1,"name":"Startseite","item":"http:\/\/www.das-elena-verfahren.de\/kreditvergleich\/"},{"@type":"ListItem","position":2,"name":"DKB"}]},{"@type":"WebSite","@id":"http:\/\/www.das-elena-verfahren.de\/kreditvergleich\/#website","url":"http:\/\/www.das-elena-verfahren.de\/kreditvergleich\/","name":"Kredit-Vergleich24.com","description":"Kreditvergleich kostenlos","potentialAction":[{"@type":"SearchAction","target":{"@type":"EntryPoint","urlTemplate":"http:\/\/www.das-elena-verfahren.de\/kreditvergleich\/?s={search_term_string}"},"query-input":{"@type":"PropertyValueSpecification","valueRequired":true,"valueName":"search_term_string"}}],"inLanguage":"de"}]}},"_links":{"self":[{"href":"http:\/\/www.das-elena-verfahren.de\/kreditvergleich\/wp-json\/wp\/v2\/pages\/608","targetHints":{"allow":["GET"]}}],"collection":[{"href":"http:\/\/www.das-elena-verfahren.de\/kreditvergleich\/wp-json\/wp\/v2\/pages"}],"about":[{"href":"http:\/\/www.das-elena-verfahren.de\/kreditvergleich\/wp-json\/wp\/v2\/types\/page"}],"author":[{"embeddable":true,"href":"http:\/\/www.das-elena-verfahren.de\/kreditvergleich\/wp-json\/wp\/v2\/users\/2"}],"replies":[{"embeddable":true,"href":"http:\/\/www.das-elena-verfahren.de\/kreditvergleich\/wp-json\/wp\/v2\/comments?post=608"}],"version-history":[{"count":0,"href":"http:\/\/www.das-elena-verfahren.de\/kreditvergleich\/wp-json\/wp\/v2\/pages\/608\/revisions"}],"wp:attachment":[{"href":"http:\/\/www.das-elena-verfahren.de\/kreditvergleich\/wp-json\/wp\/v2\/media?parent=608"}],"curies":[{"name":"wp","href":"https:\/\/api.w.org\/{rel}","templated":true}]}}