{"id":606,"date":"2014-12-21T15:22:56","date_gmt":"2014-12-21T14:22:56","guid":{"rendered":"http:\/\/neu.kredit-vergleich24.com\/?page_id=606"},"modified":"2017-09-11T18:27:04","modified_gmt":"2017-09-11T17:27:04","slug":"deutsche-bank","status":"publish","type":"page","link":"http:\/\/www.das-elena-verfahren.de\/kreditvergleich\/deutsche-bank\/","title":{"rendered":"Deutsche Bank"},"content":{"rendered":"<p><img loading=\"lazy\" decoding=\"async\" src=\"http:\/\/www.das-elena-verfahren.de\/kreditvergleich\/wp-content\/uploads\/deutsche-bank.png\" alt=\"Deutsche Bank\" width=\"1653\" height=\"343\" class=\"aligncenter size-full wp-image-855 logogross\" srcset=\"http:\/\/www.das-elena-verfahren.de\/kreditvergleich\/wp-content\/uploads\/deutsche-bank.png 1653w, http:\/\/www.das-elena-verfahren.de\/kreditvergleich\/wp-content\/uploads\/deutsche-bank-300x62.png 300w, http:\/\/www.das-elena-verfahren.de\/kreditvergleich\/wp-content\/uploads\/deutsche-bank-1024x212.png 1024w\" sizes=\"auto, (max-width: 1653px) 100vw, 1653px\" \/><\/p>\n<div id=\"ez-toc-container\" class=\"ez-toc-v2_0_72 counter-hierarchy ez-toc-counter ez-toc-custom ez-toc-container-direction\">\n<p class=\"ez-toc-title\" style=\"cursor:inherit\">Inhaltsverzeichnis<\/p>\n<label for=\"ez-toc-cssicon-toggle-item-6a04991e56ac1\" class=\"ez-toc-cssicon-toggle-label\"><span class=\"\"><span class=\"eztoc-hide\" style=\"display:none;\">Toggle<\/span><span class=\"ez-toc-icon-toggle-span\"><svg style=\"fill: #ff6600;color:#ff6600\" xmlns=\"http:\/\/www.w3.org\/2000\/svg\" class=\"list-377408\" width=\"20px\" height=\"20px\" viewBox=\"0 0 24 24\" fill=\"none\"><path d=\"M6 6H4v2h2V6zm14 0H8v2h12V6zM4 11h2v2H4v-2zm16 0H8v2h12v-2zM4 16h2v2H4v-2zm16 0H8v2h12v-2z\" fill=\"currentColor\"><\/path><\/svg><svg style=\"fill: #ff6600;color:#ff6600\" class=\"arrow-unsorted-368013\" xmlns=\"http:\/\/www.w3.org\/2000\/svg\" width=\"10px\" height=\"10px\" viewBox=\"0 0 24 24\" version=\"1.2\" baseProfile=\"tiny\"><path d=\"M18.2 9.3l-6.2-6.3-6.2 6.3c-.2.2-.3.4-.3.7s.1.5.3.7c.2.2.4.3.7.3h11c.3 0 .5-.1.7-.3.2-.2.3-.5.3-.7s-.1-.5-.3-.7zM5.8 14.7l6.2 6.3 6.2-6.3c.2-.2.3-.5.3-.7s-.1-.5-.3-.7c-.2-.2-.4-.3-.7-.3h-11c-.3 0-.5.1-.7.3-.2.2-.3.5-.3.7s.1.5.3.7z\"\/><\/svg><\/span><\/span><\/label><input type=\"checkbox\"  id=\"ez-toc-cssicon-toggle-item-6a04991e56ac1\"  aria-label=\"Toggle\" \/><nav><ul class='ez-toc-list ez-toc-list-level-1 ' ><li class='ez-toc-page-1 ez-toc-heading-level-2'><a class=\"ez-toc-link ez-toc-heading-1\" href=\"http:\/\/www.das-elena-verfahren.de\/kreditvergleich\/deutsche-bank\/#kredite-der-deutschen-bank\" title=\"Kredite der Deutschen Bank\">Kredite der Deutschen Bank<\/a><ul class='ez-toc-list-level-3' ><li class='ez-toc-heading-level-3'><a class=\"ez-toc-link ez-toc-heading-2\" href=\"http:\/\/www.das-elena-verfahren.de\/kreditvergleich\/deutsche-bank\/#allgemeine-informationen-zur-deutschen-bank\" title=\"Allgemeine Informationen zur Deutschen Bank\">Allgemeine Informationen zur Deutschen Bank<\/a><\/li><li class='ez-toc-page-1 ez-toc-heading-level-3'><a class=\"ez-toc-link ez-toc-heading-3\" href=\"http:\/\/www.das-elena-verfahren.de\/kreditvergleich\/deutsche-bank\/#anschrift-und-geschaeftsinformationen-der-oyak-anker-bank\" title=\"Anschrift und Gesch\u00e4ftsinformationen der Oyak Anker Bank\">Anschrift und Gesch\u00e4ftsinformationen der Oyak Anker Bank<\/a><\/li><\/ul><\/li><\/ul><\/nav><\/div>\n<h2><span class=\"ez-toc-section\" id=\"kredite-der-deutschen-bank\"><\/span>Kredite der Deutschen Bank<span class=\"ez-toc-section-end\"><\/span><\/h2>\n<p>Die Deutsche Bank zeichnet sich in erster Linie durch ihr weitreichendes Portfolio aus, das mit vielen verschiedenen Kreditarten best\u00fcckt ist. Signifikant am Finanzierungsangebot des deutschen Bankenprimus sind die zahlreichen Kredite, die exakt auf die Bed\u00fcrfnisse der Kunden ausgerichtet sind. So besteht etwa die M\u00f6glichkeit, zwischen folgenden Angeboten zu w\u00e4hlen:<\/p>\n<ul>\n<li>PrivatKredit<\/li>\n<li>RahmenKredit<\/li>\n<li>TopkreditOnline<\/li>\n<\/ul>\n<p>Der <a href=\"http:\/\/www.das-elena-verfahren.de\/kreditvergleich\/privatkredit\/\" title=\"PrivatKredit\">PrivatKredit<\/a> zeichnet sich vor allem durch seine unglaubliche Flexibilit\u00e4t aus. So gibt es keine Vorgaben in Bezug auf die Verwendung dieses Darlehens. Das Gleiche gilt f\u00fcr den RahmenKredit, der jedoch eher als Notfalldarlehen anzusehen ist und mit einem Girokonto bei der Deutschen Bank oder anderswo genutzt werden kann. Der TopkreditOnline spricht all jene an, die im Internet ohne Vorberatung und z\u00fcgig exklusive Onlinekonditionen f\u00fcr sich nutzen m\u00f6chten.<\/p>\n<p>Auch Gesch\u00e4ftskunden kommen bei der Deutschen Bank voll auf ihre Kosten. Sie haben die M\u00f6glichkeit, individuelle Finanzierungsangebote f\u00fcr ihr Unternehmen und dessen Bed\u00fcrfnisse in Anspruch zu nehmen. <\/p>\n<p>Bei den Krediten der Deutschen Bank <a href=\"http:\/\/www.das-elena-verfahren.de\/kreditvergleich\/\" title=\"in unserem Kreditvergleich\">in unserem Kreditvergleich<\/a> ist insbesondere die Servicequalit\u00e4t hervorzuheben. Ob eine umfangreiche Beratung oder eine Hotline, die 24 Stunden am Tag und 365 Tage im Jahr erreichbar ist \u2013 all das hat die Primusbank der BRD zu bieten.<\/p>\n<div class=\"vornach\">\n<div class=\"vorteil\">\n<div class=\"vplus\">+<\/div>\n<ul>\n<li>Gr\u00f6\u00dfte deutsche Bank<\/li>\n<li>Weltplayer auf dem Kreditmarkt<\/li>\n<li>Kredite mit h\u00f6chster Flexibilit\u00e4t<\/li>\n<li>Tolerant gegen\u00fcber Schufaopfern<\/li>\n<li>Sicherheit garantiert<\/li>\n<li>Entgegenkommend bei der Tilgung<\/li>\n<\/ul>\n<\/div>\n<div class=\"nachteil\">\n<div class=\"vminus\">&#8211;<\/div>\n<ul>\n<li>Un\u00fcbersichtlicher Onlineauftritt<\/li>\n<\/ul>\n<\/div>\n<\/div>\n<div style=\"clear:both;\"><\/div>\n<h3><span class=\"ez-toc-section\" id=\"allgemeine-informationen-zur-deutschen-bank\"><\/span>Allgemeine Informationen zur Deutschen Bank<span class=\"ez-toc-section-end\"><\/span><\/h3>\n<p>Die Deutsche Bank geh\u00f6rt zu den gr\u00f6\u00dften Banken der Welt und ist zugleich das gr\u00f6\u00dfte Kreditinstitut Deutschlands, sowohl nach der Bilanzsummer als auch in Hinsicht auf die Arbeitnehmerzahlen. Der Hauptsitz der Deutschen Bank befindet sich in Frankfurt am Main. Allerdings gibt es u. a. auch Niederlassungen in vielen Weltfinanzmetropolen, etwa in Sydney und London sowie New York und Tokio. Gegr\u00fcndet wurde die Deutsche Bank im Jahre 1870 vom Deutschen Kaiserreich in Berlin. Sie ist somit eine der \u00e4ltesten Banken der Welt. <\/p>\n<h3><span class=\"ez-toc-section\" id=\"anschrift-und-geschaeftsinformationen-der-oyak-anker-bank\"><\/span>Anschrift und Gesch\u00e4ftsinformationen der Oyak Anker Bank<span class=\"ez-toc-section-end\"><\/span><\/h3>\n<ul>\n<li>Anschrift: Deutsche Bank AG, Taunusanlage 12, D-60325 Frankfurt am Main<\/li>\n<li>Webseite: https:\/\/www.deutsche-bank.de\/<\/li>\n<li>BLZ: 500 700 10<\/li>\n<li>BIC: DEUTDEFFXXX<\/li>\n<li>Gesch\u00e4ftsf\u00fchrer: Henry Ritchotte<\/li>\n<li>Handelsregister: Amtsgericht Frankfurt am Main, HRB 30 000<\/li>\n<li>Umsatzsteuer-ID: DE 114103379<\/li>\n<\/ul>\n","protected":false},"excerpt":{"rendered":"<p>Kredite der Deutschen Bank Die Deutsche Bank zeichnet sich in erster Linie durch ihr weitreichendes Portfolio aus, das mit vielen verschiedenen Kreditarten best\u00fcckt ist. Signifikant am Finanzierungsangebot des deutschen Bankenprimus sind die zahlreichen Kredite, die exakt auf die Bed\u00fcrfnisse der Kunden ausgerichtet sind. So besteht etwa die M\u00f6glichkeit, zwischen folgenden Angeboten zu w\u00e4hlen: PrivatKredit RahmenKredit [&hellip;]<\/p>\n","protected":false},"author":2,"featured_media":0,"parent":0,"menu_order":0,"comment_status":"open","ping_status":"closed","template":"","meta":{"_acf_changed":false,"footnotes":""},"class_list":["post-606","page","type-page","status-publish","hentry"],"acf":[],"yoast_head":"<!-- This site is optimized with the Yoast SEO plugin v24.6 - https:\/\/yoast.com\/wordpress\/plugins\/seo\/ -->\n<title>Deutsche Bank - Kredite aus erster Hand<\/title>\n<meta name=\"robots\" content=\"index, follow, max-snippet:-1, max-image-preview:large, max-video-preview:-1\" \/>\n<link rel=\"canonical\" href=\"https:\/\/www.kredit-vergleich24.com\/deutsche-bank\/\" \/>\n<meta name=\"twitter:label1\" content=\"Gesch\u00e4tzte Lesezeit\" \/>\n\t<meta name=\"twitter:data1\" content=\"2\u00a0Minuten\" \/>\n<script type=\"application\/ld+json\" class=\"yoast-schema-graph\">{\"@context\":\"https:\/\/schema.org\",\"@graph\":[{\"@type\":\"WebPage\",\"@id\":\"http:\/\/www.das-elena-verfahren.de\/kreditvergleich\/deutsche-bank\/\",\"url\":\"https:\/\/www.kredit-vergleich24.com\/deutsche-bank\/\",\"name\":\"Deutsche Bank - Kredite aus erster Hand\",\"isPartOf\":{\"@id\":\"http:\/\/www.das-elena-verfahren.de\/kreditvergleich\/#website\"},\"primaryImageOfPage\":{\"@id\":\"https:\/\/www.kredit-vergleich24.com\/deutsche-bank\/#primaryimage\"},\"image\":{\"@id\":\"https:\/\/www.kredit-vergleich24.com\/deutsche-bank\/#primaryimage\"},\"thumbnailUrl\":\"http:\/\/www.das-elena-verfahren.de\/kreditvergleich\/wp-content\/uploads\/deutsche-bank.png\",\"datePublished\":\"2014-12-21T14:22:56+00:00\",\"dateModified\":\"2017-09-11T17:27:04+00:00\",\"breadcrumb\":{\"@id\":\"https:\/\/www.kredit-vergleich24.com\/deutsche-bank\/#breadcrumb\"},\"inLanguage\":\"de\",\"potentialAction\":[{\"@type\":\"ReadAction\",\"target\":[\"https:\/\/www.kredit-vergleich24.com\/deutsche-bank\/\"]}]},{\"@type\":\"ImageObject\",\"inLanguage\":\"de\",\"@id\":\"https:\/\/www.kredit-vergleich24.com\/deutsche-bank\/#primaryimage\",\"url\":\"http:\/\/www.das-elena-verfahren.de\/kreditvergleich\/wp-content\/uploads\/deutsche-bank.png\",\"contentUrl\":\"http:\/\/www.das-elena-verfahren.de\/kreditvergleich\/wp-content\/uploads\/deutsche-bank.png\",\"width\":1653,\"height\":343,\"caption\":\"Deutsche Bank\"},{\"@type\":\"BreadcrumbList\",\"@id\":\"https:\/\/www.kredit-vergleich24.com\/deutsche-bank\/#breadcrumb\",\"itemListElement\":[{\"@type\":\"ListItem\",\"position\":1,\"name\":\"Startseite\",\"item\":\"http:\/\/www.das-elena-verfahren.de\/kreditvergleich\/\"},{\"@type\":\"ListItem\",\"position\":2,\"name\":\"Deutsche Bank\"}]},{\"@type\":\"WebSite\",\"@id\":\"http:\/\/www.das-elena-verfahren.de\/kreditvergleich\/#website\",\"url\":\"http:\/\/www.das-elena-verfahren.de\/kreditvergleich\/\",\"name\":\"Kredit-Vergleich24.com\",\"description\":\"Kreditvergleich kostenlos\",\"potentialAction\":[{\"@type\":\"SearchAction\",\"target\":{\"@type\":\"EntryPoint\",\"urlTemplate\":\"http:\/\/www.das-elena-verfahren.de\/kreditvergleich\/?s={search_term_string}\"},\"query-input\":{\"@type\":\"PropertyValueSpecification\",\"valueRequired\":true,\"valueName\":\"search_term_string\"}}],\"inLanguage\":\"de\"}]}<\/script>\n<!-- \/ Yoast SEO plugin. -->","yoast_head_json":{"title":"Deutsche Bank - Kredite aus erster Hand","robots":{"index":"index","follow":"follow","max-snippet":"max-snippet:-1","max-image-preview":"max-image-preview:large","max-video-preview":"max-video-preview:-1"},"canonical":"https:\/\/www.kredit-vergleich24.com\/deutsche-bank\/","twitter_misc":{"Gesch\u00e4tzte Lesezeit":"2\u00a0Minuten"},"schema":{"@context":"https:\/\/schema.org","@graph":[{"@type":"WebPage","@id":"http:\/\/www.das-elena-verfahren.de\/kreditvergleich\/deutsche-bank\/","url":"https:\/\/www.kredit-vergleich24.com\/deutsche-bank\/","name":"Deutsche Bank - Kredite aus erster Hand","isPartOf":{"@id":"http:\/\/www.das-elena-verfahren.de\/kreditvergleich\/#website"},"primaryImageOfPage":{"@id":"https:\/\/www.kredit-vergleich24.com\/deutsche-bank\/#primaryimage"},"image":{"@id":"https:\/\/www.kredit-vergleich24.com\/deutsche-bank\/#primaryimage"},"thumbnailUrl":"http:\/\/www.das-elena-verfahren.de\/kreditvergleich\/wp-content\/uploads\/deutsche-bank.png","datePublished":"2014-12-21T14:22:56+00:00","dateModified":"2017-09-11T17:27:04+00:00","breadcrumb":{"@id":"https:\/\/www.kredit-vergleich24.com\/deutsche-bank\/#breadcrumb"},"inLanguage":"de","potentialAction":[{"@type":"ReadAction","target":["https:\/\/www.kredit-vergleich24.com\/deutsche-bank\/"]}]},{"@type":"ImageObject","inLanguage":"de","@id":"https:\/\/www.kredit-vergleich24.com\/deutsche-bank\/#primaryimage","url":"http:\/\/www.das-elena-verfahren.de\/kreditvergleich\/wp-content\/uploads\/deutsche-bank.png","contentUrl":"http:\/\/www.das-elena-verfahren.de\/kreditvergleich\/wp-content\/uploads\/deutsche-bank.png","width":1653,"height":343,"caption":"Deutsche Bank"},{"@type":"BreadcrumbList","@id":"https:\/\/www.kredit-vergleich24.com\/deutsche-bank\/#breadcrumb","itemListElement":[{"@type":"ListItem","position":1,"name":"Startseite","item":"http:\/\/www.das-elena-verfahren.de\/kreditvergleich\/"},{"@type":"ListItem","position":2,"name":"Deutsche Bank"}]},{"@type":"WebSite","@id":"http:\/\/www.das-elena-verfahren.de\/kreditvergleich\/#website","url":"http:\/\/www.das-elena-verfahren.de\/kreditvergleich\/","name":"Kredit-Vergleich24.com","description":"Kreditvergleich kostenlos","potentialAction":[{"@type":"SearchAction","target":{"@type":"EntryPoint","urlTemplate":"http:\/\/www.das-elena-verfahren.de\/kreditvergleich\/?s={search_term_string}"},"query-input":{"@type":"PropertyValueSpecification","valueRequired":true,"valueName":"search_term_string"}}],"inLanguage":"de"}]}},"_links":{"self":[{"href":"http:\/\/www.das-elena-verfahren.de\/kreditvergleich\/wp-json\/wp\/v2\/pages\/606","targetHints":{"allow":["GET"]}}],"collection":[{"href":"http:\/\/www.das-elena-verfahren.de\/kreditvergleich\/wp-json\/wp\/v2\/pages"}],"about":[{"href":"http:\/\/www.das-elena-verfahren.de\/kreditvergleich\/wp-json\/wp\/v2\/types\/page"}],"author":[{"embeddable":true,"href":"http:\/\/www.das-elena-verfahren.de\/kreditvergleich\/wp-json\/wp\/v2\/users\/2"}],"replies":[{"embeddable":true,"href":"http:\/\/www.das-elena-verfahren.de\/kreditvergleich\/wp-json\/wp\/v2\/comments?post=606"}],"version-history":[{"count":0,"href":"http:\/\/www.das-elena-verfahren.de\/kreditvergleich\/wp-json\/wp\/v2\/pages\/606\/revisions"}],"wp:attachment":[{"href":"http:\/\/www.das-elena-verfahren.de\/kreditvergleich\/wp-json\/wp\/v2\/media?parent=606"}],"curies":[{"name":"wp","href":"https:\/\/api.w.org\/{rel}","templated":true}]}}