{"id":602,"date":"2014-12-21T15:21:48","date_gmt":"2014-12-21T14:21:48","guid":{"rendered":"http:\/\/neu.kredit-vergleich24.com\/?page_id=602"},"modified":"2017-09-11T18:26:11","modified_gmt":"2017-09-11T17:26:11","slug":"credit-europe-bank","status":"publish","type":"page","link":"http:\/\/www.das-elena-verfahren.de\/kreditvergleich\/credit-europe-bank\/","title":{"rendered":"Credit Europe Bank"},"content":{"rendered":"<p><img loading=\"lazy\" decoding=\"async\" src=\"http:\/\/www.das-elena-verfahren.de\/kreditvergleich\/wp-content\/uploads\/credit-europe-bank.png\" alt=\"Credit Europe Bank\" width=\"1024\" height=\"136\" class=\"aligncenter size-full wp-image-852 logogross\" srcset=\"http:\/\/www.das-elena-verfahren.de\/kreditvergleich\/wp-content\/uploads\/credit-europe-bank.png 1024w, http:\/\/www.das-elena-verfahren.de\/kreditvergleich\/wp-content\/uploads\/credit-europe-bank-300x40.png 300w\" sizes=\"auto, (max-width: 1024px) 100vw, 1024px\" \/><\/p>\n<h2>Kredite der Credit Europe Bank<\/h2>\n<p>Viele unterschiedliche Kredite pr\u00e4gen das Angebot der Credit Europe Bank. Flexibilit\u00e4t und ein freier Verwendungszweck zeichnen die zwei Darlehensarten aus. Zu den Kreditangeboten geh\u00f6ren u. a. der<\/p>\n<ul>\n<li><a href=\"http:\/\/www.das-elena-verfahren.de\/kreditvergleich\/privatkredit\/\" title=\"Privatkredit\">Privatkredit<\/a><\/li>\n<li>Abrufkredit<\/li>\n<\/ul>\n<p>Zu den Hauptmerkmalen, die der Privatkredit aufweist, geh\u00f6ren die flexiblen Zinss\u00e4tze und der freie Verwendungszweck. Es spielt keine Rolle, ob das private Darlehen f\u00fcr M\u00f6bel, Urlaubsreisen oder auch <a href=\"http:\/\/www.das-elena-verfahren.de\/kreditvergleich\/autokredit\/\" title=\"kleinere Fahrzeuge\">kleinere Fahrzeuge<\/a> genutzt wird. Es kann eine Laufzeit zwischen 12 und 120 Monaten sowie eine Kreditsumme zwischen 2.500 und 50.000 Euro beantragt werden. <\/p>\n<p>Der Abrufkredit wiederum zeichnet sich durch besondere Konditionen aus, die deutlich positiver sind als bei klassischen Dispokrediten. Er kommt mit einem Kreditrahmen zwischen 2.500 und 25.000 Euro daher. Die Flexibilit\u00e4t dieses Darlehens liegt darin, dass der Abrufkredit mit einem variablen Zinssatz daherkommt. Es werden im \u00dcbrigen nur Zinsen auf tats\u00e4chlich verwendete \u00dcberziehungssummen berechnet.<\/p>\n<p>Beide <a href=\"http:\/\/www.das-elena-verfahren.de\/kreditvergleich\/\" title=\"Kredite\">Kredite<\/a> k\u00f6nnen online beantragt werden. W\u00e4hrend beim Abrufkredit lediglich eine Unterschrift n\u00f6tig ist, m\u00fcssen beim Privatkredit mehrere Antragsschritte absolviert werden. Nach einem Online-Vorantrag erh\u00e4lt der Kreditnehmer per Post oder Mail bzw. Fax die Vertragsdokumente ausgestellt. Anschlie\u00dfend werden diese via Postident-Verfahren an die Credit Europe Bank zur\u00fcckgeschickt.<\/p>\n<div class=\"vornach\">\n<div class=\"vorteil\">\n<div class=\"vplus\">+<\/div>\n<ul>\n<li>Bekannter Name<\/li>\n<li>Transparente Bedingungen<\/li>\n<li>Schnelle Beantragung m\u00f6glich<\/li>\n<li>Beim Abrufkredit eine Unterschrift<\/li>\n<li>\u00dcbersichtlicher Onlineauftritt<\/li>\n<li>24 Stunden Kundenservice<\/li>\n<li>Station\u00e4re Filialen<\/li>\n<li>Umfangreiches Privatkundengesch\u00e4ft<\/li>\n<\/ul>\n<\/div>\n<div class=\"nachteil\">\n<div class=\"vminus\">&#8211;<\/div>\n<ul>\n<li>Keine L\u00e4nderspezifizierung<\/li>\n<li>Nur wenige Kredite<\/li>\n<\/ul>\n<\/div>\n<\/div>\n<div style=\"clear:both;\"><\/div>\n<h3>Allgemeine Informationen zur Credit Europe Bank<\/h3>\n<p>Die Credit Europe Bank ist eine in den Niederlanden registrierte Bank der t\u00fcrkischen Finanzholding FIBA Group. Die Bank ist auf Unternehmensfinanzierungen sowie auf Angebote f\u00fcr Privatkunden spezialisiert und betreibt s\u00e4mtlichen L\u00e4ndern der Eurozone eigene Filialen. Die Strategie der Bank liegt in einer einfachen Bereitstellung von Angeboten f\u00fcr das Privatkundengesch\u00e4ft, in der Platzierung von KMU-Produkten sowie im Private Banking. Zudem bietet sie Handelsfinanzierungen und ein umfangreiches Firmenkundengesch\u00e4ft. Urspr\u00fcnglich handelte es sich bei der Credit Europe Bank um die ausl\u00e4ndische Sparte der t\u00fcrkischen Finansbank. Im Jahre 2007 aber erfolgte die Umbenennung des Namens. Ihren Sitz weist die Credit Europe Bank in Amsterdam auf. <\/p>\n<p>Anschrift und Gesch\u00e4ftsinformationen der Credit Europe Bank:<\/p>\n<ul>\n<li>Anschrift: Credit Europe Bank N.V., Niederlassung Deutschland, Untermainkai 27 &#8211; 28<\/li>\n<li>60329 D-Frankfurt am Main<\/li>\n<li>Mail: info@crediteurope.de<\/li>\n<li>Internet: http:\/\/www.crediteurope.de\/<\/li>\n<li>BLZ: 500 207 00<\/li>\n<li>BIC: FBHLDEFF<\/li>\n<li>Gesch\u00e4ftsf\u00fchrer: Eric G.C. Schr\u00f6der<\/li>\n<li>Handelsregister: Amtsgericht Frankfurt am Main HRB 45588<\/li>\n<li>Umsatzsteuer-ID: DE 195 743 101<\/li>\n<\/ul>\n","protected":false},"excerpt":{"rendered":"<p>Kredite der Credit Europe Bank Viele unterschiedliche Kredite pr\u00e4gen das Angebot der Credit Europe Bank. Flexibilit\u00e4t und ein freier Verwendungszweck zeichnen die zwei Darlehensarten aus. Zu den Kreditangeboten geh\u00f6ren u. a. der Privatkredit Abrufkredit Zu den Hauptmerkmalen, die der Privatkredit aufweist, geh\u00f6ren die flexiblen Zinss\u00e4tze und der freie Verwendungszweck. Es spielt keine Rolle, ob das [&hellip;]<\/p>\n","protected":false},"author":2,"featured_media":0,"parent":0,"menu_order":0,"comment_status":"open","ping_status":"closed","template":"","meta":{"_acf_changed":false,"footnotes":""},"class_list":["post-602","page","type-page","status-publish","hentry"],"acf":[],"yoast_head":"<!-- This site is optimized with the Yoast SEO plugin v24.6 - https:\/\/yoast.com\/wordpress\/plugins\/seo\/ -->\n<title>Credit Europe Bank - Kredit zu Top Konditionen<\/title>\n<meta name=\"robots\" content=\"index, follow, max-snippet:-1, max-image-preview:large, max-video-preview:-1\" \/>\n<link rel=\"canonical\" href=\"https:\/\/www.kredit-vergleich24.com\/credit-europe-bank\/\" \/>\n<meta name=\"twitter:label1\" content=\"Gesch\u00e4tzte Lesezeit\" \/>\n\t<meta name=\"twitter:data1\" content=\"2\u00a0Minuten\" \/>\n<script type=\"application\/ld+json\" class=\"yoast-schema-graph\">{\"@context\":\"https:\/\/schema.org\",\"@graph\":[{\"@type\":\"WebPage\",\"@id\":\"http:\/\/www.das-elena-verfahren.de\/kreditvergleich\/credit-europe-bank\/\",\"url\":\"https:\/\/www.kredit-vergleich24.com\/credit-europe-bank\/\",\"name\":\"Credit Europe Bank - Kredit zu Top Konditionen\",\"isPartOf\":{\"@id\":\"http:\/\/www.das-elena-verfahren.de\/kreditvergleich\/#website\"},\"primaryImageOfPage\":{\"@id\":\"https:\/\/www.kredit-vergleich24.com\/credit-europe-bank\/#primaryimage\"},\"image\":{\"@id\":\"https:\/\/www.kredit-vergleich24.com\/credit-europe-bank\/#primaryimage\"},\"thumbnailUrl\":\"http:\/\/www.das-elena-verfahren.de\/kreditvergleich\/wp-content\/uploads\/credit-europe-bank.png\",\"datePublished\":\"2014-12-21T14:21:48+00:00\",\"dateModified\":\"2017-09-11T17:26:11+00:00\",\"breadcrumb\":{\"@id\":\"https:\/\/www.kredit-vergleich24.com\/credit-europe-bank\/#breadcrumb\"},\"inLanguage\":\"de\",\"potentialAction\":[{\"@type\":\"ReadAction\",\"target\":[\"https:\/\/www.kredit-vergleich24.com\/credit-europe-bank\/\"]}]},{\"@type\":\"ImageObject\",\"inLanguage\":\"de\",\"@id\":\"https:\/\/www.kredit-vergleich24.com\/credit-europe-bank\/#primaryimage\",\"url\":\"http:\/\/www.das-elena-verfahren.de\/kreditvergleich\/wp-content\/uploads\/credit-europe-bank.png\",\"contentUrl\":\"http:\/\/www.das-elena-verfahren.de\/kreditvergleich\/wp-content\/uploads\/credit-europe-bank.png\",\"width\":1024,\"height\":136,\"caption\":\"Credit Europe Bank\"},{\"@type\":\"BreadcrumbList\",\"@id\":\"https:\/\/www.kredit-vergleich24.com\/credit-europe-bank\/#breadcrumb\",\"itemListElement\":[{\"@type\":\"ListItem\",\"position\":1,\"name\":\"Startseite\",\"item\":\"http:\/\/www.das-elena-verfahren.de\/kreditvergleich\/\"},{\"@type\":\"ListItem\",\"position\":2,\"name\":\"Credit Europe Bank\"}]},{\"@type\":\"WebSite\",\"@id\":\"http:\/\/www.das-elena-verfahren.de\/kreditvergleich\/#website\",\"url\":\"http:\/\/www.das-elena-verfahren.de\/kreditvergleich\/\",\"name\":\"Kredit-Vergleich24.com\",\"description\":\"Kreditvergleich kostenlos\",\"potentialAction\":[{\"@type\":\"SearchAction\",\"target\":{\"@type\":\"EntryPoint\",\"urlTemplate\":\"http:\/\/www.das-elena-verfahren.de\/kreditvergleich\/?s={search_term_string}\"},\"query-input\":{\"@type\":\"PropertyValueSpecification\",\"valueRequired\":true,\"valueName\":\"search_term_string\"}}],\"inLanguage\":\"de\"}]}<\/script>\n<!-- \/ Yoast SEO plugin. -->","yoast_head_json":{"title":"Credit Europe Bank - Kredit zu Top Konditionen","robots":{"index":"index","follow":"follow","max-snippet":"max-snippet:-1","max-image-preview":"max-image-preview:large","max-video-preview":"max-video-preview:-1"},"canonical":"https:\/\/www.kredit-vergleich24.com\/credit-europe-bank\/","twitter_misc":{"Gesch\u00e4tzte Lesezeit":"2\u00a0Minuten"},"schema":{"@context":"https:\/\/schema.org","@graph":[{"@type":"WebPage","@id":"http:\/\/www.das-elena-verfahren.de\/kreditvergleich\/credit-europe-bank\/","url":"https:\/\/www.kredit-vergleich24.com\/credit-europe-bank\/","name":"Credit Europe Bank - Kredit zu Top Konditionen","isPartOf":{"@id":"http:\/\/www.das-elena-verfahren.de\/kreditvergleich\/#website"},"primaryImageOfPage":{"@id":"https:\/\/www.kredit-vergleich24.com\/credit-europe-bank\/#primaryimage"},"image":{"@id":"https:\/\/www.kredit-vergleich24.com\/credit-europe-bank\/#primaryimage"},"thumbnailUrl":"http:\/\/www.das-elena-verfahren.de\/kreditvergleich\/wp-content\/uploads\/credit-europe-bank.png","datePublished":"2014-12-21T14:21:48+00:00","dateModified":"2017-09-11T17:26:11+00:00","breadcrumb":{"@id":"https:\/\/www.kredit-vergleich24.com\/credit-europe-bank\/#breadcrumb"},"inLanguage":"de","potentialAction":[{"@type":"ReadAction","target":["https:\/\/www.kredit-vergleich24.com\/credit-europe-bank\/"]}]},{"@type":"ImageObject","inLanguage":"de","@id":"https:\/\/www.kredit-vergleich24.com\/credit-europe-bank\/#primaryimage","url":"http:\/\/www.das-elena-verfahren.de\/kreditvergleich\/wp-content\/uploads\/credit-europe-bank.png","contentUrl":"http:\/\/www.das-elena-verfahren.de\/kreditvergleich\/wp-content\/uploads\/credit-europe-bank.png","width":1024,"height":136,"caption":"Credit Europe Bank"},{"@type":"BreadcrumbList","@id":"https:\/\/www.kredit-vergleich24.com\/credit-europe-bank\/#breadcrumb","itemListElement":[{"@type":"ListItem","position":1,"name":"Startseite","item":"http:\/\/www.das-elena-verfahren.de\/kreditvergleich\/"},{"@type":"ListItem","position":2,"name":"Credit Europe Bank"}]},{"@type":"WebSite","@id":"http:\/\/www.das-elena-verfahren.de\/kreditvergleich\/#website","url":"http:\/\/www.das-elena-verfahren.de\/kreditvergleich\/","name":"Kredit-Vergleich24.com","description":"Kreditvergleich kostenlos","potentialAction":[{"@type":"SearchAction","target":{"@type":"EntryPoint","urlTemplate":"http:\/\/www.das-elena-verfahren.de\/kreditvergleich\/?s={search_term_string}"},"query-input":{"@type":"PropertyValueSpecification","valueRequired":true,"valueName":"search_term_string"}}],"inLanguage":"de"}]}},"_links":{"self":[{"href":"http:\/\/www.das-elena-verfahren.de\/kreditvergleich\/wp-json\/wp\/v2\/pages\/602","targetHints":{"allow":["GET"]}}],"collection":[{"href":"http:\/\/www.das-elena-verfahren.de\/kreditvergleich\/wp-json\/wp\/v2\/pages"}],"about":[{"href":"http:\/\/www.das-elena-verfahren.de\/kreditvergleich\/wp-json\/wp\/v2\/types\/page"}],"author":[{"embeddable":true,"href":"http:\/\/www.das-elena-verfahren.de\/kreditvergleich\/wp-json\/wp\/v2\/users\/2"}],"replies":[{"embeddable":true,"href":"http:\/\/www.das-elena-verfahren.de\/kreditvergleich\/wp-json\/wp\/v2\/comments?post=602"}],"version-history":[{"count":0,"href":"http:\/\/www.das-elena-verfahren.de\/kreditvergleich\/wp-json\/wp\/v2\/pages\/602\/revisions"}],"wp:attachment":[{"href":"http:\/\/www.das-elena-verfahren.de\/kreditvergleich\/wp-json\/wp\/v2\/media?parent=602"}],"curies":[{"name":"wp","href":"https:\/\/api.w.org\/{rel}","templated":true}]}}