{"id":583,"date":"2014-12-21T15:09:14","date_gmt":"2014-12-21T14:09:14","guid":{"rendered":"http:\/\/neu.kredit-vergleich24.com\/?page_id=583"},"modified":"2017-09-11T18:28:06","modified_gmt":"2017-09-11T17:28:06","slug":"checkliste","status":"publish","type":"page","link":"http:\/\/www.das-elena-verfahren.de\/kreditvergleich\/checkliste\/","title":{"rendered":"Kredit Checkliste"},"content":{"rendered":"<p>\u00dcberall werben Kreditinstitute mit ihren Krediten. Doch so einfach und problemlos wie der Werbung meist verspricht, ist ein Kreditabschluss allerdings nicht. So geh\u00f6ren viele Faktoren vorab gekl\u00e4rt, denn nicht selten ist ein vorschnell oder falsch abgeschlossener Kredit der erste Schritt in die Schuldenfalle. So muss grunds\u00e4tzlich erstmal hinterfragt werden, ob der Kreditwunsch auch wirklich notwendig ist und ob man sich diesen vor allem auch Leisten kann. Die Frage ob man den Kredit auch wirklich ben\u00f6tigt, muss lange und gut \u00fcberlegt sein. Dazu geh\u00f6rt selbstverst\u00e4ndlich auch die Frage, ob man sich diesen \u00fcberhaupt leisten kann, also ob nach <strong>Abzug der monatlichen Raten noch gen\u00fcgend Geld f\u00fcr die festen Ausgaben <\/strong>und zum sparen \u00fcbrig bleibt. Hierzu sollte ein privater Finanzplan mit Gegen\u00fcberstellung der fixen Ein- und Ausgaben aufgestellt werden. Dementsprechend kann ermittelt werden, welche monatliche Belastung f\u00fcr den Kredit verkraftet werden kann ohne in die Schuldenfalle zu tappen. Vor dem <strong>Abschluss eines Kreditvertrages<\/strong> sollte man zudem <a href=\"http:\/\/www.das-elena-verfahren.de\/kreditvergleich\/\">viele Kreditanbieter miteinander zu vergleichen<\/a>. Denn die Zinsen und Konditionen schwanken bei den einzelnen Kreditunternehmen oft stark.<\/p>\n<h2>Egal zu welchem Zweck, der Ablauf ist immer gleich<\/h2>\n<p>Egal ob ein Auto gekauft, die Wohnung renoviert oder sonstige W\u00fcnsche erf\u00fcllt werden sollte, wenn nicht genug Bargeld vorhanden ist, bleibt oft nur die Kreditaufnahme. Wie auch bei Notfallsituationen gibt es bei der Kreditaufnahme ebenfalls die W-Fragen. Diese Fragen m\u00fcssen nicht nur erfragt, sondern vor allem auch ehrlich beantwortet werden. Zu den <strong>W-Fragen<\/strong> geh\u00f6ren: Warum brauche ich den Kredit? Was muss ich damit finanzieren? Welchen Kredit kann ich mir leisten und \u00fcber welchen Zeitraum? Wie wird der Kredit abgesichert, wenn etwas Unvorhergesehenes passiert? Warum kann ich den gew\u00fcnschten Betrag nicht erst zusammen sparen und dann die Investition t\u00e4tigen? W\u00fcrden mir Nachteile entstehen und wenn ja welche, wenn ich auf eine Kreditaufnahme verzichten w\u00fcrde? Solch eine pers\u00f6nliche Checkliste ist noch vor Abschluss eines Kreditvertrages wichtig. Jede Privatperson und jeder Unternehmer muss sich zur eigenen Sicherheit diesem Kreditcheck unterziehen. Oft reicht schon ein <strong>grober \u00dcberschlag der Finanzen<\/strong> um festzustellen ob eine Kreditaufnahme wirklich Sinn macht. Die Einstellung, es wird schon gut gehen, andere schaffen es ja auch ist bei so einem wichtigen Grund nicht angebracht. Eine Kreditentscheidung sollte vor allem \u00fcber die <strong>Einnahmen-\/Ausgaberechnung<\/strong> entschieden werden.<\/p>\n<h3>Zweite Checkliste f\u00fcr den Kreditantrag<\/h3>\n<p>Kommt man zum Ergebnis, dass man sich einen Kredit leisten kann, beginnt allerdings eine weitere Checkliste. Auf der Suche nach dem richtigen Kreditinstitutes sollte man sich gut \u00fcber das entsprechende Finanzunternehmen informieren. Gerade im Internet lauern oft Kredithaie oder unseri\u00f6se beziehungsweise \u00fcberteuerte Angebote. Ein Anruf bei einer Verbraucherzentrale hilft unseri\u00f6se Anbieter herauszufinden. Ist der richtige Anbieter gefunden sollte dennoch der Kreditvertrag aufmerksam durchgelesen werden. Erst mit Unterschrift des Kreditvertrages und R\u00fcckgabe an das Kreditinstitut wird der Vertrag verbindlich. Egal ob <strong>Dispositionskredit, <a href=\"http:\/\/www.das-elena-verfahren.de\/kreditvergleich\/ratenkredit\/\">Ratenkredit<\/a> oder weitere Kreditarten<\/strong> nicht nur die richtige Vorbereitung ist wichtig, auch das Ausf\u00fcllen und die R\u00fcckgabe des Vertrages an das Kreditinstitut ben\u00f6tige gro\u00dfe Sorgfalt. Beim Ausf\u00fcllen des Formulares m\u00fcssen wahrheitsgem\u00e4\u00df alle Fragen beantwortet werden. Falsche oder fehlende Ausk\u00fcnfte f\u00fchren zur <strong>Ablehnung des Kreditvertrages<\/strong>. Bei der R\u00fcckgabe an die Bank m\u00fcssen zudem alle geforderten Unterlagen dem Kreditvertrag beigef\u00fcgt sein. Dies sind vor allem die letzten Lohn- oder Gehaltsabrechnungen, die Kopie des Personalausweises oder Reisepasses und die Einwilligung zur Schufa-Auskunft. Ohne Schufa-Auskunft gibt es in Deutschland keinen Kredit, da diese Auskunft den Kreditinstituten zur Einsch\u00e4tzung der Bonit\u00e4t des Kunden hilft. Meist wird auch noch der l\u00fcckenlose Kontoauszug der letzten vier Wochen gew\u00fcnscht. Bei einem Online-Antrag ist zudem das Postident-Formular wichtig. Mit diesem Formular l\u00e4sst sich der <strong>Kreditnehmer vom Postmitarbeiter<\/strong> legitimieren. Hierzu ist eine pers\u00f6nliche Vorstellung mit Personalausweis oder Reisepass bei einer Postfiliale erforderlich. Zum Schluss noch ein kleines Fazit. Hinsichtlich Tilgung und Zinssatz bietet ein fest abgeschlossener Ratenkredit die beste Sicherheit. Diese k\u00f6nnen nicht pl\u00f6tzlich durch die Bank gek\u00fcndigt werden. In den allermeisten F\u00e4llen ist deshalb solch ein Ratenkredit eine gute Alternative. Die Tilgungsraten und Kreditzinsen stehen fest und der Kreditvertrag kann meist nicht einseitig vom Kreditinstitut gek\u00fcndigt werden.<\/p>\n","protected":false},"excerpt":{"rendered":"<p>\u00dcberall werben Kreditinstitute mit ihren Krediten. Doch so einfach und problemlos wie der Werbung meist verspricht, ist ein Kreditabschluss allerdings nicht. So geh\u00f6ren viele Faktoren vorab gekl\u00e4rt, denn nicht selten ist ein vorschnell oder falsch abgeschlossener Kredit der erste Schritt in die Schuldenfalle. So muss grunds\u00e4tzlich erstmal hinterfragt werden, ob der Kreditwunsch auch wirklich notwendig [&hellip;]<\/p>\n","protected":false},"author":2,"featured_media":0,"parent":0,"menu_order":0,"comment_status":"open","ping_status":"closed","template":"","meta":{"_acf_changed":false,"footnotes":""},"class_list":["post-583","page","type-page","status-publish","hentry"],"acf":[],"yoast_head":"<!-- This site is optimized with the Yoast SEO plugin v24.6 - https:\/\/yoast.com\/wordpress\/plugins\/seo\/ -->\n<title>Kredit Checkliste - F\u00fcr alle zur Sicherheit<\/title>\n<meta name=\"description\" content=\"Mit unserer Kredit Checkliste vergessen Sie nichts. So haben Sie die komplette Laufzeit Ruhe und erleben keine b\u00f6sen \u00dcberraschungen.\" \/>\n<meta name=\"robots\" content=\"index, follow, max-snippet:-1, max-image-preview:large, max-video-preview:-1\" \/>\n<link rel=\"canonical\" href=\"https:\/\/www.kredit-vergleich24.com\/checkliste\/\" \/>\n<meta name=\"twitter:label1\" content=\"Gesch\u00e4tzte Lesezeit\" \/>\n\t<meta name=\"twitter:data1\" content=\"3\u00a0Minuten\" \/>\n<script type=\"application\/ld+json\" class=\"yoast-schema-graph\">{\"@context\":\"https:\/\/schema.org\",\"@graph\":[{\"@type\":\"WebPage\",\"@id\":\"http:\/\/www.das-elena-verfahren.de\/kreditvergleich\/checkliste\/\",\"url\":\"https:\/\/www.kredit-vergleich24.com\/checkliste\/\",\"name\":\"Kredit Checkliste - F\u00fcr alle zur Sicherheit\",\"isPartOf\":{\"@id\":\"http:\/\/www.das-elena-verfahren.de\/kreditvergleich\/#website\"},\"datePublished\":\"2014-12-21T14:09:14+00:00\",\"dateModified\":\"2017-09-11T17:28:06+00:00\",\"description\":\"Mit unserer Kredit Checkliste vergessen Sie nichts. So haben Sie die komplette Laufzeit Ruhe und erleben keine b\u00f6sen \u00dcberraschungen.\",\"breadcrumb\":{\"@id\":\"https:\/\/www.kredit-vergleich24.com\/checkliste\/#breadcrumb\"},\"inLanguage\":\"de\",\"potentialAction\":[{\"@type\":\"ReadAction\",\"target\":[\"https:\/\/www.kredit-vergleich24.com\/checkliste\/\"]}]},{\"@type\":\"BreadcrumbList\",\"@id\":\"https:\/\/www.kredit-vergleich24.com\/checkliste\/#breadcrumb\",\"itemListElement\":[{\"@type\":\"ListItem\",\"position\":1,\"name\":\"Startseite\",\"item\":\"http:\/\/www.das-elena-verfahren.de\/kreditvergleich\/\"},{\"@type\":\"ListItem\",\"position\":2,\"name\":\"Kredit Checkliste\"}]},{\"@type\":\"WebSite\",\"@id\":\"http:\/\/www.das-elena-verfahren.de\/kreditvergleich\/#website\",\"url\":\"http:\/\/www.das-elena-verfahren.de\/kreditvergleich\/\",\"name\":\"Kredit-Vergleich24.com\",\"description\":\"Kreditvergleich kostenlos\",\"potentialAction\":[{\"@type\":\"SearchAction\",\"target\":{\"@type\":\"EntryPoint\",\"urlTemplate\":\"http:\/\/www.das-elena-verfahren.de\/kreditvergleich\/?s={search_term_string}\"},\"query-input\":{\"@type\":\"PropertyValueSpecification\",\"valueRequired\":true,\"valueName\":\"search_term_string\"}}],\"inLanguage\":\"de\"}]}<\/script>\n<!-- \/ Yoast SEO plugin. -->","yoast_head_json":{"title":"Kredit Checkliste - F\u00fcr alle zur Sicherheit","description":"Mit unserer Kredit Checkliste vergessen Sie nichts. So haben Sie die komplette Laufzeit Ruhe und erleben keine b\u00f6sen \u00dcberraschungen.","robots":{"index":"index","follow":"follow","max-snippet":"max-snippet:-1","max-image-preview":"max-image-preview:large","max-video-preview":"max-video-preview:-1"},"canonical":"https:\/\/www.kredit-vergleich24.com\/checkliste\/","twitter_misc":{"Gesch\u00e4tzte Lesezeit":"3\u00a0Minuten"},"schema":{"@context":"https:\/\/schema.org","@graph":[{"@type":"WebPage","@id":"http:\/\/www.das-elena-verfahren.de\/kreditvergleich\/checkliste\/","url":"https:\/\/www.kredit-vergleich24.com\/checkliste\/","name":"Kredit Checkliste - F\u00fcr alle zur Sicherheit","isPartOf":{"@id":"http:\/\/www.das-elena-verfahren.de\/kreditvergleich\/#website"},"datePublished":"2014-12-21T14:09:14+00:00","dateModified":"2017-09-11T17:28:06+00:00","description":"Mit unserer Kredit Checkliste vergessen Sie nichts. So haben Sie die komplette Laufzeit Ruhe und erleben keine b\u00f6sen \u00dcberraschungen.","breadcrumb":{"@id":"https:\/\/www.kredit-vergleich24.com\/checkliste\/#breadcrumb"},"inLanguage":"de","potentialAction":[{"@type":"ReadAction","target":["https:\/\/www.kredit-vergleich24.com\/checkliste\/"]}]},{"@type":"BreadcrumbList","@id":"https:\/\/www.kredit-vergleich24.com\/checkliste\/#breadcrumb","itemListElement":[{"@type":"ListItem","position":1,"name":"Startseite","item":"http:\/\/www.das-elena-verfahren.de\/kreditvergleich\/"},{"@type":"ListItem","position":2,"name":"Kredit Checkliste"}]},{"@type":"WebSite","@id":"http:\/\/www.das-elena-verfahren.de\/kreditvergleich\/#website","url":"http:\/\/www.das-elena-verfahren.de\/kreditvergleich\/","name":"Kredit-Vergleich24.com","description":"Kreditvergleich kostenlos","potentialAction":[{"@type":"SearchAction","target":{"@type":"EntryPoint","urlTemplate":"http:\/\/www.das-elena-verfahren.de\/kreditvergleich\/?s={search_term_string}"},"query-input":{"@type":"PropertyValueSpecification","valueRequired":true,"valueName":"search_term_string"}}],"inLanguage":"de"}]}},"_links":{"self":[{"href":"http:\/\/www.das-elena-verfahren.de\/kreditvergleich\/wp-json\/wp\/v2\/pages\/583","targetHints":{"allow":["GET"]}}],"collection":[{"href":"http:\/\/www.das-elena-verfahren.de\/kreditvergleich\/wp-json\/wp\/v2\/pages"}],"about":[{"href":"http:\/\/www.das-elena-verfahren.de\/kreditvergleich\/wp-json\/wp\/v2\/types\/page"}],"author":[{"embeddable":true,"href":"http:\/\/www.das-elena-verfahren.de\/kreditvergleich\/wp-json\/wp\/v2\/users\/2"}],"replies":[{"embeddable":true,"href":"http:\/\/www.das-elena-verfahren.de\/kreditvergleich\/wp-json\/wp\/v2\/comments?post=583"}],"version-history":[{"count":0,"href":"http:\/\/www.das-elena-verfahren.de\/kreditvergleich\/wp-json\/wp\/v2\/pages\/583\/revisions"}],"wp:attachment":[{"href":"http:\/\/www.das-elena-verfahren.de\/kreditvergleich\/wp-json\/wp\/v2\/media?parent=583"}],"curies":[{"name":"wp","href":"https:\/\/api.w.org\/{rel}","templated":true}]}}