{"id":581,"date":"2014-12-21T15:08:18","date_gmt":"2014-12-21T14:08:18","guid":{"rendered":"http:\/\/neu.kredit-vergleich24.com\/?page_id=581"},"modified":"2017-09-11T18:33:51","modified_gmt":"2017-09-11T17:33:51","slug":"umschuldungskredit","status":"publish","type":"page","link":"http:\/\/www.das-elena-verfahren.de\/kreditvergleich\/umschuldungskredit\/","title":{"rendered":"Umschuldungskredit &#8211; die clevere Art, Geld zu sparen"},"content":{"rendered":"<p>Kredite werden in der Regel \u00fcber mehrere Jahre vereinbart, wobei vor allem bei privaten Ratenkrediten die Konditionen f\u00fcr die gesamte Laufzeit fixiert werden. Ver\u00e4ndert sich allerdings das allgemeine Zinsniveau, kann eine Umschuldung eine interessante Ma\u00dfnahme sein, um unter dem Strich deutlich an Geld einzusparen. Vor allem in Niedrigzinsphasen lohnt es sich also, die aktuellen Kreditkonditionen genau zu recherchieren, um eine Abl\u00f6sung des alten Kredites durch einen neuen und g\u00fcnstigeren reibungslos durchzuf\u00fchren. Nat\u00fcrlich sind neben den vertraglichen Reglungen auch in der Abwicklung einige Punkte zu beachten, um wirklich Vorteile generieren zu k\u00f6nnen.<\/p>\n<div id=\"ez-toc-container\" class=\"ez-toc-v2_0_72 counter-hierarchy ez-toc-counter ez-toc-custom ez-toc-container-direction\">\n<p class=\"ez-toc-title\" style=\"cursor:inherit\">Inhaltsverzeichnis<\/p>\n<label for=\"ez-toc-cssicon-toggle-item-6a04991dd915c\" class=\"ez-toc-cssicon-toggle-label\"><span class=\"\"><span class=\"eztoc-hide\" style=\"display:none;\">Toggle<\/span><span class=\"ez-toc-icon-toggle-span\"><svg style=\"fill: #ff6600;color:#ff6600\" xmlns=\"http:\/\/www.w3.org\/2000\/svg\" class=\"list-377408\" width=\"20px\" height=\"20px\" viewBox=\"0 0 24 24\" fill=\"none\"><path d=\"M6 6H4v2h2V6zm14 0H8v2h12V6zM4 11h2v2H4v-2zm16 0H8v2h12v-2zM4 16h2v2H4v-2zm16 0H8v2h12v-2z\" fill=\"currentColor\"><\/path><\/svg><svg style=\"fill: #ff6600;color:#ff6600\" class=\"arrow-unsorted-368013\" xmlns=\"http:\/\/www.w3.org\/2000\/svg\" width=\"10px\" height=\"10px\" viewBox=\"0 0 24 24\" version=\"1.2\" baseProfile=\"tiny\"><path d=\"M18.2 9.3l-6.2-6.3-6.2 6.3c-.2.2-.3.4-.3.7s.1.5.3.7c.2.2.4.3.7.3h11c.3 0 .5-.1.7-.3.2-.2.3-.5.3-.7s-.1-.5-.3-.7zM5.8 14.7l6.2 6.3 6.2-6.3c.2-.2.3-.5.3-.7s-.1-.5-.3-.7c-.2-.2-.4-.3-.7-.3h-11c-.3 0-.5.1-.7.3-.2.2-.3.5-.3.7s.1.5.3.7z\"\/><\/svg><\/span><\/span><\/label><input type=\"checkbox\"  id=\"ez-toc-cssicon-toggle-item-6a04991dd915c\"  aria-label=\"Toggle\" \/><nav><ul class='ez-toc-list ez-toc-list-level-1 ' ><li class='ez-toc-page-1 ez-toc-heading-level-2'><a class=\"ez-toc-link ez-toc-heading-1\" href=\"http:\/\/www.das-elena-verfahren.de\/kreditvergleich\/umschuldungskredit\/#kreditvergleich-zur-recherche-nutzen\" title=\"Kreditvergleich zur Recherche nutzen\">Kreditvergleich zur Recherche nutzen<\/a><ul class='ez-toc-list-level-3' ><li class='ez-toc-heading-level-3'><a class=\"ez-toc-link ez-toc-heading-2\" href=\"http:\/\/www.das-elena-verfahren.de\/kreditvergleich\/umschuldungskredit\/#entscheidung-%e2%80%93-bonitaetsabhaengig-oder-bonitaetsunabhaengig\" title=\"Entscheidung &#8211; bonit\u00e4tsabh\u00e4ngig oder bonit\u00e4tsunabh\u00e4ngig?\">Entscheidung &#8211; bonit\u00e4tsabh\u00e4ngig oder bonit\u00e4tsunabh\u00e4ngig?<\/a><\/li><li class='ez-toc-page-1 ez-toc-heading-level-3'><a class=\"ez-toc-link ez-toc-heading-3\" href=\"http:\/\/www.das-elena-verfahren.de\/kreditvergleich\/umschuldungskredit\/#ablauf-der-umschuldung-%e2%80%93-gut-planen\" title=\"Ablauf der Umschuldung &#8211; gut planen\">Ablauf der Umschuldung &#8211; gut planen<\/a><\/li><\/ul><\/li><\/ul><\/nav><\/div>\n<h2><span class=\"ez-toc-section\" id=\"kreditvergleich-zur-recherche-nutzen\"><\/span>Kreditvergleich zur Recherche nutzen<span class=\"ez-toc-section-end\"><\/span><\/h2>\n<p><img loading=\"lazy\" decoding=\"async\" class=\"alignright size-medium wp-image-794\" src=\"http:\/\/www.das-elena-verfahren.de\/kreditvergleich\/wp-content\/uploads\/umschuldung-300x200.jpg\" alt=\"Umschuldung muss gut \u00fcberlegt sein\" width=\"300\" height=\"200\" srcset=\"http:\/\/www.das-elena-verfahren.de\/kreditvergleich\/wp-content\/uploads\/umschuldung-300x200.jpg 300w, http:\/\/www.das-elena-verfahren.de\/kreditvergleich\/wp-content\/uploads\/umschuldung.jpg 424w\" sizes=\"auto, (max-width: 300px) 100vw, 300px\" \/>Um sich zun\u00e4chst einen guten und umfassenden \u00dcberblick zu den aktuell geltenden Kreditkonditionen zu verschaffen, <a title=\"eignet sich unser Kreditvergleich\" href=\"http:\/\/www.das-elena-verfahren.de\/kreditvergleich\/\">eignet sich unser Kreditvergleich<\/a>. Mit wenigen Daten, die Sie in den Rechner eingeben m\u00fcssen, erhalten Sie bereits ein erstes Ergebnis:<\/p>\n<ul>\n<li>Kreditsumme<\/li>\n<li>gew\u00fcnschte Laufzeit<\/li>\n<li>Verwendungszweck &#8222;Umschuldung&#8220;<\/li>\n<\/ul>\n<p>Die Auflistung der verschiedenen Anbieter ist nur ein erster Anhaltspunkt, denn Sie k\u00f6nnen nun die einzelnen Offerten n\u00e4her untersuchen. Grunds\u00e4tzlich sollten Sie dabei auf die beiden unterschiedlichen Herangehensweisen der Banken achten, denn es gibt<\/p>\n<ul>\n<li>bonit\u00e4tsunabh\u00e4ngige und<\/li>\n<li>bonit\u00e4tsabh\u00e4ngige<\/li>\n<\/ul>\n<p>Zinss\u00e4tze. Finden Sie eine Von-Bis-Angabe beim Zinssatz vor, werden die endg\u00fcltigen Konditionen erst festgelegt, wenn die Bank Ihre Bonit\u00e4t genau gepr\u00fcft hat. Zur Orientierung m\u00fcssen auch diese Anbieter eine Beispielrechnung ver\u00f6ffentlichen, die sich auf einen Zinssatz bezieht, zu dem ein Gro\u00dfteil der Kreditantr\u00e4ge genehmigt wird. Alternativ finden Sie Angebote mit einem fixen Zinssatz, auf den Sie in jedem Fall Anspruch haben, wenn Ihr Kreditantrag grunds\u00e4tzlich genehmigt wird. Um einen ersten Vergleich zum bereits laufenden Kredit vorzunehmen, k\u00f6nnen Sie sich zun\u00e4chst auf eine solche Offerte beziehen.<\/p>\n<h3><span class=\"ez-toc-section\" id=\"entscheidung-%e2%80%93-bonitaetsabhaengig-oder-bonitaetsunabhaengig\"><\/span>Entscheidung &#8211; bonit\u00e4tsabh\u00e4ngig oder bonit\u00e4tsunabh\u00e4ngig?<span class=\"ez-toc-section-end\"><\/span><\/h3>\n<p><img loading=\"lazy\" decoding=\"async\" class=\"alignright size-medium wp-image-795\" src=\"http:\/\/www.das-elena-verfahren.de\/kreditvergleich\/wp-content\/uploads\/entscheidung-276x300.jpg\" alt=\"Eine Entscheidung muss her\" width=\"276\" height=\"300\" srcset=\"http:\/\/www.das-elena-verfahren.de\/kreditvergleich\/wp-content\/uploads\/entscheidung-276x300.jpg 276w, http:\/\/www.das-elena-verfahren.de\/kreditvergleich\/wp-content\/uploads\/entscheidung.jpg 346w\" sizes=\"auto, (max-width: 276px) 100vw, 276px\" \/>Welche der beiden Varianten f\u00fcr Sie sinnvoll ist, h\u00e4ngt entscheidend von Ihrer Bonit\u00e4t ab: K\u00f6nnen Sie auf eine sehr gute verweisen, lohnt sich die Einholung eines verbindlichen Angebotes mit einem bonit\u00e4tsabh\u00e4ngigen Zinssatz. Dazu f\u00fcllen Sie einfach die Online-Formulare des betreffenden Anbieters aus. Dort werden s\u00e4mtliche pers\u00f6nliche Informationen, aber vor allem auch die Daten zu Ihrem Einkommen, den laufenden Ausgaben und den bereits vorhandenen Verm\u00f6genswerten sowie weiteren Verbindlichkeiten abgefragt. Zum Beleg ben\u00f6tigt die Bank in jedem Fall Einkommensnachweise, die Sie per E-Mail oder Post versenden k\u00f6nnen. Nat\u00fcrlich wird die Bank eine Abfrage bei der SCHUFA oder einer \u00e4hnlichen Wirtschaftsauskunftei durchf\u00fchren, eine entsprechende Einwilligung wird also auch von Ihnen erwartet. Zumindest die deutschen Banken sind dazu verpflichtet, die ausl\u00e4ndischen Anbieter k\u00f6nnen durchaus von dieser Herangehensweise abweichen.<\/p>\n<p>Erfahrungsgem\u00e4\u00df werden aber nur rund zehn Prozent aller Kreditnehmer einen der sehr g\u00fcnstigen Zinss\u00e4tze bei den bonit\u00e4tsabh\u00e4ngigen Konditionen erhalten. Alternativ steht es Ihnen frei, sich f\u00fcr einen festen Zinssatz zu entscheiden. Das Procedere f\u00fcr die Abfrage eines verbindlichen Kreditangebotes ist dasselbe, Sie ben\u00f6tigen also ebenfalls alle belastbaren Unterlagen zur Darstellung Ihrer pers\u00f6nlichen und finanziellen Situation.<\/p>\n<h3><span class=\"ez-toc-section\" id=\"ablauf-der-umschuldung-%e2%80%93-gut-planen\"><\/span>Ablauf der Umschuldung &#8211; gut planen<span class=\"ez-toc-section-end\"><\/span><\/h3>\n<ul>\n<li>Um einen <a title=\"bereits laufenden Ratenkredit\" href=\"http:\/\/www.das-elena-verfahren.de\/kreditvergleich\/ratenkredit\/\">bereits laufenden Ratenkredit<\/a> abl\u00f6sen zu k\u00f6nnen, empfiehlt sich also zun\u00e4chst die Recherche der aktuellen Konditionen. Ergibt sich ein Einsparpotenzial, fordern Sie einfach ein Kreditangebot bei dem Anbieter an, der Ihnen am meisten zusagt. Durch diese Anfrage entstehen Ihnen keinerlei Nachteile, denn es wird keine Information an die SCHUFA \u00fcbermittelt, solange Sie das Angebot nicht annehmen. Sobald die Pr\u00fcfung durchgef\u00fchrt wurde und Ihnen die verbindliche Offerte vorliegt, k\u00f6nnen Sie nun ganz genau Ihre Einsparung durch die Umschuldung berechnen.<\/li>\n<li>Der bestehende Kreditvertrag ist nun Gegenstand Ihrer Recherchen, denn in einigen F\u00e4llen k\u00f6nnen durch die vorzeitige Abl\u00f6sung zus\u00e4tzliche Kosten entstehen. Dar\u00fcber hinaus sollten Sie kl\u00e4ren, wann Sie den Kredit sinnvollerweise abl\u00f6sen k\u00f6nnen. Bei <a title=\"einem Ratenkredit\" href=\"http:\/\/www.das-elena-verfahren.de\/kreditvergleich\/ratenkredit\/\">einem Ratenkredit<\/a> d\u00fcrfte dies unkompliziert m\u00f6glich sein, allerdings finden Sie die Details in den vertraglichen Vereinbarungen.<\/li>\n<li>Sie beantragen schlie\u00dflich den Kredit, sodass Ihnen der neue Anbieter den Kreditvertrag und das Formular f\u00fcr das Post-Ident-Verfahren zusendet. Mit diesen Unterlagen und Ihrem g\u00fcltigen Personalausweis suchen Sie eine Post-Filiale auf. Dort wird ein Postmitarbeiter die Identifizierung nach Geldw\u00e4schegesetzt vornehmen. Alternativ k\u00f6nnen Sie auch Ihren Reisepass verwenden, dann ben\u00f6tigen Sie allerdings eine aktuelle Meldebest\u00e4tigung, die Sie beim Einwohnermeldeamt erhalten. Zu dieser Vorgehensweise ist eine Bank verpflichtet, wenn die Transaktion \u00fcber das Internet abgewickelt wird. Die Post nimmt die Unterlagen entgegen und reicht sie direkt an die Bank weiter.<\/li>\n<li>Die Auszahlung des Kreditbetrages erfolgt innerhalb k\u00fcrzester Frist auf das angegebene Girokonto, von dem auch die Raten abgebucht werden.<\/li>\n<li>Sie k\u00f6nnen nun die \u00dcberweisung auf das Kreditkonto vornehmen und die Verbindlichkeiten abl\u00f6sen. Achten Sie bitte darauf, dass die SCHUFA \u00fcber die Tilgung informiert wird, sodass sich keinerlei Nachteile im Bezug auf Ihre Bonit\u00e4t ergeben. Dies wird meist automatisch von den Banken erledigt, allerdings kann es immer zu Fehlern kommen. Mit einer Selbstauskunft, die Sie einmal pro Jahr kostenlos anfragen k\u00f6nnen, haben Sie die Best\u00e4tigung oder k\u00f6nnen im Bedarfsfall korrigierend eingreifen.<\/li>\n<\/ul>\n<p>Eine Umschuldung ist also nicht kompliziert und l\u00e4sst sich insbesondere mit einem Onlinekredit schnell bewerkstelligen. Ma\u00dfgeblich sind die Unterlagen, die Sie zur Darstellung Ihrer Einkommens- und Verm\u00f6gensverh\u00e4ltnisse aktuell und vollst\u00e4ndig einreichen m\u00fcssen.<\/p>\n<div id=\"1-link-581\" class=\"sh-link 1-link sh-show\"><a href=\"#\" onclick=\"showhide_toggle('1', 581, '- Wann ist bei mir eine Umschuldung m\u00f6glich?', '+ Wann ist bei mir eine Umschuldung m\u00f6glich?'); return false;\" aria-expanded=\"true\"><span id=\"1-toggle-581\">- Wann ist bei mir eine Umschuldung m\u00f6glich?<\/span><\/a><\/div><div id=\"1-content-581\" class=\"sh-content 1-content sh-show\" style=\"display: block;\"><\/p>\n<p>Grunds\u00e4tzlich ist eine Umschuldung immer m\u00f6glich, allerdings k\u00f6nnen unter Umst\u00e4nden Vorf\u00e4lligkeitsentsch\u00e4digungen anfallen. Es ist also entscheidend, welche Regelungen der Kreditvertrag bez\u00fcglich einer Mindestlaufzeit enth\u00e4lt. Ist diese n\u00e4mlich noch nicht abgelaufen, darf die bisher finanzierende Bank f\u00fcr die ihr durch eine vorfristige Abl\u00f6sung des Kredites entgehenden Zinsen eine anteilige Entsch\u00e4digung verlangen. Die Berechnung ist meist sehr kompliziert, eine Anfrage bei der Bank hilft an dieser Stelle weiter. Sinnvoll ist es, eine schriftliche Berechnung einzuholen, um auf der Grundlage der zus\u00e4tzlich anfallenden Kosten eine fundierte Entscheidung treffen zu k\u00f6nnen.<\/p>\n<p>Berechnen Sie dazu die Einsparung, die Sie durch eine clevere Umschuldung erreichen k\u00f6nnten:<\/p>\n<ul>\n<li>Geben Sie in den <a title=\"Kreditvergleich\" href=\"http:\/\/www.das-elena-verfahren.de\/kreditvergleich\/\">Kreditvergleich<\/a> die noch abzul\u00f6sende Kreditsumme ein.<\/li>\n<li>Aus dem f\u00fcr Sie interessantesten Angebot entnehmen Sie sich die Gesamtfinanzierungssumme.<\/li>\n<li>Diese stellen Sie dem aktuellen Kontoauszug Ihres bereits laufenden Kreditvertrages und dem dort ausgewiesenen noch f\u00e4lligen Gesamtaufwand gegen\u00fcber.<\/li>\n<li>Ber\u00fccksichtigen Sie bei der Berechnung auch die anfallende Vorf\u00e4lligkeitsentsch\u00e4digung.<\/li>\n<\/ul>\n<p>Sollten Ihr Kreditvertrag bereits die Mindestlaufzeit \u00fcberschritten haben, kl\u00e4ren Sie die Modalit\u00e4ten zur K\u00fcndigungsfrist. In der Regel k\u00f6nnen Sie einen Raten- oder auch einen <a title=\"Onlinekredit\" href=\"http:\/\/www.das-elena-verfahren.de\/kreditvergleich\/onlinekredit\/\">Onlinekredit<\/a> jederzeit abl\u00f6sen, sodass Sie die Umschuldung in aller Ruhe angehen k\u00f6nnen.<\/div>\n<div id=\"2-link-581\" class=\"sh-link 2-link sh-show\"><a href=\"#\" onclick=\"showhide_toggle('2', 581, '- Lohnt sich die Umschuldung bei mir?', '+ Lohnt sich die Umschuldung bei mir?'); return false;\" aria-expanded=\"true\"><span id=\"2-toggle-581\">- Lohnt sich die Umschuldung bei mir?<\/span><\/a><\/div><div id=\"2-content-581\" class=\"sh-content 2-content sh-show\" style=\"display: block;\"><\/p>\n<p>Diese Frage beantwortet sich aus dem Vergleich der Konditionen heraus, die die m\u00f6gliche Einsparung bei der Zinsbelastung ergibt. Stellen Sie einfach den Gesamtfinanzierungsaufwand des alten dem des aktuellen Kreditangebotes gegen\u00fcber, um eine verl\u00e4ssliche Vergleichsgrundlage zu verwenden. Alternativ k\u00f6nnen Sie nat\u00fcrlich auch die monatlichen Raten heranziehen, allerdings sollten Sie das gesamte Ausma\u00df Ihres Einsparpotenzials betrachten.<\/p>\n<p>Der Aufwand f\u00fcr die Beantragung eines Onlinekredites ist sehr \u00fcbersichtlich, Sie ben\u00f6tigen nur<\/p>\n<ul>\n<li>Einkommensnachweise,<\/li>\n<li>die ausgef\u00fcllte Selbstauskunft sowie<\/li>\n<li>die Kopie des Personalausweises.<\/li>\n<\/ul>\n<p>Ergibt die Abfrage bei der SCHUFA oder einer \u00e4hnlichen Wirtschaftsauskunftei keine Ausschlusskriterien, k\u00f6nnen Sie in der Regel sehr schnell \u00fcber die gew\u00fcnschte Summe zur Abl\u00f6sung Ihres Kredites verf\u00fcgen. Sollten Sie also deutlich g\u00fcnstigere Zinsen bei einem neuen Anbieter vereinbaren k\u00f6nnen, lohnt sich die Umschuldung in jedem Fall. Bedenken Sie bei der Berechnung des neuen Kredites, dass sich auch die Laufzeit so modellieren l\u00e4sst, dass die monatliche Belastung Ihren finanziellen Verh\u00e4ltnissen anzupassen ist. Solange alle Kreditraten zuverl\u00e4ssig gezahlt werden, es keine anderweitigen Zahlungsprobleme oder Verschlechterungen in Ihren finanziellen Verh\u00e4ltnissen gibt, k\u00f6nnen Sie eine Umschuldung ohne Bedenken in Angriff nehmen. Wesentlich ist doch, dass Sie mit g\u00fcnstigeren Zinsen auch Ihre Liquidit\u00e4t wieder verbessern k\u00f6nnen. Je besser Sie die Beantragung des neuen Kredites vorbereiten, umso reibungsloser wird die Abl\u00f6sung des alten Kredites funktionieren.<\/div>\n<div id=\"3-link-581\" class=\"sh-link 3-link sh-show\"><a href=\"#\" onclick=\"showhide_toggle('3', 581, '- Entstehen Geb\u00fchren bei einem Umschuldungskredit?', '+ Entstehen Geb\u00fchren bei einem Umschuldungskredit?'); return false;\" aria-expanded=\"true\"><span id=\"3-toggle-581\">- Entstehen Geb\u00fchren bei einem Umschuldungskredit?<\/span><\/a><\/div><div id=\"3-content-581\" class=\"sh-content 3-content sh-show\" style=\"display: block;\"><\/p>\n<p>Solange es sich um einen privaten Ratenkredit handelt, d\u00fcrfen keine separaten Geb\u00fchren mehr f\u00fcr die Bearbeitung oder Pr\u00fcfung der Kreditunterlagen erhoben werden. Sie werden bei allen aktuellen Angeboten erkennen, dass f\u00fcr diese Position kein Betrag mehr ausgewiesen wird. Diese \u00c4nderung in der Rechtssprechung ist nicht zuletzt dem Verbraucherschutz zu verdanken, der entsprechende Klagen gef\u00fchrt hat. Die Pr\u00fcfung der Kreditunterlagen liegt demnach im Interesse der Banken selbst, sodass der Kreditnehmer daf\u00fcr nicht aufkommen muss.<\/p>\n<p>Abh\u00e4ngig von den vertraglichen Regelungen und der Laufzeit des bisherigen Kredites kann es allerdings vorkommen, dass der Bank eine Vorf\u00e4lligkeitsentsch\u00e4digung f\u00fcr die durch die Abl\u00f6sung ausfallenden Zinseinnahmen zusteht. Diese anteiligen Zinsen werden in einem besonderen Verfahren berechnet, dazu finden Sie Details im Kreditvertrag. Allerdings betr\u00e4gt die Mindestlaufzeit in der Regel nicht mehr als sechs Monate, sodass Sie eine Umschuldung clever planen k\u00f6nnen. Sollten Sie an dieser Stelle unsicher sein, setzen Sie sich am besten mit der finanzierenden Bank in Verbindung und lassen sich zu den speziellen Vertragsdetails und der H\u00f6he einer eventuellen Vorf\u00e4lligkeitsentsch\u00e4digung beraten.<\/p>\n<p>Handelt es sich um eine <a title=\"Baufinanzierung\" href=\"http:\/\/www.das-elena-verfahren.de\/kreditvergleich\/baufinanzierung\/\">Baufinanzierung<\/a>, k\u00f6nnen durchaus weitere Geb\u00fchren bei einer vorfristigen Umschuldung entstehen. Zum einen wird ebenfalls eine Vorf\u00e4lligkeitsentsch\u00e4digung f\u00e4llig, wenn die Zinsbindungsfrist noch nicht abgelaufen ist. Auch hier empfiehlt sich die genaue Recherche im Vorfeld einer Umschuldung, um den zu erreichenden Einspareffekt nicht zu beeintr\u00e4chtigen.<\/p>\n<p>Ben\u00f6tigen Sie aber eine Anschlussfinanzierung, weil die Zinsbindungsfrist in absehbarer Zeit ausl\u00e4uft, k\u00f6nnen Sie sowohl zu diesem Termin Sondertilgungen vornehmen als auch eine neue Finanzierung vereinbaren. Sie werden von Ihrer finanzierenden Bank sp\u00e4testens drei Monate vor Ablauf informiert und mit einem neuen Angebot versorgt. <a title=\"Dieses k\u00f6nnen Sie ganz bequem mit einem Kreditvergleich pr\u00fcfen\" href=\"http:\/\/www.das-elena-verfahren.de\/kreditvergleich\/\">Dieses k\u00f6nnen Sie ganz bequem mit einem Kreditvergleich pr\u00fcfen<\/a>. Alternativ steht es Ihnen frei, sich bereits weit im Vorfeld g\u00fcnstige Konditionen mit einem Forward-Darlehen zu sichern, was sich auch \u00fcber einen l\u00e4ngeren Zeitraum bewerkstelligen l\u00e4sst. Dar\u00fcber hinaus kostet die L\u00f6schung der alten und Eintragung der neuen Grundschuld ebenfalls Geb\u00fchren, \u00fcber die Sie sich informieren sollten.<\/div>\n<p>Weiterf\u00fchrende Informationen:<\/p>\n<ul>\n<li><a href=\"http:\/\/www.umschuldungskredit.net\/\" target=\"_blank\">www.umschuldungskredit.net<\/a><\/li>\n<\/ul>\n","protected":false},"excerpt":{"rendered":"<p>Kredite werden in der Regel \u00fcber mehrere Jahre vereinbart, wobei vor allem bei privaten Ratenkrediten die Konditionen f\u00fcr die gesamte Laufzeit fixiert werden. Ver\u00e4ndert sich allerdings das allgemeine Zinsniveau, kann eine Umschuldung eine interessante Ma\u00dfnahme sein, um unter dem Strich deutlich an Geld einzusparen. Vor allem in Niedrigzinsphasen lohnt es sich also, die aktuellen Kreditkonditionen [&hellip;]<\/p>\n","protected":false},"author":2,"featured_media":0,"parent":0,"menu_order":0,"comment_status":"open","ping_status":"closed","template":"","meta":{"_acf_changed":false,"footnotes":""},"class_list":["post-581","page","type-page","status-publish","hentry"],"acf":[],"yoast_head":"<!-- This site is optimized with the Yoast SEO plugin v24.6 - https:\/\/yoast.com\/wordpress\/plugins\/seo\/ -->\n<title>Umschuldungskredit \u25b7 Jetzt g\u00fcnstig Umschulden<\/title>\n<meta name=\"description\" content=\"Umschuldungskredit mit niedrigen Zinsen \u2713 100% transparent \u2713 Sparen durch aktuell sehr niedrige Zinss\u00e4tze \u2713 Wechselhilfe f\u00fcr Sie kostenlos\" \/>\n<meta name=\"robots\" content=\"index, follow, max-snippet:-1, max-image-preview:large, max-video-preview:-1\" \/>\n<link rel=\"canonical\" href=\"https:\/\/www.kredit-vergleich24.com\/umschuldungskredit\/\" \/>\n<meta name=\"twitter:label1\" content=\"Gesch\u00e4tzte Lesezeit\" \/>\n\t<meta name=\"twitter:data1\" content=\"9\u00a0Minuten\" \/>\n<script type=\"application\/ld+json\" class=\"yoast-schema-graph\">{\"@context\":\"https:\/\/schema.org\",\"@graph\":[{\"@type\":\"WebPage\",\"@id\":\"http:\/\/www.das-elena-verfahren.de\/kreditvergleich\/umschuldungskredit\/\",\"url\":\"https:\/\/www.kredit-vergleich24.com\/umschuldungskredit\/\",\"name\":\"Umschuldungskredit \u25b7 Jetzt g\u00fcnstig Umschulden\",\"isPartOf\":{\"@id\":\"http:\/\/www.das-elena-verfahren.de\/kreditvergleich\/#website\"},\"primaryImageOfPage\":{\"@id\":\"https:\/\/www.kredit-vergleich24.com\/umschuldungskredit\/#primaryimage\"},\"image\":{\"@id\":\"https:\/\/www.kredit-vergleich24.com\/umschuldungskredit\/#primaryimage\"},\"thumbnailUrl\":\"http:\/\/www.das-elena-verfahren.de\/kreditvergleich\/wp-content\/uploads\/umschuldung-300x200.jpg\",\"datePublished\":\"2014-12-21T14:08:18+00:00\",\"dateModified\":\"2017-09-11T17:33:51+00:00\",\"description\":\"Umschuldungskredit mit niedrigen Zinsen \u2713 100% transparent \u2713 Sparen durch aktuell sehr niedrige Zinss\u00e4tze \u2713 Wechselhilfe f\u00fcr Sie kostenlos\",\"breadcrumb\":{\"@id\":\"https:\/\/www.kredit-vergleich24.com\/umschuldungskredit\/#breadcrumb\"},\"inLanguage\":\"de\",\"potentialAction\":[{\"@type\":\"ReadAction\",\"target\":[\"https:\/\/www.kredit-vergleich24.com\/umschuldungskredit\/\"]}]},{\"@type\":\"ImageObject\",\"inLanguage\":\"de\",\"@id\":\"https:\/\/www.kredit-vergleich24.com\/umschuldungskredit\/#primaryimage\",\"url\":\"http:\/\/www.das-elena-verfahren.de\/kreditvergleich\/wp-content\/uploads\/umschuldung.jpg\",\"contentUrl\":\"http:\/\/www.das-elena-verfahren.de\/kreditvergleich\/wp-content\/uploads\/umschuldung.jpg\",\"width\":424,\"height\":283,\"caption\":\"Umschuldung muss gut \u00fcberlegt sein\"},{\"@type\":\"BreadcrumbList\",\"@id\":\"https:\/\/www.kredit-vergleich24.com\/umschuldungskredit\/#breadcrumb\",\"itemListElement\":[{\"@type\":\"ListItem\",\"position\":1,\"name\":\"Startseite\",\"item\":\"http:\/\/www.das-elena-verfahren.de\/kreditvergleich\/\"},{\"@type\":\"ListItem\",\"position\":2,\"name\":\"Umschuldungskredit &#8211; die clevere Art, Geld zu sparen\"}]},{\"@type\":\"WebSite\",\"@id\":\"http:\/\/www.das-elena-verfahren.de\/kreditvergleich\/#website\",\"url\":\"http:\/\/www.das-elena-verfahren.de\/kreditvergleich\/\",\"name\":\"Kredit-Vergleich24.com\",\"description\":\"Kreditvergleich kostenlos\",\"potentialAction\":[{\"@type\":\"SearchAction\",\"target\":{\"@type\":\"EntryPoint\",\"urlTemplate\":\"http:\/\/www.das-elena-verfahren.de\/kreditvergleich\/?s={search_term_string}\"},\"query-input\":{\"@type\":\"PropertyValueSpecification\",\"valueRequired\":true,\"valueName\":\"search_term_string\"}}],\"inLanguage\":\"de\"}]}<\/script>\n<!-- \/ Yoast SEO plugin. -->","yoast_head_json":{"title":"Umschuldungskredit \u25b7 Jetzt g\u00fcnstig Umschulden","description":"Umschuldungskredit mit niedrigen Zinsen \u2713 100% transparent \u2713 Sparen durch aktuell sehr niedrige Zinss\u00e4tze \u2713 Wechselhilfe f\u00fcr Sie kostenlos","robots":{"index":"index","follow":"follow","max-snippet":"max-snippet:-1","max-image-preview":"max-image-preview:large","max-video-preview":"max-video-preview:-1"},"canonical":"https:\/\/www.kredit-vergleich24.com\/umschuldungskredit\/","twitter_misc":{"Gesch\u00e4tzte Lesezeit":"9\u00a0Minuten"},"schema":{"@context":"https:\/\/schema.org","@graph":[{"@type":"WebPage","@id":"http:\/\/www.das-elena-verfahren.de\/kreditvergleich\/umschuldungskredit\/","url":"https:\/\/www.kredit-vergleich24.com\/umschuldungskredit\/","name":"Umschuldungskredit \u25b7 Jetzt g\u00fcnstig Umschulden","isPartOf":{"@id":"http:\/\/www.das-elena-verfahren.de\/kreditvergleich\/#website"},"primaryImageOfPage":{"@id":"https:\/\/www.kredit-vergleich24.com\/umschuldungskredit\/#primaryimage"},"image":{"@id":"https:\/\/www.kredit-vergleich24.com\/umschuldungskredit\/#primaryimage"},"thumbnailUrl":"http:\/\/www.das-elena-verfahren.de\/kreditvergleich\/wp-content\/uploads\/umschuldung-300x200.jpg","datePublished":"2014-12-21T14:08:18+00:00","dateModified":"2017-09-11T17:33:51+00:00","description":"Umschuldungskredit mit niedrigen Zinsen \u2713 100% transparent \u2713 Sparen durch aktuell sehr niedrige Zinss\u00e4tze \u2713 Wechselhilfe f\u00fcr Sie kostenlos","breadcrumb":{"@id":"https:\/\/www.kredit-vergleich24.com\/umschuldungskredit\/#breadcrumb"},"inLanguage":"de","potentialAction":[{"@type":"ReadAction","target":["https:\/\/www.kredit-vergleich24.com\/umschuldungskredit\/"]}]},{"@type":"ImageObject","inLanguage":"de","@id":"https:\/\/www.kredit-vergleich24.com\/umschuldungskredit\/#primaryimage","url":"http:\/\/www.das-elena-verfahren.de\/kreditvergleich\/wp-content\/uploads\/umschuldung.jpg","contentUrl":"http:\/\/www.das-elena-verfahren.de\/kreditvergleich\/wp-content\/uploads\/umschuldung.jpg","width":424,"height":283,"caption":"Umschuldung muss gut \u00fcberlegt sein"},{"@type":"BreadcrumbList","@id":"https:\/\/www.kredit-vergleich24.com\/umschuldungskredit\/#breadcrumb","itemListElement":[{"@type":"ListItem","position":1,"name":"Startseite","item":"http:\/\/www.das-elena-verfahren.de\/kreditvergleich\/"},{"@type":"ListItem","position":2,"name":"Umschuldungskredit &#8211; die clevere Art, Geld zu sparen"}]},{"@type":"WebSite","@id":"http:\/\/www.das-elena-verfahren.de\/kreditvergleich\/#website","url":"http:\/\/www.das-elena-verfahren.de\/kreditvergleich\/","name":"Kredit-Vergleich24.com","description":"Kreditvergleich kostenlos","potentialAction":[{"@type":"SearchAction","target":{"@type":"EntryPoint","urlTemplate":"http:\/\/www.das-elena-verfahren.de\/kreditvergleich\/?s={search_term_string}"},"query-input":{"@type":"PropertyValueSpecification","valueRequired":true,"valueName":"search_term_string"}}],"inLanguage":"de"}]}},"_links":{"self":[{"href":"http:\/\/www.das-elena-verfahren.de\/kreditvergleich\/wp-json\/wp\/v2\/pages\/581","targetHints":{"allow":["GET"]}}],"collection":[{"href":"http:\/\/www.das-elena-verfahren.de\/kreditvergleich\/wp-json\/wp\/v2\/pages"}],"about":[{"href":"http:\/\/www.das-elena-verfahren.de\/kreditvergleich\/wp-json\/wp\/v2\/types\/page"}],"author":[{"embeddable":true,"href":"http:\/\/www.das-elena-verfahren.de\/kreditvergleich\/wp-json\/wp\/v2\/users\/2"}],"replies":[{"embeddable":true,"href":"http:\/\/www.das-elena-verfahren.de\/kreditvergleich\/wp-json\/wp\/v2\/comments?post=581"}],"version-history":[{"count":0,"href":"http:\/\/www.das-elena-verfahren.de\/kreditvergleich\/wp-json\/wp\/v2\/pages\/581\/revisions"}],"wp:attachment":[{"href":"http:\/\/www.das-elena-verfahren.de\/kreditvergleich\/wp-json\/wp\/v2\/media?parent=581"}],"curies":[{"name":"wp","href":"https:\/\/api.w.org\/{rel}","templated":true}]}}