{"id":577,"date":"2014-12-21T15:03:07","date_gmt":"2014-12-21T14:03:07","guid":{"rendered":"http:\/\/neu.kredit-vergleich24.com\/?page_id=577"},"modified":"2017-09-11T18:29:40","modified_gmt":"2017-09-11T17:29:40","slug":"onlinekredit","status":"publish","type":"page","link":"http:\/\/www.das-elena-verfahren.de\/kreditvergleich\/onlinekredit\/","title":{"rendered":"Onlinekredit Vergleich &#8211; schnell, g\u00fcnstig und flexibel"},"content":{"rendered":"<p>Das Internet hat sich bereits in vielen Bereichen des t\u00e4glichen Lebens als unverzichtbares und wertvolles Hilfsmittel etabliert. Ein eindr\u00fcckliches Beispiel sind die Direktbanken, die ohne eigenes Filialsystem auskommen und alle Transaktionen online, per Post oder Telefon abwickeln. Die damit deutlich schlankere Struktur verursacht niedrigere Kosten, die die Direktbanken an Ihre Kunden weitergeben k\u00f6nnen. Da auch die verschiedenen Kredite betroffen sind, hat sich insbesondere im Bereich der <a title=\"privaten Ratenkredite\" href=\"http:\/\/www.das-elena-verfahren.de\/kreditvergleich\/privatkredit\/\">privaten Ratenkredite<\/a> ein starker Konkurrenzdruck auf die etablierten Filial-Banken aufgebaut, die nun ihrerseits in vielen F\u00e4llen ebenfalls mit Onlinekrediten auf den Markt dr\u00e4ngen.<\/p>\n<h2>Onlinekredite als g\u00fcnstige Alternativen<\/h2>\n<p><img loading=\"lazy\" decoding=\"async\" class=\"alignright size-medium wp-image-907\" src=\"http:\/\/www.das-elena-verfahren.de\/kreditvergleich\/wp-content\/uploads\/onlinekredit-300x200.jpg\" alt=\"Onlinekredit zuhause beantragen\" width=\"300\" height=\"200\" srcset=\"http:\/\/www.das-elena-verfahren.de\/kreditvergleich\/wp-content\/uploads\/onlinekredit-300x200.jpg 300w, http:\/\/www.das-elena-verfahren.de\/kreditvergleich\/wp-content\/uploads\/onlinekredit.jpg 424w\" sizes=\"auto, (max-width: 300px) 100vw, 300px\" \/>Im Vergleichsrechner werden Sie schnell erkennen, dass auf den vorderen R\u00e4ngen einige Direktbanken zu finden sind, die im Gegensatz zu den etablierten Filial-Banken niedrigere Zinss\u00e4tze f\u00fcr die Onlinekredite berechnen. Aber nicht nur deswegen empfehlen sich die im Internet abzuschlie\u00dfenden Kredite, auch die Abwicklung ist deutlich effektiver. Der wesentliche Vorteil besteht allerdings in der Transparenz, die Sie sich <a title=\"mit einem Kreditvergleich\" href=\"http:\/\/www.das-elena-verfahren.de\/kreditvergleich\/\">mit einem Kreditvergleich<\/a> er\u00f6ffnen. M\u00fcssten Sie m\u00fchselig von jeder einzelnen Bank Kreditangebote anfordern, um einen groben \u00dcberblick zu den aktuellen M\u00f6glichkeiten zu erhalten, reichen hier wenige Eingaben, um die Anbieter sorgf\u00e4ltig aufgelistet zu bekommen:<\/p>\n<ul>\n<li>Kreditsumme<\/li>\n<li>Laufzeit<\/li>\n<li>Verwendungszweck<\/li>\n<\/ul>\n<p>Sie k\u00f6nnen direkt die einzelnen Variablen ver\u00e4ndern, um beispielsweise durch eine l\u00e4ngere Laufzeit g\u00fcnstigere monatliche Raten zu erzielen. Damit ersparen Sie sich die Verhandlung mit Ihrem Bankberater, der zun\u00e4chst diese Berechnungen f\u00fcr Sie anstellen m\u00fcsste. Dar\u00fcber hinaus lassen sich die Details zu den einzelnen Vertr\u00e4gen in aller Ruhe nachlesen und gegen\u00fcberstellen, sodass Sie schnell und unkompliziert die Favoriten f\u00fcr Ihren konkreten Finanzierungsbedarf ermitteln k\u00f6nnen.<\/p>\n<h3>Unabh\u00e4ngigkeit und Flexibilit\u00e4t<\/h3>\n<p><img loading=\"lazy\" decoding=\"async\" class=\"alignright size-medium wp-image-909\" src=\"http:\/\/www.das-elena-verfahren.de\/kreditvergleich\/wp-content\/uploads\/flexibilitaet-300x200.jpg\" alt=\"Flexibilit\u00e4t und Unabh\u00e4ngigkeit\" width=\"300\" height=\"200\" srcset=\"http:\/\/www.das-elena-verfahren.de\/kreditvergleich\/wp-content\/uploads\/flexibilitaet-300x200.jpg 300w, http:\/\/www.das-elena-verfahren.de\/kreditvergleich\/wp-content\/uploads\/flexibilitaet.jpg 424w\" sizes=\"auto, (max-width: 300px) 100vw, 300px\" \/>Bei den meisten Filial-Banken k\u00f6nnen Sie \u00fcber einen Kredit nur verhandeln, wenn Sie dort auch ein Girokonto nutzen, was unter dem Strich auch wieder Geld kosten kann. Bei einem Onlinekredit ist es vollkommen unerheblich, bei welcher Bank Sie Ihr Girokonto f\u00fchren. Sie haben also die Wahl und k\u00f6nnen sich vollkommen unabh\u00e4ngig von Ihren Kontoverbindungen auf dem Markt der <a title=\"Ratenkredite\" href=\"http:\/\/www.das-elena-verfahren.de\/kreditvergleich\/ratenkredit\/\">Ratenkredite<\/a> bewegen. Die Kreditsumme wird auf das angegebene Konto ausgezahlt, die Raten werden auch dort belastet. Damit sind Sie deutlich flexibler, als dies bei einem Kredit bei Ihrer Hausbank der Fall w\u00e4re. So steht es Ihnen zum Beispiel auch vollkommen frei, einen bereits laufenden Ratenkredit abzul\u00f6sen und dazu einen Onlinekredit von einem anderen Anbieter zu nutzen. Sollten Sie die gesamte Kontoverbindung \u00e4ndern wollen, m\u00fcssen Sie dies nat\u00fcrlich der neuen Bank mitteilen, damit es keine Komplikationen bei der Abbuchung der Raten gibt. Die Banken stehen Ihnen aber in dieser Frage hilfreich zur Seite, sodass Sie selbst Girokonten unkompliziert wechseln k\u00f6nnen. Nutzen Sie also den <a title=\"Kreditvergleich\" href=\"http:\/\/www.das-elena-verfahren.de\/kreditvergleich\/\">Kreditvergleich<\/a>, um sich \u00fcber alle Einzelheiten und das sich daraus ergebende Potenzial ausgiebig zu informieren.<\/p>\n<div id=\"1-link-577\" class=\"sh-link 1-link sh-show\"><a href=\"#\" onclick=\"showhide_toggle('1', 577, '- Was ist der Unterschied zum normalen Kredit?', '+ Was ist der Unterschied zum normalen Kredit?'); return false;\" aria-expanded=\"true\"><span id=\"1-toggle-577\">- Was ist der Unterschied zum normalen Kredit?<\/span><\/a><\/div><div id=\"1-content-577\" class=\"sh-content 1-content sh-show\" style=\"display: block;\"><\/p>\n<p>Ein normaler Kredit wird bei der Hausbank beantragt. Dazu<\/p>\n<ul>\n<li>vereinbaren Sie einen Termin mit Ihrem Bankberater,<\/li>\n<li>der wiederum alle notwendigen Unterlagen zur Kreditpr\u00fcfung von Ihnen verlangt.<\/li>\n<li>Der Kreditantrag wird im Gespr\u00e4ch aufgenommen,<\/li>\n<li>die Belege zum Einkommensnachweis, zu allen Ausgaben und den vorhandenen Verm\u00f6genswerten und Verbindlichkeiten in einer Selbstauskunft erfasst.<\/li>\n<li>Dar\u00fcber hinaus erteilen Sie ihm die Erm\u00e4chtigung, eine Auskunft von der SCHUFA oder einer \u00e4hnlichen Wirtschaftsauskunftei anzufordern, da dies bei deutschen Banken unerl\u00e4sslich ist.<\/li>\n<li>Die gesammelten Unterlagen gehen zur Pr\u00fcfung in die Kreditabteilung, werden dort bearbeitet und<\/li>\n<li>Ihr Bankberater erh\u00e4lt eine entsprechende Entscheidung, die er Ihnen mitteilt.<\/li>\n<li>Sie werden wieder vorstellig, unterschreiben den Kreditvertrag und<\/li>\n<li>erhalten das Geld auf Ihr Girokonto \u00fcberwiesen.<\/li>\n<\/ul>\n<p>Der Onlinekredit funktioniert dem Grunde nach ebenso &#8211; allerdings deutlich schneller;<\/p>\n<ul>\n<li>Sie geben alle erforderlichen Informationen in die Online-Formulare ein, sodass eine Vorabpr\u00fcfung sofort erfolgen kann.<\/li>\n<li>Das Kreditangebot kann direkt per E-Mail versandt werden.<\/li>\n<li>Die Unterlagen k\u00f6nnen Sie entweder per E-Mail an die Bank schicken oder im Rahmen des Post-Ident-Verfahrens, das zur Einhaltung der Auflagen des Geldw\u00e4schegesetzes notwendig ist.<\/li>\n<li>Auch die Abfrage bei der SCHUFA oder einer \u00e4hnlichen Wirtschaftsauskunftei liegt in Minutenschnelle vor.<\/li>\n<li>Die Entscheidung \u00fcber einen Onlinekredit erfolgt innerhalb k\u00fcrzester Frist, wenn alle erforderlichen Unterlagen und Informationen vorliegen.<\/li>\n<li>Ebenso schnell funktioniert die Auszahlung, die sofort veranlasst wird, sobald von der Post Ihre Legitimation best\u00e4tigt wurde.<\/li>\n<\/ul>\n<p>Der Onlinekredit wird somit ohne gro\u00dfen personellen Aufwand oder zeitliche Verz\u00f6gerung erledigt, sodass Sie schnell und unkompliziert \u00fcber die beantragte Kreditsumme verf\u00fcgen k\u00f6nnen.<\/div>\n<div id=\"2-link-577\" class=\"sh-link 2-link sh-show\"><a href=\"#\" onclick=\"showhide_toggle('2', 577, '- Steht der Onlinekredit schneller zur Auszahlung bereit?', '+ Steht der Onlinekredit schneller zur Auszahlung bereit?'); return false;\" aria-expanded=\"true\"><span id=\"2-toggle-577\">- Steht der Onlinekredit schneller zur Auszahlung bereit?<\/span><\/a><\/div><div id=\"2-content-577\" class=\"sh-content 2-content sh-show\" style=\"display: block;\"><\/p>\n<p><img loading=\"lazy\" decoding=\"async\" class=\"alignright size-medium wp-image-912\" src=\"http:\/\/www.das-elena-verfahren.de\/kreditvergleich\/wp-content\/uploads\/auszahlung2-300x203.jpg\" alt=\"Auszahlung des Kredits\" width=\"300\" height=\"203\" srcset=\"http:\/\/www.das-elena-verfahren.de\/kreditvergleich\/wp-content\/uploads\/auszahlung2-300x203.jpg 300w, http:\/\/www.das-elena-verfahren.de\/kreditvergleich\/wp-content\/uploads\/auszahlung2.jpg 421w\" sizes=\"auto, (max-width: 300px) 100vw, 300px\" \/>Die seri\u00f6sen Anbieter von Onlinekrediten arbeiten mit modernen und sicheren IT-Systemen, die zum einen die zuverl\u00e4ssige \u00dcbermittlung aller relevanten Daten und Unterlagen erm\u00f6glichen und zum anderen die Pr\u00fcfung der eingegebenen Informationen direkt erledigen k\u00f6nnen. Nat\u00fcrlich m\u00fcssen die Angaben belegt werden, die notwendigen Nachweise zum Einkommen und den Ausgaben sind auch hier unerl\u00e4sslich. Deswegen h\u00e4ngt die Geschwindigkeit der Auszahlung lediglich von der \u00dcbersendung Ihrer Unterlagen ab. Die Plausibilit\u00e4tspr\u00fcfung als Grundlage f\u00fcr die Kreditentscheidung liegt sehr schnell vor, sodass die Auszahlung sich danach richtet, dass die Daten best\u00e4tigt werden.<\/p>\n<p>Im Gegensatz zur Filial-Bank muss dazu n\u00e4mlich nicht ein langwieriger Bearbeitungsprozess eingeleitet werden, der mehrere Abteilungen tangiert, sondern mit Eingabe der Daten in die entsprechenden Formulare wird die Pr\u00fcfung schon eingeleitet. Die Abl\u00e4ufe sind straff organisiert, um eine schnellstm\u00f6gliche Bearbeitung zu gew\u00e4hrleisten. Je besser Sie also auf die Beantragung eines Onlinekredites vorbereitet sind, desto schneller k\u00f6nnen Sie \u00fcber Ihr Geld verf\u00fcgen. Sie ben\u00f6tigen in jedem Fall:<\/p>\n<ul>\n<li>Kopien der letzten Gehalts- oder Lohnabrechnungen, des Rentenbescheides oder Bescheides \u00fcber anderweitige Einnahmen, bei Selbstst\u00e4ndigen sind allerdings deutlich mehr Unterlagen notwendig,<\/li>\n<li>die Aufstellung aller regelm\u00e4\u00dfigen Kosten und Zahlungsverpflichtungen,<\/li>\n<li>die Aufstellung Ihrer Verm\u00f6genswerte,<\/li>\n<li>die Kopie Ihres g\u00fcltigen Personalausweises oder des Reisepasses, der um eine Meldebest\u00e4tigung erg\u00e4nzt werden muss.<\/li>\n<\/ul>\n<p>Selbstst\u00e4ndige sollten sowohl die Steuerbescheide der letzten Jahre als auch aktuelle betriebswirtschaftliche Auswertungen bereit halten. Sinnvoll sind Ertragsvorschauen f\u00fcr die kommenden Jahre, die der Steuerberater erstellt hat.<\/div>\n<div id=\"3-link-577\" class=\"sh-link 3-link sh-show\"><a href=\"#\" onclick=\"showhide_toggle('3', 577, '- Welche Voraussetzungen muss ich f\u00fcr einen Onlinekredit erf\u00fcllen?', '+ Welche Voraussetzungen muss ich f\u00fcr einen Onlinekredit erf\u00fcllen?'); return false;\" aria-expanded=\"true\"><span id=\"3-toggle-577\">- Welche Voraussetzungen muss ich f\u00fcr einen Onlinekredit erf\u00fcllen?<\/span><\/a><\/div><div id=\"3-content-577\" class=\"sh-content 3-content sh-show\" style=\"display: block;\"><\/p>\n<p>Die Voraussetzungen f\u00fcr einen Onlinekredit variieren von Anbieter zu Anbieter. Wenn Sie also den <a title=\"Kreditvergleich benutzen\" href=\"http:\/\/www.das-elena-verfahren.de\/kreditvergleich\/\">Kreditvergleich benutzen<\/a>, um sich \u00fcber die <a title=\"aktuellen Konditionen f\u00fcr Ratenkredite\" href=\"http:\/\/www.das-elena-verfahren.de\/kreditvergleich\/ratenkredit\/\">aktuellen Konditionen f\u00fcr Ratenkredite<\/a> zu informieren, sollten Sie auch unter den Details nachlesen, welche Anforderungen der jeweilige Anbieter stellt. Im Allgemeinen werden Sie aber<\/p>\n<ul>\n<li>mindestens 18 Jahre alt sein m\u00fcssen,<\/li>\n<li>\u00fcber ein unbefristetes Arbeitsverh\u00e4ltnis verf\u00fcgen oder<\/li>\n<li>mindestens drei Jahre selbstst\u00e4ndig sein m\u00fcssen,<\/li>\n<li>keine <a title=\"negativen Eintr\u00e4ge in der SCHUFA\" href=\"http:\/\/www.das-elena-verfahren.de\/kreditvergleich\/kredit-ohne-schufa\/\">negativen Eintr\u00e4ge in der SCHUFA<\/a> oder einer \u00e4hnlichen Wirtschaftsauskunftei haben d\u00fcrfen und<\/li>\n<li>\u00fcber ausreichend freibleibende Liquidit\u00e4t im Monat verf\u00fcgen m\u00fcssen, um die Kreditraten zuverl\u00e4ssig zur\u00fcckzahlen zu k\u00f6nnen.<\/li>\n<\/ul>\n<p>Die Varianten sind allerdings vielf\u00e4ltig, so gibt es beispielsweise f\u00fcr Auszubildende oder Studenten spezielle Kredite, die auf die jeweiligen Bed\u00fcrfnisse zugeschnitten sind. Auch Rentner, die \u00fcber entsprechende Liquidit\u00e4t verf\u00fcgen, k\u00f6nnen durchaus einen Onlinekredit erhalten, wenn die Kreditsumme und die gew\u00fcnschte Laufzeit zu den realistischen M\u00f6glichkeiten passen.<\/p>\n<p>Vor allem <a title=\"bei Umschuldungen\" href=\"http:\/\/www.das-elena-verfahren.de\/kreditvergleich\/umschuldungskredit\/\">bei Umschuldungen<\/a> werden die Pr\u00fcfungskriterien anders angesetzt, denn durch den neuen Kredit soll ja ein bereits bestehender abgel\u00f6st und so unter dem Strich durch niedrigere Kosten Liquidit\u00e4t freigesetzt werden. Deswegen ist bei Onlinekrediten, die f\u00fcr die Abl\u00f6sung einer bestehenden Finanzierung gedacht sind, dringend dieser Verwendungszweck anzugeben.<\/div>\n<div id=\"4-link-577\" class=\"sh-link 4-link sh-show\"><a href=\"#\" onclick=\"showhide_toggle('4', 577, '- Sind die Zinsen beim Onlinekredit tats\u00e4chlich niedriger?', '+ Sind die Zinsen beim Onlinekredit tats\u00e4chlich niedriger?'); return false;\" aria-expanded=\"true\"><span id=\"4-toggle-577\">- Sind die Zinsen beim Onlinekredit tats\u00e4chlich niedriger?<\/span><\/a><\/div><div id=\"4-content-577\" class=\"sh-content 4-content sh-show\" style=\"display: block;\"><\/p>\n<p><img loading=\"lazy\" decoding=\"async\" class=\"alignright size-full wp-image-826\" src=\"http:\/\/www.das-elena-verfahren.de\/kreditvergleich\/wp-content\/uploads\/zinsen.jpg\" alt=\"Zinsen beim Onlinekredit\" width=\"400\" height=\"300\" srcset=\"http:\/\/www.das-elena-verfahren.de\/kreditvergleich\/wp-content\/uploads\/zinsen.jpg 400w, http:\/\/www.das-elena-verfahren.de\/kreditvergleich\/wp-content\/uploads\/zinsen-300x225.jpg 300w\" sizes=\"auto, (max-width: 400px) 100vw, 400px\" \/>Schon aufgrund der schlankeren Strukturen k\u00f6nnen Angebote von Direktbanken oder auch Onlinekredite von Gesch\u00e4ftsbanken g\u00fcnstiger ausfallen, als dies bei herk\u00f6mmlichen Finanzierungen der Fall ist. Die Vergleichbarkeit der Konditionen, die seri\u00f6se Anbieter im Internet er\u00f6ffnen, tr\u00e4gt nat\u00fcrlich einiges dazu bei, dass die Zinsen f\u00fcr Onlinekredite sehr g\u00fcnstig ausfallen. Allerdings ist immer zu beachten, dass einige Anbieter den endg\u00fcltigen Zinssatz erst in Abh\u00e4ngigkeit von Ihrer Bonit\u00e4t festlegen. Wenn Sie also <a title=\"im Kreditvergleich\" href=\"http:\/\/www.das-elena-verfahren.de\/kreditvergleich\/\">im Kreditvergleich<\/a> die Zinss\u00e4tze untersuchen und auf Von-Bis-Angaben sto\u00dfen, handelt es sich um bonit\u00e4tsabh\u00e4ngige Konditionen.<\/p>\n<p>Allerdings sollten Sie damit vorsichtig umgehen, denn die sehr g\u00fcnstigen Zinss\u00e4tze, die die untere Grenze der Spanne ausmachen, werden nur f\u00fcr rund zehn Prozent der Antr\u00e4ge einger\u00e4umt. Den weitaus gr\u00f6\u00dferen Anteil nehmen die Zinss\u00e4tze ein, die Sie in der Beispielrechnung, zu deren Angabe die Banken und Finanzinstitute verpflichtet sind, vorfinden. Abh\u00e4ngig von Ihrer Bonit\u00e4t k\u00f6nnen Sie nun ausw\u00e4hlen, ob Sie auf einen fest vereinbarten Zinssatz oder einen bonit\u00e4tsabh\u00e4ngigen zur\u00fcckgreifen. Bei letzterem sollten Sie dann das verbindliche Angebot abwarten, um eine gute Entscheidung treffen zu k\u00f6nnen.<\/div>\n<div id=\"5-link-577\" class=\"sh-link 5-link sh-show\"><a href=\"#\" onclick=\"showhide_toggle('5', 577, '- Ben\u00f6tigt die Bank beim Onlinekredit eine Selbstauskunft von mir?', '+ Ben\u00f6tigt die Bank beim Onlinekredit eine Selbstauskunft von mir?'); return false;\" aria-expanded=\"true\"><span id=\"5-toggle-577\">- Ben\u00f6tigt die Bank beim Onlinekredit eine Selbstauskunft von mir?<\/span><\/a><\/div><div id=\"5-content-577\" class=\"sh-content 5-content sh-show\" style=\"display: block;\"><\/p>\n<p><img loading=\"lazy\" decoding=\"async\" class=\"alignright size-full wp-image-914\" src=\"http:\/\/www.das-elena-verfahren.de\/kreditvergleich\/wp-content\/uploads\/selbstauskunft.jpg\" alt=\"Selbstauskunft f\u00fcr den Onlinekredit\" width=\"423\" height=\"283\" srcset=\"http:\/\/www.das-elena-verfahren.de\/kreditvergleich\/wp-content\/uploads\/selbstauskunft.jpg 423w, http:\/\/www.das-elena-verfahren.de\/kreditvergleich\/wp-content\/uploads\/selbstauskunft-300x201.jpg 300w\" sizes=\"auto, (max-width: 423px) 100vw, 423px\" \/>Bei jeder Kreditentscheidung muss die Bank im Vorfeld pr\u00fcfen, ob Sie aller Wahrscheinlichkeit nach in der Lage sein werden, die Kreditraten zuverl\u00e4ssig zur\u00fcckzuf\u00fchren. Dazu ben\u00f6tigt das Kreditinstitut zum einen die Nachweise \u00fcber Ihre monatlichen Einnahmen der H\u00f6he und der Sicherheit des Einkommens nach. Wichtig sind also nicht nur die Eink\u00fcnfte selbst, sondern auch das Risiko, dass Sie kurzfristig arbeitslos werden k\u00f6nnten, weil Sie beispielsweise nur \u00fcber einen befristeten Arbeitsvertrag verf\u00fcgen. Je sicherer Ihr Einkommen ist, wie zum Beispiel bei Beamten oder Mitarbeitern im \u00f6ffentlichen Dienst, desto g\u00fcnstiger kann f\u00fcr Sie die Kreditpr\u00fcfung ausfallen. Dar\u00fcber hinaus muss die Bank aber auch einsch\u00e4tzen k\u00f6nnen, wie sich Ihr Ausgabeverhalten gestaltet. Neben den regelm\u00e4\u00dfigen Ausgaben, wie beispielsweise<\/p>\n<ul>\n<li>Miete und Nebenkosten,<\/li>\n<li>Versicherungen und andere Geldanlagen,<\/li>\n<li>Fahrzeugkosten,<\/li>\n<li>Unterhaltskosten,<\/li>\n<li>bereits erworbene Verm\u00f6genswerte sowie weitere Positionen,<\/li>\n<\/ul>\n<p>interessieren daher auch andere Kreditverbindlichkeiten oder die in der SCHUFA und anderen Wirtschaftsauskunfteien gespeicherten Informationen zum Zahlungsverhalten. Die obligatorische Selbstauskunft wird deswegen auch die Erm\u00e4chtigung zur Einholung einer entsprechenden Auskunft enthalten.<\/p>\n<p>Bei einem Onlinekredit werden diese Angaben direkt in die Online-Formulare eingetragen, sodass die betreffende Bank sich schnell ein Bild machen kann, das durch die einzureichenden Nachweise zu belegen ist. Je plausibler Sie darstellen k\u00f6nnen, dass Sie den gew\u00fcnschten Kredit nachhaltig zur\u00fcckzahlen k\u00f6nnen, desto schneller wird dieser an Sie ausgereicht werden.<\/div>\n","protected":false},"excerpt":{"rendered":"<p>Das Internet hat sich bereits in vielen Bereichen des t\u00e4glichen Lebens als unverzichtbares und wertvolles Hilfsmittel etabliert. Ein eindr\u00fcckliches Beispiel sind die Direktbanken, die ohne eigenes Filialsystem auskommen und alle Transaktionen online, per Post oder Telefon abwickeln. Die damit deutlich schlankere Struktur verursacht niedrigere Kosten, die die Direktbanken an Ihre Kunden weitergeben k\u00f6nnen. Da auch [&hellip;]<\/p>\n","protected":false},"author":2,"featured_media":0,"parent":0,"menu_order":0,"comment_status":"open","ping_status":"closed","template":"","meta":{"_acf_changed":false,"footnotes":""},"class_list":["post-577","page","type-page","status-publish","hentry"],"acf":[],"yoast_head":"<!-- This site is optimized with the Yoast SEO plugin v24.6 - https:\/\/yoast.com\/wordpress\/plugins\/seo\/ -->\n<title>Onlinekredit Vergleich \u25b7 Online die besten Zinsen kostenlos<\/title>\n<meta name=\"description\" content=\"Onlinekredit Vergleich mit wenigen Eingaben \u2713 100% kostenlos \u2713 Keine negativen Schufa-Eintr\u00e4ge durch den Rechner \u2713 Auch Umschuldung m\u00f6glich\" \/>\n<meta name=\"robots\" content=\"index, follow, max-snippet:-1, max-image-preview:large, max-video-preview:-1\" \/>\n<link rel=\"canonical\" href=\"https:\/\/www.kredit-vergleich24.com\/onlinekredit\/\" \/>\n<meta name=\"twitter:label1\" content=\"Gesch\u00e4tzte Lesezeit\" \/>\n\t<meta name=\"twitter:data1\" content=\"9\u00a0Minuten\" \/>\n<script type=\"application\/ld+json\" class=\"yoast-schema-graph\">{\"@context\":\"https:\/\/schema.org\",\"@graph\":[{\"@type\":\"WebPage\",\"@id\":\"http:\/\/www.das-elena-verfahren.de\/kreditvergleich\/onlinekredit\/\",\"url\":\"https:\/\/www.kredit-vergleich24.com\/onlinekredit\/\",\"name\":\"Onlinekredit Vergleich \u25b7 Online die besten Zinsen kostenlos\",\"isPartOf\":{\"@id\":\"http:\/\/www.das-elena-verfahren.de\/kreditvergleich\/#website\"},\"primaryImageOfPage\":{\"@id\":\"https:\/\/www.kredit-vergleich24.com\/onlinekredit\/#primaryimage\"},\"image\":{\"@id\":\"https:\/\/www.kredit-vergleich24.com\/onlinekredit\/#primaryimage\"},\"thumbnailUrl\":\"http:\/\/www.das-elena-verfahren.de\/kreditvergleich\/wp-content\/uploads\/onlinekredit-300x200.jpg\",\"datePublished\":\"2014-12-21T14:03:07+00:00\",\"dateModified\":\"2017-09-11T17:29:40+00:00\",\"description\":\"Onlinekredit Vergleich mit wenigen Eingaben \u2713 100% kostenlos \u2713 Keine negativen Schufa-Eintr\u00e4ge durch den Rechner \u2713 Auch Umschuldung m\u00f6glich\",\"breadcrumb\":{\"@id\":\"https:\/\/www.kredit-vergleich24.com\/onlinekredit\/#breadcrumb\"},\"inLanguage\":\"de\",\"potentialAction\":[{\"@type\":\"ReadAction\",\"target\":[\"https:\/\/www.kredit-vergleich24.com\/onlinekredit\/\"]}]},{\"@type\":\"ImageObject\",\"inLanguage\":\"de\",\"@id\":\"https:\/\/www.kredit-vergleich24.com\/onlinekredit\/#primaryimage\",\"url\":\"http:\/\/www.das-elena-verfahren.de\/kreditvergleich\/wp-content\/uploads\/onlinekredit.jpg\",\"contentUrl\":\"http:\/\/www.das-elena-verfahren.de\/kreditvergleich\/wp-content\/uploads\/onlinekredit.jpg\",\"width\":424,\"height\":283,\"caption\":\"Paar such einen Onlinekredit\"},{\"@type\":\"BreadcrumbList\",\"@id\":\"https:\/\/www.kredit-vergleich24.com\/onlinekredit\/#breadcrumb\",\"itemListElement\":[{\"@type\":\"ListItem\",\"position\":1,\"name\":\"Startseite\",\"item\":\"http:\/\/www.das-elena-verfahren.de\/kreditvergleich\/\"},{\"@type\":\"ListItem\",\"position\":2,\"name\":\"Onlinekredit Vergleich &#8211; schnell, g\u00fcnstig und flexibel\"}]},{\"@type\":\"WebSite\",\"@id\":\"http:\/\/www.das-elena-verfahren.de\/kreditvergleich\/#website\",\"url\":\"http:\/\/www.das-elena-verfahren.de\/kreditvergleich\/\",\"name\":\"Kredit-Vergleich24.com\",\"description\":\"Kreditvergleich kostenlos\",\"potentialAction\":[{\"@type\":\"SearchAction\",\"target\":{\"@type\":\"EntryPoint\",\"urlTemplate\":\"http:\/\/www.das-elena-verfahren.de\/kreditvergleich\/?s={search_term_string}\"},\"query-input\":{\"@type\":\"PropertyValueSpecification\",\"valueRequired\":true,\"valueName\":\"search_term_string\"}}],\"inLanguage\":\"de\"}]}<\/script>\n<!-- \/ Yoast SEO plugin. -->","yoast_head_json":{"title":"Onlinekredit Vergleich \u25b7 Online die besten Zinsen kostenlos","description":"Onlinekredit Vergleich mit wenigen Eingaben \u2713 100% kostenlos \u2713 Keine negativen Schufa-Eintr\u00e4ge durch den Rechner \u2713 Auch Umschuldung m\u00f6glich","robots":{"index":"index","follow":"follow","max-snippet":"max-snippet:-1","max-image-preview":"max-image-preview:large","max-video-preview":"max-video-preview:-1"},"canonical":"https:\/\/www.kredit-vergleich24.com\/onlinekredit\/","twitter_misc":{"Gesch\u00e4tzte Lesezeit":"9\u00a0Minuten"},"schema":{"@context":"https:\/\/schema.org","@graph":[{"@type":"WebPage","@id":"http:\/\/www.das-elena-verfahren.de\/kreditvergleich\/onlinekredit\/","url":"https:\/\/www.kredit-vergleich24.com\/onlinekredit\/","name":"Onlinekredit Vergleich \u25b7 Online die besten Zinsen kostenlos","isPartOf":{"@id":"http:\/\/www.das-elena-verfahren.de\/kreditvergleich\/#website"},"primaryImageOfPage":{"@id":"https:\/\/www.kredit-vergleich24.com\/onlinekredit\/#primaryimage"},"image":{"@id":"https:\/\/www.kredit-vergleich24.com\/onlinekredit\/#primaryimage"},"thumbnailUrl":"http:\/\/www.das-elena-verfahren.de\/kreditvergleich\/wp-content\/uploads\/onlinekredit-300x200.jpg","datePublished":"2014-12-21T14:03:07+00:00","dateModified":"2017-09-11T17:29:40+00:00","description":"Onlinekredit Vergleich mit wenigen Eingaben \u2713 100% kostenlos \u2713 Keine negativen Schufa-Eintr\u00e4ge durch den Rechner \u2713 Auch Umschuldung m\u00f6glich","breadcrumb":{"@id":"https:\/\/www.kredit-vergleich24.com\/onlinekredit\/#breadcrumb"},"inLanguage":"de","potentialAction":[{"@type":"ReadAction","target":["https:\/\/www.kredit-vergleich24.com\/onlinekredit\/"]}]},{"@type":"ImageObject","inLanguage":"de","@id":"https:\/\/www.kredit-vergleich24.com\/onlinekredit\/#primaryimage","url":"http:\/\/www.das-elena-verfahren.de\/kreditvergleich\/wp-content\/uploads\/onlinekredit.jpg","contentUrl":"http:\/\/www.das-elena-verfahren.de\/kreditvergleich\/wp-content\/uploads\/onlinekredit.jpg","width":424,"height":283,"caption":"Paar such einen Onlinekredit"},{"@type":"BreadcrumbList","@id":"https:\/\/www.kredit-vergleich24.com\/onlinekredit\/#breadcrumb","itemListElement":[{"@type":"ListItem","position":1,"name":"Startseite","item":"http:\/\/www.das-elena-verfahren.de\/kreditvergleich\/"},{"@type":"ListItem","position":2,"name":"Onlinekredit Vergleich &#8211; schnell, g\u00fcnstig und flexibel"}]},{"@type":"WebSite","@id":"http:\/\/www.das-elena-verfahren.de\/kreditvergleich\/#website","url":"http:\/\/www.das-elena-verfahren.de\/kreditvergleich\/","name":"Kredit-Vergleich24.com","description":"Kreditvergleich kostenlos","potentialAction":[{"@type":"SearchAction","target":{"@type":"EntryPoint","urlTemplate":"http:\/\/www.das-elena-verfahren.de\/kreditvergleich\/?s={search_term_string}"},"query-input":{"@type":"PropertyValueSpecification","valueRequired":true,"valueName":"search_term_string"}}],"inLanguage":"de"}]}},"_links":{"self":[{"href":"http:\/\/www.das-elena-verfahren.de\/kreditvergleich\/wp-json\/wp\/v2\/pages\/577","targetHints":{"allow":["GET"]}}],"collection":[{"href":"http:\/\/www.das-elena-verfahren.de\/kreditvergleich\/wp-json\/wp\/v2\/pages"}],"about":[{"href":"http:\/\/www.das-elena-verfahren.de\/kreditvergleich\/wp-json\/wp\/v2\/types\/page"}],"author":[{"embeddable":true,"href":"http:\/\/www.das-elena-verfahren.de\/kreditvergleich\/wp-json\/wp\/v2\/users\/2"}],"replies":[{"embeddable":true,"href":"http:\/\/www.das-elena-verfahren.de\/kreditvergleich\/wp-json\/wp\/v2\/comments?post=577"}],"version-history":[{"count":0,"href":"http:\/\/www.das-elena-verfahren.de\/kreditvergleich\/wp-json\/wp\/v2\/pages\/577\/revisions"}],"wp:attachment":[{"href":"http:\/\/www.das-elena-verfahren.de\/kreditvergleich\/wp-json\/wp\/v2\/media?parent=577"}],"curies":[{"name":"wp","href":"https:\/\/api.w.org\/{rel}","templated":true}]}}