{"id":573,"date":"2014-12-21T15:01:05","date_gmt":"2014-12-21T14:01:05","guid":{"rendered":"http:\/\/neu.kredit-vergleich24.com\/?page_id=573"},"modified":"2017-09-11T18:30:40","modified_gmt":"2017-09-11T17:30:40","slug":"ratenkredit","status":"publish","type":"page","link":"http:\/\/www.das-elena-verfahren.de\/kreditvergleich\/ratenkredit\/","title":{"rendered":"Ratenkredit Vergleich &#8211; der Allrounder"},"content":{"rendered":"<p>Der Ratenkredit ist die g\u00e4ngigste Form der von Banken ausgereichten Verbraucher- oder Anschaffungskredite. Wesentliche Merkmale sind die im Vorfeld f\u00fcr die gesamte Laufzeit festgelegten Monatsraten, die jeweils Zins, Tilgung und alle anfallenden Kosten enthalten. Anwendung findet diese standardisierte Form der Finanzierung sowohl im privaten als auch im gewerblichen Bereich. So k\u00f6nnen Privatpersonen von <a title=\"Klein-\" href=\"http:\/\/www.das-elena-verfahren.de\/kreditvergleich\/kleinkredit\/\">Klein-<\/a> \u00fcber <a title=\"Auto-\" href=\"http:\/\/www.das-elena-verfahren.de\/kreditvergleich\/autokredit\/\">Auto-<\/a> bis hin zu frei verf\u00fcgbaren Krediten in einer H\u00f6he von 500 Euro bis zu 75.000 Euro in Anspruch nehmen. Bei Selbstst\u00e4ndigen oder Unternehmen werden auch gr\u00f6\u00dfere Anschaffungen \u00fcber Ratenkredite finanziert, was bis vor einigen Jahren den sogenannten Teilzahlungsbanken vorbehalten war. Die Varianten sind also vielf\u00e4ltig, denn auch ein <a title=\"Gro\u00dfteil der Onlinekredite\" href=\"http:\/\/www.das-elena-verfahren.de\/kreditvergleich\/onlinekredit\/\">Gro\u00dfteil der Onlinekredite<\/a> wird als Ratenkredit ausgegeben.<\/p>\n<h2>Ratenkredite &#8211; standardisiert und trotzdem vielf\u00e4ltig<\/h2>\n<p><img loading=\"lazy\" decoding=\"async\" class=\"alignright size-medium wp-image-801\" src=\"http:\/\/www.das-elena-verfahren.de\/kreditvergleich\/wp-content\/uploads\/ratenkredit-300x200.jpg\" alt=\"Ratenkredit, der Allrounder\" width=\"300\" height=\"200\" srcset=\"http:\/\/www.das-elena-verfahren.de\/kreditvergleich\/wp-content\/uploads\/ratenkredit-300x200.jpg 300w, http:\/\/www.das-elena-verfahren.de\/kreditvergleich\/wp-content\/uploads\/ratenkredit.jpg 424w\" sizes=\"auto, (max-width: 300px) 100vw, 300px\" \/>Die Laufzeiten bei den Ratenkrediten variieren zwischen 12 und 120 Monaten und sind somit ebenso variabel, wie das bei den Annahmerichtlinien der Fall ist. Einige Anbieter bestehen auf einer Restschuldversicherung, die nach neuester Rechtssprechung nicht mehr separat berechnet werden darf, wenn sie obligatorisch vorgesehen ist. Andere wiederum empfehlen diese Absicherung, um beispielsweise bei Zahlungsschwierigkeiten ein gro\u00dfz\u00fcgigeres Verhalten der Bank zu bewirken. Grunds\u00e4tzlich eint alle Ratenkredite, dass die Zinsen f\u00fcr die gesamte Laufzeit festgeschrieben werden, sodass sich auch die monatlichen Raten nicht ver\u00e4ndern.<\/p>\n<p>Die Ausgestaltung der Ratenkredite kann aber sehr unterschiedlich ausfallen, von der kurzen \u00dcberbr\u00fcckung mit kleinen Summen bis hin zu zweckgebundenen Finanzierungen f\u00fcr gr\u00f6\u00dfere Anschaffungen gibt es zahlreiche Varianten. Selbst die Ratenzahlungsangebote gro\u00dfer Versandh\u00e4user sind nichts anderes als Ratenkredite. Auch wenn dort eine Null-Prozent-Finanzierung ausgewiesen wird, erhebt die finanzierende Bank Kosten, die beispielsweise durch einen g\u00fcnstigeren Preis ausgeglichen werden. Auch in diesen F\u00e4llen wird eine SCHUFA-Abfrage durchgef\u00fchrt, um das Ausfallrisiko f\u00fcr die Ratenzahlung zu minimieren.<\/p>\n<div id=\"5-link-573\" class=\"sh-link 5-link sh-hide\"><a href=\"#\" onclick=\"showhide_toggle('5', 573, '+ F\u00fcr was kann ich den Ratenkredit einsetzen?', '- F\u00fcr was kann ich den Ratenkredit einsetzen?'); return false;\" aria-expanded=\"false\"><span id=\"5-toggle-573\">+ F\u00fcr was kann ich den Ratenkredit einsetzen?<\/span><\/a><\/div><div id=\"5-content-573\" class=\"sh-content 5-content sh-hide\" style=\"display: none;\"><\/p>\n<p>Die Ausgestaltung eines Ratenkredites kann sehr unterschiedlich ausfallen, es wird grunds\u00e4tzlich differenziert zwischen<\/p>\n<ul>\n<li>einem Kredit zur freien Verwendung und<\/li>\n<li>den zweckgebundenen Krediten.<\/li>\n<\/ul>\n<p>So werden Ratenkredite bereits ab 500 Euro zur freien Verwendung ausgegeben, die maximale H\u00f6he variiert zwischen 50.000 und 75.000 Euro. Ausschlaggebend ist in erster Linie Ihre Bonit\u00e4t, denn die freibleibende Liquidit\u00e4t bestimmt die H\u00f6he der zuverl\u00e4ssig zu tragenden monatlichen Raten. Die frei verwendbaren Ratenkredite k\u00f6nnen Sie also sowohl zur Bezahlung von gr\u00f6\u00dferen Anschaffungen oder Reisen als auch zur Umschuldung bereits laufender Kreditverbindlichkeiten nutzen.<\/p>\n<p><img loading=\"lazy\" decoding=\"async\" class=\"alignright size-medium wp-image-799\" src=\"http:\/\/www.das-elena-verfahren.de\/kreditvergleich\/wp-content\/uploads\/verwendungszweck-300x200.jpg\" alt=\"Verwendungszweck beim Ratenkredit\" width=\"300\" height=\"200\" srcset=\"http:\/\/www.das-elena-verfahren.de\/kreditvergleich\/wp-content\/uploads\/verwendungszweck-300x200.jpg 300w, http:\/\/www.das-elena-verfahren.de\/kreditvergleich\/wp-content\/uploads\/verwendungszweck.jpg 424w\" sizes=\"auto, (max-width: 300px) 100vw, 300px\" \/>Grunds\u00e4tzlich sind keine weiteren Sicherheiten notwendig, allerdings kann die Einbeziehung eines zweiten Kreditnehmers die Entscheidung der Bank positiv beeinflussen, wenn Ihre Bonit\u00e4t die gew\u00fcnschte Kreditbelastung nicht rechtfertigen w\u00fcrde. Zum Beispiel k\u00f6nnte Unsicherheit bez\u00fcglich Ihres Arbeitseinkommens aufkommen, wenn der Arbeitsvertrag nur befristet ist oder Sie selbstst\u00e4ndig sind. Kann der zweite Kreditnehmer gr\u00f6\u00dfere Sicherheiten f\u00fcr sein Einkommen darstellen, wird die Bank den Kreditantrag freundlicher pr\u00fcfen. Allerdings hat ein solches Vorgehen nat\u00fcrlich Konsequenzen, wenn Sie die Zahlungsverpflichtungen nicht mehr erf\u00fcllen k\u00f6nnen: Der zweite Kreditnehmer haftet dann f\u00fcr die Verbindlichkeiten. Das sollte im Vorfeld in aller Konsequenz und Klarheit besprochen werden.<\/p>\n<p>Die zweckgebundenen Kredite wiederum stellen im Prinzip eine Teilzahlungsvereinbarung f\u00fcr eine ganz konkrete Investition dar. Im privaten Bereich handelt sich gr\u00f6\u00dftenteils um Autos, die auf diese Weise finanziert werden. Als Sicherheit beh\u00e4lt die finanzierende Bank den Fahrzeugbrief ein, auch wenn Sie als Halter eingetragen werden. Damit stellt das Finanzierungsinstitut sicher, dass es im Ernstfall aus der Verwertung des Fahrzeuges die noch offene Kreditsumme abl\u00f6sen kann.<\/p>\n<p>Bei gewerblichen Investitionen, die \u00fcber einen Ratenkredit finanziert werden, arbeiten die Banken in der Regel mit Sicherungs\u00fcbereignungen oder Eigentumsvorbehalten, sodass sich auch hier Verwertungsm\u00f6glichkeiten ergeben. Fallen die monatlichen Raten aus, sodass der Kredit von der Bank gek\u00fcndigt werden muss, werden die finanzierten Investitionsg\u00fcter eingezogen, bewertet und versteigert. Der Erl\u00f6s wird zur R\u00fcckzahlung der offenen Verbindlichkeiten genutzt.<\/div>\n<div id=\"1-link-573\" class=\"sh-link 1-link sh-show\"><a href=\"#\" onclick=\"showhide_toggle('1', 573, '- Wer erh\u00e4lt einen Ratenkredit?', '+ Wer erh\u00e4lt einen Ratenkredit?'); return false;\" aria-expanded=\"true\"><span id=\"1-toggle-573\">- Wer erh\u00e4lt einen Ratenkredit?<\/span><\/a><\/div><div id=\"1-content-573\" class=\"sh-content 1-content sh-show\" style=\"display: block;\"><\/p>\n<p><img loading=\"lazy\" decoding=\"async\" class=\"alignright size-medium wp-image-802\" src=\"http:\/\/www.das-elena-verfahren.de\/kreditvergleich\/wp-content\/uploads\/glueckliche-familie-300x196.jpg\" alt=\"Erh\u00e4lt eine gl\u00fcckliche Familie einen Ratenkredit?\" width=\"300\" height=\"196\" srcset=\"http:\/\/www.das-elena-verfahren.de\/kreditvergleich\/wp-content\/uploads\/glueckliche-familie-300x196.jpg 300w, http:\/\/www.das-elena-verfahren.de\/kreditvergleich\/wp-content\/uploads\/glueckliche-familie.jpg 428w\" sizes=\"auto, (max-width: 300px) 100vw, 300px\" \/>Jede Privatperson, die das 18. Lebensjahr vollendet hat und \u00fcber ein regelm\u00e4\u00dfiges Einkommen verf\u00fcgt, kann grunds\u00e4tzlich einen Ratenkredit in Anspruch nehmen. Die Annahmerichtlinien der einzelnen Anbieter f\u00fcr Ratenkredite fallen aber durchaus unterschiedlich aus. So legen einige Wert darauf, dass ein Arbeitsvertrag unbefristet ist oder eine Selbstst\u00e4ndigkeit bereits mehr als drei Jahre bestanden hat. Andere wiederum haben sich auf Studenten oder Auszubildende spezialisiert, die keine der beiden genannten Kriterien erf\u00fcllen k\u00f6nnen und deswegen nur in einem bestimmten Umfang einen Ratenkredit erhalten. F\u00fcr Selbstst\u00e4ndige gelten grunds\u00e4tzlich andere Regeln, denn die Stabilit\u00e4t des Einkommens ist deutlich schwieriger zu belegen.<\/p>\n<p>\u00dcber die Einkommensfrage hinaus ist nat\u00fcrlich f\u00fcr deutsche Banken die Kreditw\u00fcrdigkeit entscheidend. Deswegen werden obligatorisch Ausk\u00fcnfte bei der SCHUFA oder einer \u00e4hnlichen Wirtschaftsauskunftei abgefragt. Die dort gesammelten Daten und Informationen stammen von den Banken, Dienstleistern und Handelsh\u00e4usern selbst. Sobald also ein Kredit oder eine Kreditkarte ausgegeben oder ein Konto er\u00f6ffnet wird, erfolgt eine Mitteilung an die SCHUFA. Ebenso verfahren die vielf\u00e4ltigen Dienstleister, wie beispielsweise Telefon-, Strom- oder Gas-Anbieter, aber auch Handelsh\u00e4user und Versanddienstleister. Sollte es zu Zahlungsproblemen, Mahnverfahren oder Ausf\u00e4llen kommen, schl\u00e4gt sich dies sofort auf die Kreditw\u00fcrdigkeit nieder. Selbst h\u00e4ufige Wohnungswechsel werden registriert, da dies insbesondere f\u00fcr die Dienstleistungsunternehmen immer wieder ein Problem ist.<\/p>\n<p>Aus diesen Informationen wird ein branchenbezogener Scoring-Wert ermittelt, der auf Anfrage den Banken, Dienstleistern und Handelsh\u00e4usern zur Verf\u00fcgung gestellt wird. Diese Auskunft erfolgt innerhalb von Minuten, sodass schon bei der Eingabe von Daten in ein Antragsformular, beispielsweise beim Wechsel des Stromanbieters, eine Entscheidung fallen kann. Sollten negative Merkmale auftauchen, wird der Antrag abgelehnt, um die eigenen Gesch\u00e4fte vor Zahlungsausf\u00e4llen zu sch\u00fctzen. Da es aber auch bei den Wirtschaftsauskunfteien immer wieder zu Fehlern kommt, empfiehlt sich die regelm\u00e4\u00dfige Kontrolle der dort gespeicherten Informationen. Einmal pro Jahr k\u00f6nnen Sie eine kostenlose Selbstauskunft anfordern, um eventuelle Korrekturen zu veranlassen.<\/div>\n<div id=\"2-link-573\" class=\"sh-link 2-link sh-show\"><a href=\"#\" onclick=\"showhide_toggle('2', 573, '- Wie schnell wird ein Ratenkredit ausbezahlt?', '+ Wie schnell wird ein Ratenkredit ausbezahlt?'); return false;\" aria-expanded=\"true\"><span id=\"2-toggle-573\">- Wie schnell wird ein Ratenkredit ausbezahlt?<\/span><\/a><\/div><div id=\"2-content-573\" class=\"sh-content 2-content sh-show\" style=\"display: block;\"><\/p>\n<p><img loading=\"lazy\" decoding=\"async\" class=\"alignright size-medium wp-image-803\" src=\"http:\/\/www.das-elena-verfahren.de\/kreditvergleich\/wp-content\/uploads\/schnell-300x199.jpg\" alt=\"Schnelle Auszahlung\" width=\"300\" height=\"199\" srcset=\"http:\/\/www.das-elena-verfahren.de\/kreditvergleich\/wp-content\/uploads\/schnell-300x199.jpg 300w, http:\/\/www.das-elena-verfahren.de\/kreditvergleich\/wp-content\/uploads\/schnell.jpg 426w\" sizes=\"auto, (max-width: 300px) 100vw, 300px\" \/>Ein Ratenkredit kann ausgezahlt werden, wenn der unterschriebene Kreditantrag sowie die Identifizierung nach Geldw\u00e4schegesetz bei der Bank vorliegen. Das wiederum kann erst erfolgen, nachdem alle relevanten Angaben<\/p>\n<ul>\n<li>zum Einkommen,<\/li>\n<li>zu laufenden Verbindlichkeiten und<\/li>\n<li>vorhandenen Verm\u00f6genswerten sowie<\/li>\n<li>die SCHUFA-Auskunft und<\/li>\n<li>die Kopie des Personalausweises<\/li>\n<\/ul>\n<p>gepr\u00fcft wurden. Genehmigt die Bank Ihren Kredit, wird Sie Ihnen den Kreditvertrag sowie das Formular f\u00fcr das Post-Ident-Verfahren zusenden. Die Bearbeitungsdauer f\u00fcr einen Ratenkredit h\u00e4ngt also in erster Linie von der Bereitstellung der relevanten Unterlagen ab.<\/p>\n<p>Bei Selbstst\u00e4ndigen ist etwas mehr Aufwand erforderlich, als dies bei Arbeitnehmern und Angestellten der Fall ist. Reichen bei letzteren die Kopien der Lohn- und Gehaltsabrechnungen aus, wenn aus diesen der Beginn des Arbeits- oder Dienstverh\u00e4ltnisses vorgeht, m\u00fcssen Unternehmer, Selbstst\u00e4ndige und Freiberufler<\/p>\n<ul>\n<li>die Steuerbescheide der letzten Jahre,<\/li>\n<li>aktuelle betriebswirtschaftliche Auswertungen sowie<\/li>\n<li>Ertragsvorschauen f\u00fcr die n\u00e4chsten Jahre vorlegen.<\/li>\n<\/ul>\n<p>Bei gr\u00f6\u00dferen Investitionen sollte eine genaue Beschreibung des Gesch\u00e4ftsfeldes und der Verwendung der zu finanzierenden G\u00fcter beigef\u00fcgt werden, um der Bank die Beurteilung des Kreditausfallrisikos zu erm\u00f6glichen. Die Pr\u00fcfung der Kreditanfrage kann in diesem Fall etwas l\u00e4nger dauern.<\/div>\n<div id=\"3-link-573\" class=\"sh-link 3-link sh-show\"><a href=\"#\" onclick=\"showhide_toggle('3', 573, '- Kann ich einen Ratenkredit sondertilgen?', '+ Kann ich einen Ratenkredit sondertilgen?'); return false;\" aria-expanded=\"true\"><span id=\"3-toggle-573\">- Kann ich einen Ratenkredit sondertilgen?<\/span><\/a><\/div><div id=\"3-content-573\" class=\"sh-content 3-content sh-show\" style=\"display: block;\"><\/p>\n<p><img loading=\"lazy\" decoding=\"async\" class=\"alignright size-medium wp-image-804\" src=\"http:\/\/www.das-elena-verfahren.de\/kreditvergleich\/wp-content\/uploads\/sondertilgung-300x200.jpg\" alt=\"Sondertilgung\" width=\"300\" height=\"200\" srcset=\"http:\/\/www.das-elena-verfahren.de\/kreditvergleich\/wp-content\/uploads\/sondertilgung-300x200.jpg 300w, http:\/\/www.das-elena-verfahren.de\/kreditvergleich\/wp-content\/uploads\/sondertilgung.jpg 424w\" sizes=\"auto, (max-width: 300px) 100vw, 300px\" \/>Ein Verbraucher- oder Anschaffungskredit, der von einer Privatperson nach dem 11.6.2010 abgeschlossen wurde, kann grunds\u00e4tzlich jederzeit teilweise oder ganz getilgt werden. Allerdings k\u00f6nnen in diesen F\u00e4llen Anspr\u00fcche auf Vorf\u00e4lligkeitsentsch\u00e4digungen entstehen, die die Bank wegen der ausfallenden Zinseinnahmen geltend machen k\u00f6nnen. Die H\u00f6he ist abh\u00e4ngig von der Restlaufzeit:<\/p>\n<ul>\n<li>L\u00e4uft der Kredit l\u00e4nger als 12 Monate, darf die Bank maximal ein Prozent der noch offenen Kreditsumme verlangen.<\/li>\n<li>Bei weniger als 12 Monaten Restlaufzeit darf die Vorf\u00e4lligkeitsentsch\u00e4digung 0,5 Prozent der restlichen Summe nicht \u00fcberschreiten.<\/li>\n<\/ul>\n<p>Allerdings sind dies die gesetzlich fixierten Obergrenzen, verbindlich sind die vertraglichen Vereinbarungen, die Sie mit der finanzierenden Bank getroffen haben. Bei \u00e4lteren Kreditvertr\u00e4gen konnte nach einer Mindestlaufzeit von sechs Monaten mit einer Frist von drei Monaten gek\u00fcndigt und jederzeit sondergetilgt werden. Sollten Sie sich unsicher sein, nehmen Sie am besten Kontakt mit der Bank auf und lassen sich zu diesem Thema beraten.<\/div>\n<div id=\"4-link-573\" class=\"sh-link 4-link sh-show\"><a href=\"#\" onclick=\"showhide_toggle('4', 573, '- Wird meine SCHUFA-Bonit\u00e4t beim Ratenkredit gepr\u00fcft?', '+ Wird meine SCHUFA-Bonit\u00e4t beim Ratenkredit gepr\u00fcft?'); return false;\" aria-expanded=\"true\"><span id=\"4-toggle-573\">- Wird meine SCHUFA-Bonit\u00e4t beim Ratenkredit gepr\u00fcft?<\/span><\/a><\/div><div id=\"4-content-573\" class=\"sh-content 4-content sh-show\" style=\"display: block;\"><\/p>\n<p><img loading=\"lazy\" decoding=\"async\" class=\"alignright size-medium wp-image-805\" src=\"http:\/\/www.das-elena-verfahren.de\/kreditvergleich\/wp-content\/uploads\/schufa-300x89.png\" alt=\"Die Schufa\" width=\"300\" height=\"89\" srcset=\"http:\/\/www.das-elena-verfahren.de\/kreditvergleich\/wp-content\/uploads\/schufa-300x89.png 300w, http:\/\/www.das-elena-verfahren.de\/kreditvergleich\/wp-content\/uploads\/schufa.png 744w\" sizes=\"auto, (max-width: 300px) 100vw, 300px\" \/>Bei jeder deutschen Bank wird obligatorisch eine SCHUFA-Auskunft oder die einer anderen Wirtschaftsauskunftei, wie zum Beispiel Creditreform, eingeholt. Diese Regelung soll der Bank die M\u00f6glichkeit er\u00f6ffnen, anhand der dort gespeicherten Daten und Informationen R\u00fcckschl\u00fcsse auf das Kreditausfallrisiko zu ziehen. Gab es beispielsweise innerhalb der letzten drei Jahre bereits Mahnverfahren mit Vollstreckungsma\u00dfnahmen, die aktenkundig gemacht wurden, oder wurden Kredite von anderen Banken gek\u00fcndigt, wird kein deutsches Finanzinstitut einen neuen Kredit ausgeben. Diese Eintragungen m\u00fcssen allerdings gel\u00f6scht werden, wenn drei Jahre seit der Erledigung des Vorganges vergangen sind. Nicht immer geschieht dies automatisch, eine regelm\u00e4\u00dfige \u00dcberpr\u00fcfung Ihrer pers\u00f6nlichen Daten empfiehlt sich daher. Nutzen Sie dazu die kostenlose Selbstauskunft, die Sie einmal pro Jahr beantragen k\u00f6nnen.<\/p>\n<p>Ausl\u00e4ndische Banken oder Finanzinstitute wiederum verzichten teilweise auf die SCHUFA-Abfrage und pr\u00fcfen daher Ihre Einkommensverh\u00e4ltnisse akribisch. Abh\u00e4ngig vom Finanzierungsvorhaben k\u00f6nnen diese Anbieter Wert auf zus\u00e4tzliche Sicherheiten, wie beispielsweise einen zweiten Kreditnehmer mit sicherem und ausreichendem Einkommen, legen. Erfahrungsgem\u00e4\u00df sind die Konditionen f\u00fcr diese Kredite um einiges schlechter, als dies bei regul\u00e4ren Finanzierungen mit SCHUFA-Anfrage der Fall ist. Allerdings sind nicht alle Offerten f\u00fcr SCHUFA-freie Kredite seri\u00f6s, vor allem wenn schon im Vorfeld Geb\u00fchren f\u00fcr die Pr\u00fcfung der Kreditanfrage erhoben werden, sollten Sie Abstand nehmen.<\/p>\n<p>Eine weitere Alternative sind Kredite von Privat, die \u00fcber spezielle Plattformen angeboten werden. Hier investieren private Personen oder auch Unternehmen Kapital entweder direkt in ein Finanzierungsvorhaben oder in einen Fonds, aus dem dann Ratenkredite vergeben werden. Aber auch diese Anbieter m\u00fcssen auf die gr\u00f6\u00dftm\u00f6glichen Sicherheiten f\u00fcr ihre Investments achten. Je weniger Sie bieten k\u00f6nnen, desto teurer wird ein solcher Kredit. F\u00fcr die Entscheidung kommt es also darauf an, dass Sie Ihren Finanzierungsbedarf, die Verwendung und nat\u00fcrlich die R\u00fcckf\u00fchrung der Kreditraten so plausibel wie m\u00f6glich darstellen.<\/div>\n<p>Weiterf\u00fchrende Informationen:<\/p>\n<ul>\n<li><a href=\"http:\/\/www.kreditvergleich-kostenlos.net\/\" target=\"_blank\">www.kreditvergleich-kostenlos.net<\/a><\/li>\n<\/ul>\n","protected":false},"excerpt":{"rendered":"<p>Der Ratenkredit ist die g\u00e4ngigste Form der von Banken ausgereichten Verbraucher- oder Anschaffungskredite. Wesentliche Merkmale sind die im Vorfeld f\u00fcr die gesamte Laufzeit festgelegten Monatsraten, die jeweils Zins, Tilgung und alle anfallenden Kosten enthalten. Anwendung findet diese standardisierte Form der Finanzierung sowohl im privaten als auch im gewerblichen Bereich. So k\u00f6nnen Privatpersonen von Klein- \u00fcber [&hellip;]<\/p>\n","protected":false},"author":2,"featured_media":0,"parent":0,"menu_order":0,"comment_status":"open","ping_status":"closed","template":"","meta":{"_acf_changed":false,"footnotes":""},"class_list":["post-573","page","type-page","status-publish","hentry"],"acf":[],"yoast_head":"<!-- This site is optimized with the Yoast SEO plugin v24.6 - https:\/\/yoast.com\/wordpress\/plugins\/seo\/ -->\n<title>Ratenkredit Vergleich \u25b7 Niedrige Zinsen f\u00fcr Ihren Kredit<\/title>\n<meta name=\"description\" content=\"Ratenkredit Vergleich kostenlos \u2713 viele Banken im kostenlosen Zinsvergleich \u2713 100% unabh\u00e4ngig \u2713 Nur wenige Angaben notwendig\" \/>\n<meta name=\"robots\" content=\"index, follow, max-snippet:-1, max-image-preview:large, max-video-preview:-1\" \/>\n<link rel=\"canonical\" href=\"https:\/\/www.kredit-vergleich24.com\/ratenkredit\/\" \/>\n<meta name=\"twitter:label1\" content=\"Gesch\u00e4tzte Lesezeit\" \/>\n\t<meta name=\"twitter:data1\" content=\"9\u00a0Minuten\" \/>\n<script type=\"application\/ld+json\" class=\"yoast-schema-graph\">{\"@context\":\"https:\/\/schema.org\",\"@graph\":[{\"@type\":\"WebPage\",\"@id\":\"http:\/\/www.das-elena-verfahren.de\/kreditvergleich\/ratenkredit\/\",\"url\":\"https:\/\/www.kredit-vergleich24.com\/ratenkredit\/\",\"name\":\"Ratenkredit Vergleich \u25b7 Niedrige Zinsen f\u00fcr Ihren Kredit\",\"isPartOf\":{\"@id\":\"http:\/\/www.das-elena-verfahren.de\/kreditvergleich\/#website\"},\"primaryImageOfPage\":{\"@id\":\"https:\/\/www.kredit-vergleich24.com\/ratenkredit\/#primaryimage\"},\"image\":{\"@id\":\"https:\/\/www.kredit-vergleich24.com\/ratenkredit\/#primaryimage\"},\"thumbnailUrl\":\"http:\/\/www.das-elena-verfahren.de\/kreditvergleich\/wp-content\/uploads\/ratenkredit-300x200.jpg\",\"datePublished\":\"2014-12-21T14:01:05+00:00\",\"dateModified\":\"2017-09-11T17:30:40+00:00\",\"description\":\"Ratenkredit Vergleich kostenlos \u2713 viele Banken im kostenlosen Zinsvergleich \u2713 100% unabh\u00e4ngig \u2713 Nur wenige Angaben notwendig\",\"breadcrumb\":{\"@id\":\"https:\/\/www.kredit-vergleich24.com\/ratenkredit\/#breadcrumb\"},\"inLanguage\":\"de\",\"potentialAction\":[{\"@type\":\"ReadAction\",\"target\":[\"https:\/\/www.kredit-vergleich24.com\/ratenkredit\/\"]}]},{\"@type\":\"ImageObject\",\"inLanguage\":\"de\",\"@id\":\"https:\/\/www.kredit-vergleich24.com\/ratenkredit\/#primaryimage\",\"url\":\"http:\/\/www.das-elena-verfahren.de\/kreditvergleich\/wp-content\/uploads\/ratenkredit.jpg\",\"contentUrl\":\"http:\/\/www.das-elena-verfahren.de\/kreditvergleich\/wp-content\/uploads\/ratenkredit.jpg\",\"width\":424,\"height\":283,\"caption\":\"Ratenkredit berechnen\"},{\"@type\":\"BreadcrumbList\",\"@id\":\"https:\/\/www.kredit-vergleich24.com\/ratenkredit\/#breadcrumb\",\"itemListElement\":[{\"@type\":\"ListItem\",\"position\":1,\"name\":\"Startseite\",\"item\":\"http:\/\/www.das-elena-verfahren.de\/kreditvergleich\/\"},{\"@type\":\"ListItem\",\"position\":2,\"name\":\"Ratenkredit Vergleich &#8211; der Allrounder\"}]},{\"@type\":\"WebSite\",\"@id\":\"http:\/\/www.das-elena-verfahren.de\/kreditvergleich\/#website\",\"url\":\"http:\/\/www.das-elena-verfahren.de\/kreditvergleich\/\",\"name\":\"Kredit-Vergleich24.com\",\"description\":\"Kreditvergleich kostenlos\",\"potentialAction\":[{\"@type\":\"SearchAction\",\"target\":{\"@type\":\"EntryPoint\",\"urlTemplate\":\"http:\/\/www.das-elena-verfahren.de\/kreditvergleich\/?s={search_term_string}\"},\"query-input\":{\"@type\":\"PropertyValueSpecification\",\"valueRequired\":true,\"valueName\":\"search_term_string\"}}],\"inLanguage\":\"de\"}]}<\/script>\n<!-- \/ Yoast SEO plugin. -->","yoast_head_json":{"title":"Ratenkredit Vergleich \u25b7 Niedrige Zinsen f\u00fcr Ihren Kredit","description":"Ratenkredit Vergleich kostenlos \u2713 viele Banken im kostenlosen Zinsvergleich \u2713 100% unabh\u00e4ngig \u2713 Nur wenige Angaben notwendig","robots":{"index":"index","follow":"follow","max-snippet":"max-snippet:-1","max-image-preview":"max-image-preview:large","max-video-preview":"max-video-preview:-1"},"canonical":"https:\/\/www.kredit-vergleich24.com\/ratenkredit\/","twitter_misc":{"Gesch\u00e4tzte Lesezeit":"9\u00a0Minuten"},"schema":{"@context":"https:\/\/schema.org","@graph":[{"@type":"WebPage","@id":"http:\/\/www.das-elena-verfahren.de\/kreditvergleich\/ratenkredit\/","url":"https:\/\/www.kredit-vergleich24.com\/ratenkredit\/","name":"Ratenkredit Vergleich \u25b7 Niedrige Zinsen f\u00fcr Ihren Kredit","isPartOf":{"@id":"http:\/\/www.das-elena-verfahren.de\/kreditvergleich\/#website"},"primaryImageOfPage":{"@id":"https:\/\/www.kredit-vergleich24.com\/ratenkredit\/#primaryimage"},"image":{"@id":"https:\/\/www.kredit-vergleich24.com\/ratenkredit\/#primaryimage"},"thumbnailUrl":"http:\/\/www.das-elena-verfahren.de\/kreditvergleich\/wp-content\/uploads\/ratenkredit-300x200.jpg","datePublished":"2014-12-21T14:01:05+00:00","dateModified":"2017-09-11T17:30:40+00:00","description":"Ratenkredit Vergleich kostenlos \u2713 viele Banken im kostenlosen Zinsvergleich \u2713 100% unabh\u00e4ngig \u2713 Nur wenige Angaben notwendig","breadcrumb":{"@id":"https:\/\/www.kredit-vergleich24.com\/ratenkredit\/#breadcrumb"},"inLanguage":"de","potentialAction":[{"@type":"ReadAction","target":["https:\/\/www.kredit-vergleich24.com\/ratenkredit\/"]}]},{"@type":"ImageObject","inLanguage":"de","@id":"https:\/\/www.kredit-vergleich24.com\/ratenkredit\/#primaryimage","url":"http:\/\/www.das-elena-verfahren.de\/kreditvergleich\/wp-content\/uploads\/ratenkredit.jpg","contentUrl":"http:\/\/www.das-elena-verfahren.de\/kreditvergleich\/wp-content\/uploads\/ratenkredit.jpg","width":424,"height":283,"caption":"Ratenkredit berechnen"},{"@type":"BreadcrumbList","@id":"https:\/\/www.kredit-vergleich24.com\/ratenkredit\/#breadcrumb","itemListElement":[{"@type":"ListItem","position":1,"name":"Startseite","item":"http:\/\/www.das-elena-verfahren.de\/kreditvergleich\/"},{"@type":"ListItem","position":2,"name":"Ratenkredit Vergleich &#8211; der Allrounder"}]},{"@type":"WebSite","@id":"http:\/\/www.das-elena-verfahren.de\/kreditvergleich\/#website","url":"http:\/\/www.das-elena-verfahren.de\/kreditvergleich\/","name":"Kredit-Vergleich24.com","description":"Kreditvergleich kostenlos","potentialAction":[{"@type":"SearchAction","target":{"@type":"EntryPoint","urlTemplate":"http:\/\/www.das-elena-verfahren.de\/kreditvergleich\/?s={search_term_string}"},"query-input":{"@type":"PropertyValueSpecification","valueRequired":true,"valueName":"search_term_string"}}],"inLanguage":"de"}]}},"_links":{"self":[{"href":"http:\/\/www.das-elena-verfahren.de\/kreditvergleich\/wp-json\/wp\/v2\/pages\/573","targetHints":{"allow":["GET"]}}],"collection":[{"href":"http:\/\/www.das-elena-verfahren.de\/kreditvergleich\/wp-json\/wp\/v2\/pages"}],"about":[{"href":"http:\/\/www.das-elena-verfahren.de\/kreditvergleich\/wp-json\/wp\/v2\/types\/page"}],"author":[{"embeddable":true,"href":"http:\/\/www.das-elena-verfahren.de\/kreditvergleich\/wp-json\/wp\/v2\/users\/2"}],"replies":[{"embeddable":true,"href":"http:\/\/www.das-elena-verfahren.de\/kreditvergleich\/wp-json\/wp\/v2\/comments?post=573"}],"version-history":[{"count":0,"href":"http:\/\/www.das-elena-verfahren.de\/kreditvergleich\/wp-json\/wp\/v2\/pages\/573\/revisions"}],"wp:attachment":[{"href":"http:\/\/www.das-elena-verfahren.de\/kreditvergleich\/wp-json\/wp\/v2\/media?parent=573"}],"curies":[{"name":"wp","href":"https:\/\/api.w.org\/{rel}","templated":true}]}}